{"id":1707,"date":"2022-04-06T22:38:57","date_gmt":"2022-04-06T22:38:57","guid":{"rendered":"https:\/\/ghschile.cl\/?post_type=product&#038;p=1707"},"modified":"2026-01-06T19:19:14","modified_gmt":"2026-01-06T19:19:14","slug":"teja-prepintada-tolten-negro-1153-x-2040","status":"publish","type":"product","link":"https:\/\/ghschile.cl\/index.php\/producto\/teja-prepintada-tolten-negro-1153-x-2040\/","title":{"rendered":"Teja Cont\u00ednua Prepintada Tolt\u00e9n Negro 1153 x 2040"},"content":{"rendered":"<p>[et_pb_section fb_built=\u00bb1&#8243; _builder_version=\u00bb4.16&#8243; custom_padding=\u00bb0px||4px||false|false\u00bb global_colors_info=\u00bb{}\u00bb][et_pb_row _builder_version=\u00bb4.16&#8243; background_size=\u00bbinitial\u00bb background_position=\u00bbtop_left\u00bb background_repeat=\u00bbrepeat\u00bb custom_padding=\u00bb8px||0px||false|false\u00bb global_colors_info=\u00bb{}\u00bb][et_pb_column type=\u00bb4_4&#8243; _builder_version=\u00bb4.16&#8243; custom_padding=\u00bb|||\u00bb global_colors_info=\u00bb{}\u00bb custom_padding__hover=\u00bb|||\u00bb][et_pb_wc_breadcrumb _builder_version=\u00bb4.16&#8243; body_font=\u00bbMontserrat|||on|||||\u00bb body_text_color=\u00bb#000000&#8243; custom_margin=\u00bb||32px|||\u00bb global_colors_info=\u00bb{}\u00bb][\/et_pb_wc_breadcrumb][\/et_pb_column][\/et_pb_row][et_pb_row column_structure=\u00bb1_2,1_2&#8243; _builder_version=\u00bb4.16&#8243; background_size=\u00bbinitial\u00bb background_position=\u00bbtop_left\u00bb background_repeat=\u00bbrepeat\u00bb max_width=\u00bb80%\u00bb custom_padding=\u00bb0px||||false|false\u00bb global_colors_info=\u00bb{}\u00bb][et_pb_column type=\u00bb1_2&#8243; _builder_version=\u00bb4.16&#8243; custom_padding=\u00bb|||\u00bb global_colors_info=\u00bb{}\u00bb custom_padding__hover=\u00bb|||\u00bb][et_pb_wc_images _builder_version=\u00bb4.16&#8243; border_width_all_image=\u00bb1px\u00bb global_colors_info=\u00bb{}\u00bb][\/et_pb_wc_images][\/et_pb_column][et_pb_column type=\u00bb1_2&#8243; _builder_version=\u00bb4.16&#8243; custom_padding=\u00bb|||\u00bb global_colors_info=\u00bb{}\u00bb custom_padding__hover=\u00bb|||\u00bb][et_pb_wc_title _builder_version=\u00bb4.16&#8243; header_font=\u00bbMontserrat|800||on|||||\u00bb header_text_color=\u00bb#A84C1E\u00bb header_font_size=\u00bb19px\u00bb global_colors_info=\u00bb{}\u00bb][\/et_pb_wc_title][et_pb_wc_meta show_categories=\u00bboff\u00bb show_tags=\u00bboff\u00bb _builder_version=\u00bb4.16&#8243; custom_margin=\u00bb-4px|||||\u00bb global_colors_info=\u00bb{}\u00bb][\/et_pb_wc_meta][et_pb_wc_rating _builder_version=\u00bb4.16&#8243; global_colors_info=\u00bb{}\u00bb][\/et_pb_wc_rating][et_pb_wc_price _builder_version=\u00bb4.16&#8243; body_font=\u00bbMontserrat|700|||||||\u00bb body_text_color=\u00bb#FFFFFF\u00bb body_font_size=\u00bb24px\u00bb background_color=\u00bb#A84C1E\u00bb width=\u00bb28%\u00bb max_width=\u00bb28%\u00bb custom_margin=\u00bb||||false|false\u00bb custom_padding=\u00bb4px||4px|8px|true|false\u00bb box_shadow_style=\u00bbpreset3&#8243; global_colors_info=\u00bb{}\u00bb][\/et_pb_wc_price][et_pb_wc_add_to_cart _builder_version=\u00bb4.16&#8243; fields_background_color=\u00bb#aaaaaa\u00bb fields_text_color=\u00bb#FFFFFF\u00bb fields_custom_margin=\u00bb||||false|false\u00bb fields_custom_padding=\u00bb||||false|false\u00bb field_label_font=\u00bbMontserrat|600||on|||||\u00bb field_label_text_color=\u00bb#A84C1E\u00bb fields_font=\u00bbMontserrat|700|||||||\u00bb fields_font_size=\u00bb16px\u00bb custom_button=\u00bbon\u00bb button_text_size=\u00bb15px\u00bb button_text_color=\u00bb#A84C1E\u00bb button_border_width=\u00bb1px\u00bb button_border_radius=\u00bb0px\u00bb button_font=\u00bbMontserrat|||on|||||\u00bb border_radii_fields=\u00bbon|0px|0px|0px|0px\u00bb box_shadow_style_button=\u00bbpreset3&#8243; body_font=\u00bbMontserrat|600||on|||||\u00bb body_text_color=\u00bb#A84C1E\u00bb global_colors_info=\u00bb{}\u00bb][\/et_pb_wc_add_to_cart][et_pb_text _builder_version=\u00bb4.16&#8243; _module_preset=\u00bbdefault\u00bb text_font=\u00bbMontserrat|||on|||||\u00bb text_font_size=\u00bb16px\u00bb custom_margin=\u00bb||17px|||\u00bb global_colors_info=\u00bb{}\u00bb]Caracter\u00edsticas[\/et_pb_text][et_pb_wc_description _builder_version=\u00bb4.16&#8243; custom_margin=\u00bb-7px|||||\u00bb global_colors_info=\u00bb{}\u00bb][\/et_pb_wc_description][\/et_pb_column][\/et_pb_row][et_pb_row _builder_version=\u00bb4.16&#8243; background_size=\u00bbinitial\u00bb background_position=\u00bbtop_left\u00bb background_repeat=\u00bbrepeat\u00bb max_width=\u00bb80%\u00bb global_colors_info=\u00bb{}\u00bb][et_pb_column type=\u00bb4_4&#8243; _builder_version=\u00bb4.16&#8243; custom_padding=\u00bb|||\u00bb global_colors_info=\u00bb{}\u00bb custom_padding__hover=\u00bb|||\u00bb][et_pb_wc_cart_notice _builder_version=\u00bb4.16&#8243; title_font=\u00bbMontserrat|||on|||||\u00bb title_font_size=\u00bb15px\u00bb background_color=\u00bb#A84C1E\u00bb custom_button=\u00bbon\u00bb button_text_size=\u00bb16px\u00bb button_text_color=\u00bb#000000&#8243; button_bg_color=\u00bb#FFFFFF\u00bb button_border_color=\u00bb#FFFFFF\u00bb button_border_radius=\u00bb0px\u00bb button_font=\u00bbMontserrat||||||||\u00bb animation_style=\u00bbfade\u00bb body_font=\u00bbMontserrat|||on|||||\u00bb body_font_size=\u00bb15px\u00bb global_colors_info=\u00bb{}\u00bb][\/et_pb_wc_cart_notice][et_pb_wc_tabs active_tab_background_color=\u00bb#A84C32&#8243; inactive_tab_background_color=\u00bb#969696&#8243; active_tab_text_color=\u00bb#FFFFFF\u00bb _builder_version=\u00bb4.16&#8243; tab_text_color=\u00bb#FFFFFF\u00bb body_font=\u00bbMontserrat|300|||||||\u00bb body_text_align=\u00bbleft\u00bb tab_font=\u00bbMontserrat|||on|||||\u00bb tab_font_size=\u00bb12px\u00bb tab_letter_spacing=\u00bb1px\u00bb animation_style=\u00bbfade\u00bb global_colors_info=\u00bb{}\u00bb] [\/et_pb_wc_tabs][et_pb_wc_upsells _builder_version=\u00bb4.16&#8243; global_colors_info=\u00bb{}\u00bb][\/et_pb_wc_upsells][\/et_pb_column][\/et_pb_row][\/et_pb_section][et_pb_section fb_built=\u00bb1&#8243; _builder_version=\u00bb4.16&#8243; _module_preset=\u00bbdefault\u00bb custom_padding=\u00bb10px|||||\u00bb global_colors_info=\u00bb{}\u00bb][et_pb_row _builder_version=\u00bb4.16&#8243; _module_preset=\u00bbdefault\u00bb border_width_top=\u00bb1px\u00bb border_color_top=\u00bb#b7b7b7&#8243; global_colors_info=\u00bb{}\u00bb][et_pb_column type=\u00bb4_4&#8243; _builder_version=\u00bb4.16&#8243; _module_preset=\u00bbdefault\u00bb global_colors_info=\u00bb{}\u00bb][et_pb_wc_related_products _builder_version=\u00bb4.16&#8243; product_title_font=\u00bbMontserrat|300||on|||||\u00bb product_title_font_size=\u00bb16px\u00bb price_font=\u00bbMontserrat|700|||||||\u00bb price_font_size=\u00bb18px\u00bb border_width_all_image=\u00bb1px\u00bb border_color_all_image=\u00bb#b5b5b5&#8243; global_colors_info=\u00bb{}\u00bb][\/et_pb_wc_related_products][\/et_pb_column][\/et_pb_row][\/et_pb_section]<\/p>\n","protected":false},"excerpt":{"rendered":"<p>Medidas: 0,40 x 1153 x 2040<br \/>\nPrecio con IVA<br \/>\n<strong><em>ENTREGA 10 D\u00cdAS UNA VEZ REALIZADA LA COMPRA EN L\u00cdNEA.<\/em><\/strong><\/p>\n<p><strong>Descargue FICHA T\u00c9CNICA<br \/>\n<\/strong><br \/>\n<a href=\"https:\/\/ghschile.cl\/wp-content\/uploads\/2024\/08\/ficha-tenica-teja-continua-Tolten-ghschile.pdf\"><img loading=\"lazy\" decoding=\"async\" class=\"alignnone wp-image-274\" src=\"https:\/\/ghschile.cl\/wp-content\/uploads\/2020\/08\/1200px-PDF_file_icon.svg_-244x300.png\" alt=\"\" width=\"61\" height=\"75\" \/><\/a><\/p>\n","protected":false},"featured_media":2671,"comment_status":"closed","ping_status":"closed","template":"","meta":{"_et_pb_use_builder":"on","_et_pb_old_content":"Teja continua Tolt\u00e9n est\u00e1 constituida por seis suaves valles curvos, su sistema de traslapo lateral ofrece seguridad y estanqueidad.","_et_gb_content_width":""},"product_brand":[],"product_cat":[40,47],"product_tag":[],"class_list":{"0":"post-1707","1":"product","2":"type-product","3":"status-publish","4":"has-post-thumbnail","6":"product_cat-continuas-prepintadas","7":"product_cat-tolten-2040","9":"first","10":"instock","11":"sale","12":"shipping-taxable","13":"purchasable","14":"product-type-simple"},"yoast_head":"<!-- This site is optimized with the Yoast SEO plugin v27.0 - https:\/\/yoast.com\/product\/yoast-seo-wordpress\/ -->\n<title>Teja Cont\u00ednua Prepintada Tolt\u00e9n Negro - GHS Chile tejas cont\u00ednuas<\/title>\n<meta name=\"description\" content=\"Tejas Cont\u00ednuas Prepintadas, color negro, consulte por nuestras tejas gravilladas, tejas prepintadas y asf\u00e1lticas. Somos GHS Chile.\" \/>\n<meta name=\"robots\" content=\"index, follow, max-snippet:-1, max-image-preview:large, max-video-preview:-1\" \/>\n<link rel=\"canonical\" href=\"https:\/\/ghschile.cl\/index.php\/producto\/teja-prepintada-tolten-negro-1153-x-2040\/\" \/>\n<meta property=\"og:locale\" content=\"es_ES\" \/>\n<meta property=\"og:type\" content=\"article\" \/>\n<meta property=\"og:title\" content=\"Teja Cont\u00ednua Prepintada Tolt\u00e9n Negro - GHS Chile tejas cont\u00ednuas\" \/>\n<meta property=\"og:description\" content=\"Tejas Cont\u00ednuas Prepintadas, color negro, consulte por nuestras tejas gravilladas, tejas prepintadas y asf\u00e1lticas. Somos GHS Chile.\" \/>\n<meta property=\"og:url\" content=\"https:\/\/ghschile.cl\/index.php\/producto\/teja-prepintada-tolten-negro-1153-x-2040\/\" \/>\n<meta property=\"og:site_name\" content=\"GHS CHILE\" \/>\n<meta property=\"article:modified_time\" content=\"2026-01-06T19:19:14+00:00\" \/>\n<meta property=\"og:image\" content=\"https:\/\/ghschile.cl\/wp-content\/uploads\/2022\/04\/tolten-negro-teja-prepintada.png\" \/>\n\t<meta property=\"og:image:width\" content=\"626\" \/>\n\t<meta property=\"og:image:height\" content=\"418\" \/>\n\t<meta property=\"og:image:type\" content=\"image\/png\" \/>\n<meta name=\"twitter:card\" content=\"summary_large_image\" \/>\n<meta name=\"twitter:label1\" content=\"Tiempo de lectura\" \/>\n\t<meta name=\"twitter:data1\" content=\"1 minuto\" \/>\n<script type=\"application\/ld+json\" class=\"yoast-schema-graph\">{\"@context\":\"https:\/\/schema.org\",\"@graph\":[{\"@type\":\"WebPage\",\"@id\":\"https:\/\/ghschile.cl\/index.php\/producto\/teja-prepintada-tolten-negro-1153-x-2040\/\",\"url\":\"https:\/\/ghschile.cl\/index.php\/producto\/teja-prepintada-tolten-negro-1153-x-2040\/\",\"name\":\"Teja Cont\u00ednua Prepintada Tolt\u00e9n Negro - GHS Chile tejas cont\u00ednuas\",\"isPartOf\":{\"@id\":\"https:\/\/ghschile.cl\/#website\"},\"primaryImageOfPage\":{\"@id\":\"https:\/\/ghschile.cl\/index.php\/producto\/teja-prepintada-tolten-negro-1153-x-2040\/#primaryimage\"},\"image\":{\"@id\":\"https:\/\/ghschile.cl\/index.php\/producto\/teja-prepintada-tolten-negro-1153-x-2040\/#primaryimage\"},\"thumbnailUrl\":\"https:\/\/ghschile.cl\/wp-content\/uploads\/2022\/04\/tolten-negro-teja-prepintada.png\",\"datePublished\":\"2022-04-06T22:38:57+00:00\",\"dateModified\":\"2026-01-06T19:19:14+00:00\",\"description\":\"Tejas Cont\u00ednuas Prepintadas, color negro, consulte por nuestras tejas gravilladas, tejas prepintadas y asf\u00e1lticas. Somos GHS Chile.\",\"breadcrumb\":{\"@id\":\"https:\/\/ghschile.cl\/index.php\/producto\/teja-prepintada-tolten-negro-1153-x-2040\/#breadcrumb\"},\"inLanguage\":\"es\",\"potentialAction\":[{\"@type\":\"ReadAction\",\"target\":[\"https:\/\/ghschile.cl\/index.php\/producto\/teja-prepintada-tolten-negro-1153-x-2040\/\"]}]},{\"@type\":\"ImageObject\",\"inLanguage\":\"es\",\"@id\":\"https:\/\/ghschile.cl\/index.php\/producto\/teja-prepintada-tolten-negro-1153-x-2040\/#primaryimage\",\"url\":\"https:\/\/ghschile.cl\/wp-content\/uploads\/2022\/04\/tolten-negro-teja-prepintada.png\",\"contentUrl\":\"https:\/\/ghschile.cl\/wp-content\/uploads\/2022\/04\/tolten-negro-teja-prepintada.png\",\"width\":626,\"height\":418,\"caption\":\"ghs tejas prepintadas largos cont\u00ednuos\"},{\"@type\":\"BreadcrumbList\",\"@id\":\"https:\/\/ghschile.cl\/index.php\/producto\/teja-prepintada-tolten-negro-1153-x-2040\/#breadcrumb\",\"itemListElement\":[{\"@type\":\"ListItem\",\"position\":1,\"name\":\"Portada\",\"item\":\"https:\/\/ghschile.cl\/\"},{\"@type\":\"ListItem\",\"position\":2,\"name\":\"Tienda en L\u00ednea\",\"item\":\"https:\/\/ghschile.cl\/\"},{\"@type\":\"ListItem\",\"position\":3,\"name\":\"Teja Cont\u00ednua Prepintada Tolt\u00e9n Negro 1153 x 2040\"}]},{\"@type\":\"WebSite\",\"@id\":\"https:\/\/ghschile.cl\/#website\",\"url\":\"https:\/\/ghschile.cl\/\",\"name\":\"GHS CHILE\",\"description\":\"Techos y Revestimientos\",\"publisher\":{\"@id\":\"https:\/\/ghschile.cl\/#organization\"},\"potentialAction\":[{\"@type\":\"SearchAction\",\"target\":{\"@type\":\"EntryPoint\",\"urlTemplate\":\"https:\/\/ghschile.cl\/?s={search_term_string}\"},\"query-input\":{\"@type\":\"PropertyValueSpecification\",\"valueRequired\":true,\"valueName\":\"search_term_string\"}}],\"inLanguage\":\"es\"},{\"@type\":\"Organization\",\"@id\":\"https:\/\/ghschile.cl\/#organization\",\"name\":\"GHS CHILE\",\"alternateName\":\"GHSCHILE techos\",\"url\":\"https:\/\/ghschile.cl\/\",\"logo\":{\"@type\":\"ImageObject\",\"inLanguage\":\"es\",\"@id\":\"https:\/\/ghschile.cl\/#\/schema\/logo\/image\/\",\"url\":\"https:\/\/ghschile.cl\/wp-content\/uploads\/2022\/06\/logo-ghs.png\",\"contentUrl\":\"https:\/\/ghschile.cl\/wp-content\/uploads\/2022\/06\/logo-ghs.png\",\"width\":500,\"height\":500,\"caption\":\"GHS CHILE\"},\"image\":{\"@id\":\"https:\/\/ghschile.cl\/#\/schema\/logo\/image\/\"}}]}<\/script>\n<!-- \/ Yoast SEO plugin. -->","yoast_head_json":{"title":"Teja Cont\u00ednua Prepintada Tolt\u00e9n Negro - GHS Chile tejas cont\u00ednuas","description":"Tejas Cont\u00ednuas Prepintadas, color negro, consulte por nuestras tejas gravilladas, tejas prepintadas y asf\u00e1lticas. Somos GHS Chile.","robots":{"index":"index","follow":"follow","max-snippet":"max-snippet:-1","max-image-preview":"max-image-preview:large","max-video-preview":"max-video-preview:-1"},"canonical":"https:\/\/ghschile.cl\/index.php\/producto\/teja-prepintada-tolten-negro-1153-x-2040\/","og_locale":"es_ES","og_type":"article","og_title":"Teja Cont\u00ednua Prepintada Tolt\u00e9n Negro - GHS Chile tejas cont\u00ednuas","og_description":"Tejas Cont\u00ednuas Prepintadas, color negro, consulte por nuestras tejas gravilladas, tejas prepintadas y asf\u00e1lticas. Somos GHS Chile.","og_url":"https:\/\/ghschile.cl\/index.php\/producto\/teja-prepintada-tolten-negro-1153-x-2040\/","og_site_name":"GHS CHILE","article_modified_time":"2026-01-06T19:19:14+00:00","og_image":[{"width":626,"height":418,"url":"https:\/\/ghschile.cl\/wp-content\/uploads\/2022\/04\/tolten-negro-teja-prepintada.png","type":"image\/png"}],"twitter_card":"summary_large_image","twitter_misc":{"Tiempo de lectura":"1 minuto"},"schema":{"@context":"https:\/\/schema.org","@graph":[{"@type":"WebPage","@id":"https:\/\/ghschile.cl\/index.php\/producto\/teja-prepintada-tolten-negro-1153-x-2040\/","url":"https:\/\/ghschile.cl\/index.php\/producto\/teja-prepintada-tolten-negro-1153-x-2040\/","name":"Teja Cont\u00ednua Prepintada Tolt\u00e9n Negro - GHS Chile tejas cont\u00ednuas","isPartOf":{"@id":"https:\/\/ghschile.cl\/#website"},"primaryImageOfPage":{"@id":"https:\/\/ghschile.cl\/index.php\/producto\/teja-prepintada-tolten-negro-1153-x-2040\/#primaryimage"},"image":{"@id":"https:\/\/ghschile.cl\/index.php\/producto\/teja-prepintada-tolten-negro-1153-x-2040\/#primaryimage"},"thumbnailUrl":"https:\/\/ghschile.cl\/wp-content\/uploads\/2022\/04\/tolten-negro-teja-prepintada.png","datePublished":"2022-04-06T22:38:57+00:00","dateModified":"2026-01-06T19:19:14+00:00","description":"Tejas Cont\u00ednuas Prepintadas, color negro, consulte por nuestras tejas gravilladas, tejas prepintadas y asf\u00e1lticas. Somos GHS Chile.","breadcrumb":{"@id":"https:\/\/ghschile.cl\/index.php\/producto\/teja-prepintada-tolten-negro-1153-x-2040\/#breadcrumb"},"inLanguage":"es","potentialAction":[{"@type":"ReadAction","target":["https:\/\/ghschile.cl\/index.php\/producto\/teja-prepintada-tolten-negro-1153-x-2040\/"]}]},{"@type":"ImageObject","inLanguage":"es","@id":"https:\/\/ghschile.cl\/index.php\/producto\/teja-prepintada-tolten-negro-1153-x-2040\/#primaryimage","url":"https:\/\/ghschile.cl\/wp-content\/uploads\/2022\/04\/tolten-negro-teja-prepintada.png","contentUrl":"https:\/\/ghschile.cl\/wp-content\/uploads\/2022\/04\/tolten-negro-teja-prepintada.png","width":626,"height":418,"caption":"ghs tejas prepintadas largos cont\u00ednuos"},{"@type":"BreadcrumbList","@id":"https:\/\/ghschile.cl\/index.php\/producto\/teja-prepintada-tolten-negro-1153-x-2040\/#breadcrumb","itemListElement":[{"@type":"ListItem","position":1,"name":"Portada","item":"https:\/\/ghschile.cl\/"},{"@type":"ListItem","position":2,"name":"Tienda en L\u00ednea","item":"https:\/\/ghschile.cl\/"},{"@type":"ListItem","position":3,"name":"Teja Cont\u00ednua Prepintada Tolt\u00e9n Negro 1153 x 2040"}]},{"@type":"WebSite","@id":"https:\/\/ghschile.cl\/#website","url":"https:\/\/ghschile.cl\/","name":"GHS CHILE","description":"Techos y Revestimientos","publisher":{"@id":"https:\/\/ghschile.cl\/#organization"},"potentialAction":[{"@type":"SearchAction","target":{"@type":"EntryPoint","urlTemplate":"https:\/\/ghschile.cl\/?s={search_term_string}"},"query-input":{"@type":"PropertyValueSpecification","valueRequired":true,"valueName":"search_term_string"}}],"inLanguage":"es"},{"@type":"Organization","@id":"https:\/\/ghschile.cl\/#organization","name":"GHS CHILE","alternateName":"GHSCHILE techos","url":"https:\/\/ghschile.cl\/","logo":{"@type":"ImageObject","inLanguage":"es","@id":"https:\/\/ghschile.cl\/#\/schema\/logo\/image\/","url":"https:\/\/ghschile.cl\/wp-content\/uploads\/2022\/06\/logo-ghs.png","contentUrl":"https:\/\/ghschile.cl\/wp-content\/uploads\/2022\/06\/logo-ghs.png","width":500,"height":500,"caption":"GHS CHILE"},"image":{"@id":"https:\/\/ghschile.cl\/#\/schema\/logo\/image\/"}}]}},"_links":{"self":[{"href":"https:\/\/ghschile.cl\/index.php\/wp-json\/wp\/v2\/product\/1707","targetHints":{"allow":["GET"]}}],"collection":[{"href":"https:\/\/ghschile.cl\/index.php\/wp-json\/wp\/v2\/product"}],"about":[{"href":"https:\/\/ghschile.cl\/index.php\/wp-json\/wp\/v2\/types\/product"}],"replies":[{"embeddable":true,"href":"https:\/\/ghschile.cl\/index.php\/wp-json\/wp\/v2\/comments?post=1707"}],"wp:featuredmedia":[{"embeddable":true,"href":"https:\/\/ghschile.cl\/index.php\/wp-json\/wp\/v2\/media\/2671"}],"wp:attachment":[{"href":"https:\/\/ghschile.cl\/index.php\/wp-json\/wp\/v2\/media?parent=1707"}],"wp:term":[{"taxonomy":"product_brand","embeddable":true,"href":"https:\/\/ghschile.cl\/index.php\/wp-json\/wp\/v2\/product_brand?post=1707"},{"taxonomy":"product_cat","embeddable":true,"href":"https:\/\/ghschile.cl\/index.php\/wp-json\/wp\/v2\/product_cat?post=1707"},{"taxonomy":"product_tag","embeddable":true,"href":"https:\/\/ghschile.cl\/index.php\/wp-json\/wp\/v2\/product_tag?post=1707"}],"curies":[{"name":"wp","href":"https:\/\/api.w.org\/{rel}","templated":true}]}}