{"id":868,"date":"2020-08-21T18:37:11","date_gmt":"2020-08-21T18:37:11","guid":{"rendered":"https:\/\/ghschile.cl\/?page_id=868"},"modified":"2022-04-05T00:39:04","modified_gmt":"2022-04-05T00:39:04","slug":"metalicas-ghschile","status":"publish","type":"page","link":"https:\/\/ghschile.cl\/index.php\/metalicas-ghschile\/","title":{"rendered":"Met\u00e1licas"},"content":{"rendered":"<p>[et_pb_section fb_built=\u00bb1&#8243; _builder_version=\u00bb4.16.0&#8243; _module_preset=\u00bbdefault\u00bb background_color=\u00bb#000000&#8243; background_enable_image=\u00bboff\u00bb custom_padding=\u00bb||||false|false\u00bb hover_enabled=\u00bb0&#8243; global_colors_info=\u00bb{}\u00bb sticky_enabled=\u00bb0&#8243;][et_pb_row column_structure=\u00bb1_2,1_2&#8243; _builder_version=\u00bb4.16.0&#8243; _module_preset=\u00bbdefault\u00bb width=\u00bb100%\u00bb max_width=\u00bb100%\u00bb custom_padding=\u00bb0px||0px||true|false\u00bb hover_enabled=\u00bb0&#8243; global_colors_info=\u00bb{}\u00bb custom_margin=\u00bb44px||||false|false\u00bb sticky_enabled=\u00bb0&#8243;][et_pb_column type=\u00bb1_2&#8243; _builder_version=\u00bb4.16&#8243; _module_preset=\u00bbdefault\u00bb global_colors_info=\u00bb{}\u00bb][et_pb_image src=\u00bbhttps:\/\/ghschile.cl\/wp-content\/uploads\/2021\/03\/metalicas-prestige-5.jpg\u00bb title_text=\u00bbmetalicas prestige 5&#8243; show_bottom_space=\u00bboff\u00bb _builder_version=\u00bb4.16&#8243; _module_preset=\u00bbdefault\u00bb custom_margin=\u00bb3px||||false|false\u00bb global_colors_info=\u00bb{}\u00bb][\/et_pb_image][\/et_pb_column][et_pb_column type=\u00bb1_2&#8243; _builder_version=\u00bb4.16&#8243; _module_preset=\u00bbdefault\u00bb global_colors_info=\u00bb{}\u00bb][et_pb_text _builder_version=\u00bb4.16&#8243; _module_preset=\u00bbdefault\u00bb text_font=\u00bb||on||||||\u00bb text_text_color=\u00bb#ffffff\u00bb text_font_size=\u00bb24px\u00bb header_font=\u00bbComfortaa|||on|||||\u00bb header_text_align=\u00bbleft\u00bb header_text_color=\u00bb#FFFFFF\u00bb header_font_size=\u00bb35px\u00bb header_2_font=\u00bbComfortaa|||on|||||\u00bb header_2_text_color=\u00bb#FFFFFF\u00bb header_2_font_size=\u00bb18px\u00bb custom_margin=\u00bb15.4%||||false|false\u00bb animation_style=\u00bbslide\u00bb animation_direction=\u00bbright\u00bb animation_duration=\u00bb750ms\u00bb animation_speed_curve=\u00bbease-in\u00bb global_colors_info=\u00bb{}\u00bb]<\/p>\n<h2><span>L\u00ednea Prestige<\/span><\/h2>\n<h1><span>Tejas Met\u00e1licas<\/span><\/h1>\n<p>[\/et_pb_text][\/et_pb_column][\/et_pb_row][\/et_pb_section][et_pb_section fb_built=\u00bb1&#8243; _builder_version=\u00bb4.16&#8243; _module_preset=\u00bbdefault\u00bb background_color=\u00bb#003c56&#8243; custom_padding=\u00bb4px||4px||true|\u00bb global_colors_info=\u00bb{}\u00bb][et_pb_row _builder_version=\u00bb4.16&#8243; _module_preset=\u00bbdefault\u00bb custom_padding=\u00bb23px|||||\u00bb global_colors_info=\u00bb{}\u00bb][et_pb_column type=\u00bb4_4&#8243; _builder_version=\u00bb4.16&#8243; _module_preset=\u00bbdefault\u00bb global_colors_info=\u00bb{}\u00bb][et_pb_text _builder_version=\u00bb4.16&#8243; _module_preset=\u00bbdefault\u00bb header_2_font=\u00bb||||||||\u00bb header_2_text_align=\u00bbcenter\u00bb header_2_text_color=\u00bb#FFFFFF\u00bb header_2_font_size=\u00bb18px\u00bb custom_margin=\u00bb||-8px|||\u00bb global_colors_info=\u00bb{}\u00bb]<\/p>\n<h2>Tel\u00e9fonos: +569 9450 5698 | +569 7399 3110 | Correos: pconcha@ghschile.cl | jtallar@ghschile.cl<\/h2>\n<p>[\/et_pb_text][\/et_pb_column][\/et_pb_row][\/et_pb_section][et_pb_section fb_built=\u00bb1&#8243; _builder_version=\u00bb4.16&#8243; _module_preset=\u00bbdefault\u00bb background_color=\u00bb#eaeaea\u00bb background_enable_image=\u00bboff\u00bb custom_margin=\u00bb||-24px|||\u00bb custom_padding=\u00bb39px||71px||false|\u00bb border_width_bottom=\u00bb3px\u00bb border_color_bottom=\u00bb#ffffff\u00bb global_colors_info=\u00bb{}\u00bb][et_pb_row column_structure=\u00bb1_3,1_3,1_3&#8243; _builder_version=\u00bb4.16&#8243; _module_preset=\u00bbdefault\u00bb background_color=\u00bb#ffffff\u00bb custom_padding=\u00bb|20px||20px|false|true\u00bb box_shadow_style=\u00bbpreset3&#8243; global_colors_info=\u00bb{}\u00bb][et_pb_column type=\u00bb1_3&#8243; _builder_version=\u00bb4.16&#8243; _module_preset=\u00bbdefault\u00bb global_colors_info=\u00bb{}\u00bb][et_pb_image src=\u00bbhttps:\/\/ghschile.cl\/wp-content\/uploads\/2021\/03\/metalicas-prestige-4.jpg\u00bb title_text=\u00bbmetalicas prestige 4&#8243; _builder_version=\u00bb4.16&#8243; _module_preset=\u00bbdefault\u00bb global_colors_info=\u00bb{}\u00bb][\/et_pb_image][et_pb_text _builder_version=\u00bb4.16&#8243; _module_preset=\u00bbdefault\u00bb text_font=\u00bbWork Sans|||on|||||\u00bb text_text_color=\u00bb#000000&#8243; text_font_size=\u00bb17px\u00bb custom_margin=\u00bb||9px|||\u00bb global_colors_info=\u00bb{}\u00bb]<\/p>\n<p>Modelos<\/p>\n<p>[\/et_pb_text][et_pb_image src=\u00bbhttps:\/\/ghschile.cl\/wp-content\/uploads\/2021\/03\/colores-prestige-metal.jpg\u00bb title_text=\u00bbcolores prestige metal\u00bb _builder_version=\u00bb4.16&#8243; _module_preset=\u00bbdefault\u00bb global_colors_info=\u00bb{}\u00bb][\/et_pb_image][\/et_pb_column][et_pb_column type=\u00bb1_3&#8243; _builder_version=\u00bb4.16&#8243; _module_preset=\u00bbdefault\u00bb global_colors_info=\u00bb{}\u00bb][et_pb_text _builder_version=\u00bb4.16&#8243; _module_preset=\u00bbdefault\u00bb text_font=\u00bbWork Sans|||on|||||\u00bb text_text_color=\u00bb#000000&#8243; text_font_size=\u00bb17px\u00bb custom_margin=\u00bb||9px|||\u00bb global_colors_info=\u00bb{}\u00bb]<\/p>\n<p>Especificaciones T\u00e9cnicas<\/p>\n<p>[\/et_pb_text][et_pb_text _builder_version=\u00bb4.16&#8243; _module_preset=\u00bbdefault\u00bb custom_margin=\u00bb||7px|||\u00bb global_colors_info=\u00bb{}\u00bb]<\/p>\n<p>Prestige Met\u00e1licas, ofrecen cualidades inigualables en belleza e innovaci\u00f3n en la construcci\u00f3n.<\/p>\n<p>Durabilidad y nobleza.<\/p>\n<p>[\/et_pb_text][\/et_pb_column][et_pb_column type=\u00bb1_3&#8243; _builder_version=\u00bb4.16&#8243; _module_preset=\u00bbdefault\u00bb global_colors_info=\u00bb{}\u00bb][et_pb_text _builder_version=\u00bb4.16&#8243; _module_preset=\u00bbdefault\u00bb text_font=\u00bbWork Sans|||on|||||\u00bb text_text_color=\u00bb#000000&#8243; text_font_size=\u00bb17px\u00bb custom_margin=\u00bb0px||13px|||\u00bb global_colors_info=\u00bb{}\u00bb]<\/p>\n<p>Descargue ficha t\u00e9cnica<\/p>\n<p>[\/et_pb_text][et_pb_text _builder_version=\u00bb4.16&#8243; _module_preset=\u00bbdefault\u00bb global_colors_info=\u00bb{}\u00bb]<\/p>\n<p><a href=\"https:\/\/ghschile.cl\/wp-content\/uploads\/2021\/03\/Depliant_METAL_LINE_ed.17.pdf\"><img loading=\"lazy\" decoding=\"async\" src=\"https:\/\/ghschile.cl\/wp-content\/uploads\/2020\/08\/1200px-PDF_file_icon.svg_-244x300.png\" width=\"61\" height=\"75\" alt=\"\" class=\"wp-image-274 alignleft size-medium\" \/><\/a><\/p>\n<p>[\/et_pb_text][\/et_pb_column][\/et_pb_row][\/et_pb_section]<\/p>\n","protected":false},"excerpt":{"rendered":"<p>L\u00ednea Prestige Tejas Met\u00e1licasTel\u00e9fonos: +569 9450 5698 | +569 7399 3110 | Correos: pconcha@ghschile.cl | jtallar@ghschile.clModelosEspecificaciones T\u00e9cnicasPrestige Met\u00e1licas, ofrecen cualidades inigualables en belleza e innovaci\u00f3n en la construcci\u00f3n. Durabilidad y nobleza.Descargue ficha t\u00e9cnica<\/p>\n","protected":false},"author":5,"featured_media":0,"parent":0,"menu_order":0,"comment_status":"closed","ping_status":"closed","template":"","meta":{"_et_pb_use_builder":"on","_et_pb_old_content":"","_et_gb_content_width":"","footnotes":""},"class_list":["post-868","page","type-page","status-publish","hentry"],"yoast_head":"<!-- This site is optimized with the Yoast SEO plugin v27.0 - https:\/\/yoast.com\/product\/yoast-seo-wordpress\/ -->\n<title>Met\u00e1licas - ghschile.cl<\/title>\n<meta name=\"robots\" content=\"index, follow, max-snippet:-1, max-image-preview:large, max-video-preview:-1\" \/>\n<link rel=\"canonical\" href=\"https:\/\/ghschile.cl\/index.php\/metalicas-ghschile\/\" \/>\n<meta property=\"og:locale\" content=\"es_ES\" \/>\n<meta property=\"og:type\" content=\"article\" \/>\n<meta property=\"og:title\" content=\"Met\u00e1licas - ghschile.cl\" \/>\n<meta property=\"og:description\" content=\"L\u00ednea Prestige Tejas Met\u00e1licasTel\u00e9fonos: +569 9450 5698 | +569 7399 3110 | Correos: pconcha@ghschile.cl | jtallar@ghschile.clModelosEspecificaciones T\u00e9cnicasPrestige Met\u00e1licas, ofrecen cualidades inigualables en belleza e innovaci\u00f3n en la construcci\u00f3n. Durabilidad y nobleza.Descargue ficha t\u00e9cnica\" \/>\n<meta property=\"og:url\" content=\"https:\/\/ghschile.cl\/index.php\/metalicas-ghschile\/\" \/>\n<meta property=\"og:site_name\" content=\"GHS CHILE\" \/>\n<meta property=\"article:modified_time\" content=\"2022-04-05T00:39:04+00:00\" \/>\n<meta property=\"og:image\" content=\"https:\/\/ghschile.cl\/wp-content\/uploads\/2020\/08\/1200px-PDF_file_icon.svg_-244x300.png\" \/>\n<meta name=\"twitter:card\" content=\"summary_large_image\" \/>\n<meta name=\"twitter:label1\" content=\"Tiempo de lectura\" \/>\n\t<meta name=\"twitter:data1\" content=\"3 minutos\" \/>\n<script type=\"application\/ld+json\" class=\"yoast-schema-graph\">{\"@context\":\"https:\/\/schema.org\",\"@graph\":[{\"@type\":\"WebPage\",\"@id\":\"https:\/\/ghschile.cl\/index.php\/metalicas-ghschile\/\",\"url\":\"https:\/\/ghschile.cl\/index.php\/metalicas-ghschile\/\",\"name\":\"Met\u00e1licas - ghschile.cl\",\"isPartOf\":{\"@id\":\"https:\/\/ghschile.cl\/#website\"},\"primaryImageOfPage\":{\"@id\":\"https:\/\/ghschile.cl\/index.php\/metalicas-ghschile\/#primaryimage\"},\"image\":{\"@id\":\"https:\/\/ghschile.cl\/index.php\/metalicas-ghschile\/#primaryimage\"},\"thumbnailUrl\":\"https:\/\/ghschile.cl\/wp-content\/uploads\/2020\/08\/1200px-PDF_file_icon.svg_-244x300.png\",\"datePublished\":\"2020-08-21T18:37:11+00:00\",\"dateModified\":\"2022-04-05T00:39:04+00:00\",\"breadcrumb\":{\"@id\":\"https:\/\/ghschile.cl\/index.php\/metalicas-ghschile\/#breadcrumb\"},\"inLanguage\":\"es\",\"potentialAction\":[{\"@type\":\"ReadAction\",\"target\":[\"https:\/\/ghschile.cl\/index.php\/metalicas-ghschile\/\"]}]},{\"@type\":\"ImageObject\",\"inLanguage\":\"es\",\"@id\":\"https:\/\/ghschile.cl\/index.php\/metalicas-ghschile\/#primaryimage\",\"url\":\"https:\/\/ghschile.cl\/wp-content\/uploads\/2020\/08\/1200px-PDF_file_icon.svg_.png\",\"contentUrl\":\"https:\/\/ghschile.cl\/wp-content\/uploads\/2020\/08\/1200px-PDF_file_icon.svg_.png\",\"width\":1200,\"height\":1474,\"caption\":\"descargue ficha t\u00e9cnica TEJAS GRAVILLADAS TEJAS PREPINTADS ghs chile\"},{\"@type\":\"BreadcrumbList\",\"@id\":\"https:\/\/ghschile.cl\/index.php\/metalicas-ghschile\/#breadcrumb\",\"itemListElement\":[{\"@type\":\"ListItem\",\"position\":1,\"name\":\"Portada\",\"item\":\"https:\/\/ghschile.cl\/\"},{\"@type\":\"ListItem\",\"position\":2,\"name\":\"Met\u00e1licas\"}]},{\"@type\":\"WebSite\",\"@id\":\"https:\/\/ghschile.cl\/#website\",\"url\":\"https:\/\/ghschile.cl\/\",\"name\":\"GHS CHILE\",\"description\":\"Techos y Revestimientos\",\"publisher\":{\"@id\":\"https:\/\/ghschile.cl\/#organization\"},\"potentialAction\":[{\"@type\":\"SearchAction\",\"target\":{\"@type\":\"EntryPoint\",\"urlTemplate\":\"https:\/\/ghschile.cl\/?s={search_term_string}\"},\"query-input\":{\"@type\":\"PropertyValueSpecification\",\"valueRequired\":true,\"valueName\":\"search_term_string\"}}],\"inLanguage\":\"es\"},{\"@type\":\"Organization\",\"@id\":\"https:\/\/ghschile.cl\/#organization\",\"name\":\"GHS CHILE\",\"alternateName\":\"GHSCHILE techos\",\"url\":\"https:\/\/ghschile.cl\/\",\"logo\":{\"@type\":\"ImageObject\",\"inLanguage\":\"es\",\"@id\":\"https:\/\/ghschile.cl\/#\/schema\/logo\/image\/\",\"url\":\"https:\/\/ghschile.cl\/wp-content\/uploads\/2022\/06\/logo-ghs.png\",\"contentUrl\":\"https:\/\/ghschile.cl\/wp-content\/uploads\/2022\/06\/logo-ghs.png\",\"width\":500,\"height\":500,\"caption\":\"GHS CHILE\"},\"image\":{\"@id\":\"https:\/\/ghschile.cl\/#\/schema\/logo\/image\/\"}}]}<\/script>\n<!-- \/ Yoast SEO plugin. -->","yoast_head_json":{"title":"Met\u00e1licas - ghschile.cl","robots":{"index":"index","follow":"follow","max-snippet":"max-snippet:-1","max-image-preview":"max-image-preview:large","max-video-preview":"max-video-preview:-1"},"canonical":"https:\/\/ghschile.cl\/index.php\/metalicas-ghschile\/","og_locale":"es_ES","og_type":"article","og_title":"Met\u00e1licas - ghschile.cl","og_description":"L\u00ednea Prestige Tejas Met\u00e1licasTel\u00e9fonos: +569 9450 5698 | +569 7399 3110 | Correos: pconcha@ghschile.cl | jtallar@ghschile.clModelosEspecificaciones T\u00e9cnicasPrestige Met\u00e1licas, ofrecen cualidades inigualables en belleza e innovaci\u00f3n en la construcci\u00f3n. Durabilidad y nobleza.Descargue ficha t\u00e9cnica","og_url":"https:\/\/ghschile.cl\/index.php\/metalicas-ghschile\/","og_site_name":"GHS CHILE","article_modified_time":"2022-04-05T00:39:04+00:00","og_image":[{"url":"https:\/\/ghschile.cl\/wp-content\/uploads\/2020\/08\/1200px-PDF_file_icon.svg_-244x300.png","type":"","width":"","height":""}],"twitter_card":"summary_large_image","twitter_misc":{"Tiempo de lectura":"3 minutos"},"schema":{"@context":"https:\/\/schema.org","@graph":[{"@type":"WebPage","@id":"https:\/\/ghschile.cl\/index.php\/metalicas-ghschile\/","url":"https:\/\/ghschile.cl\/index.php\/metalicas-ghschile\/","name":"Met\u00e1licas - ghschile.cl","isPartOf":{"@id":"https:\/\/ghschile.cl\/#website"},"primaryImageOfPage":{"@id":"https:\/\/ghschile.cl\/index.php\/metalicas-ghschile\/#primaryimage"},"image":{"@id":"https:\/\/ghschile.cl\/index.php\/metalicas-ghschile\/#primaryimage"},"thumbnailUrl":"https:\/\/ghschile.cl\/wp-content\/uploads\/2020\/08\/1200px-PDF_file_icon.svg_-244x300.png","datePublished":"2020-08-21T18:37:11+00:00","dateModified":"2022-04-05T00:39:04+00:00","breadcrumb":{"@id":"https:\/\/ghschile.cl\/index.php\/metalicas-ghschile\/#breadcrumb"},"inLanguage":"es","potentialAction":[{"@type":"ReadAction","target":["https:\/\/ghschile.cl\/index.php\/metalicas-ghschile\/"]}]},{"@type":"ImageObject","inLanguage":"es","@id":"https:\/\/ghschile.cl\/index.php\/metalicas-ghschile\/#primaryimage","url":"https:\/\/ghschile.cl\/wp-content\/uploads\/2020\/08\/1200px-PDF_file_icon.svg_.png","contentUrl":"https:\/\/ghschile.cl\/wp-content\/uploads\/2020\/08\/1200px-PDF_file_icon.svg_.png","width":1200,"height":1474,"caption":"descargue ficha t\u00e9cnica TEJAS GRAVILLADAS TEJAS PREPINTADS ghs chile"},{"@type":"BreadcrumbList","@id":"https:\/\/ghschile.cl\/index.php\/metalicas-ghschile\/#breadcrumb","itemListElement":[{"@type":"ListItem","position":1,"name":"Portada","item":"https:\/\/ghschile.cl\/"},{"@type":"ListItem","position":2,"name":"Met\u00e1licas"}]},{"@type":"WebSite","@id":"https:\/\/ghschile.cl\/#website","url":"https:\/\/ghschile.cl\/","name":"GHS CHILE","description":"Techos y Revestimientos","publisher":{"@id":"https:\/\/ghschile.cl\/#organization"},"potentialAction":[{"@type":"SearchAction","target":{"@type":"EntryPoint","urlTemplate":"https:\/\/ghschile.cl\/?s={search_term_string}"},"query-input":{"@type":"PropertyValueSpecification","valueRequired":true,"valueName":"search_term_string"}}],"inLanguage":"es"},{"@type":"Organization","@id":"https:\/\/ghschile.cl\/#organization","name":"GHS CHILE","alternateName":"GHSCHILE techos","url":"https:\/\/ghschile.cl\/","logo":{"@type":"ImageObject","inLanguage":"es","@id":"https:\/\/ghschile.cl\/#\/schema\/logo\/image\/","url":"https:\/\/ghschile.cl\/wp-content\/uploads\/2022\/06\/logo-ghs.png","contentUrl":"https:\/\/ghschile.cl\/wp-content\/uploads\/2022\/06\/logo-ghs.png","width":500,"height":500,"caption":"GHS CHILE"},"image":{"@id":"https:\/\/ghschile.cl\/#\/schema\/logo\/image\/"}}]}},"_links":{"self":[{"href":"https:\/\/ghschile.cl\/index.php\/wp-json\/wp\/v2\/pages\/868","targetHints":{"allow":["GET"]}}],"collection":[{"href":"https:\/\/ghschile.cl\/index.php\/wp-json\/wp\/v2\/pages"}],"about":[{"href":"https:\/\/ghschile.cl\/index.php\/wp-json\/wp\/v2\/types\/page"}],"author":[{"embeddable":true,"href":"https:\/\/ghschile.cl\/index.php\/wp-json\/wp\/v2\/users\/5"}],"replies":[{"embeddable":true,"href":"https:\/\/ghschile.cl\/index.php\/wp-json\/wp\/v2\/comments?post=868"}],"version-history":[{"count":4,"href":"https:\/\/ghschile.cl\/index.php\/wp-json\/wp\/v2\/pages\/868\/revisions"}],"predecessor-version":[{"id":1651,"href":"https:\/\/ghschile.cl\/index.php\/wp-json\/wp\/v2\/pages\/868\/revisions\/1651"}],"wp:attachment":[{"href":"https:\/\/ghschile.cl\/index.php\/wp-json\/wp\/v2\/media?parent=868"}],"curies":[{"name":"wp","href":"https:\/\/api.w.org\/{rel}","templated":true}]}}