{"id":2650,"date":"2022-03-30T20:41:35","date_gmt":"2022-03-30T20:41:35","guid":{"rendered":"https:\/\/ghschile.cl\/?page_id=2650"},"modified":"2024-01-22T15:31:17","modified_gmt":"2024-01-22T15:31:17","slug":"tejas-asfalticas-supreme-y-oakridge","status":"publish","type":"page","link":"https:\/\/ghschile.cl\/index.php\/tejas-asfalticas-supreme-y-oakridge\/","title":{"rendered":"Tejas Asf\u00e1lticas Supreme y Oakridge"},"content":{"rendered":"<p>[et_pb_section fb_built=\u00bb1&#8243; disabled_on=\u00bbon|on|on\u00bb _builder_version=\u00bb4.21.0&#8243; _module_preset=\u00bbdefault\u00bb background_color=\u00bb#ffffff\u00bb background_enable_image=\u00bboff\u00bb background_size=\u00bbinitial\u00bb width=\u00bb100%\u00bb width_tablet=\u00bb\u00bb width_phone=\u00bb\u00bb width_last_edited=\u00bbon|desktop\u00bb module_alignment=\u00bbcenter\u00bb custom_padding=\u00bb0px||0px|||\u00bb disabled=\u00bbon\u00bb global_colors_info=\u00bb{}\u00bb][\/et_pb_section][et_pb_section fb_built=\u00bb1&#8243; fullwidth=\u00bbon\u00bb _builder_version=\u00bb4.22.2&#8243; _module_preset=\u00bbdefault\u00bb custom_margin=\u00bb||||true|false\u00bb locked=\u00bboff\u00bb global_colors_info=\u00bb{}\u00bb][et_pb_fullwidth_slider _builder_version=\u00bb4.22.2&#8243; _module_preset=\u00bbdefault\u00bb custom_margin=\u00bb||||true|false\u00bb custom_padding=\u00bb10vw||10vw||true|false\u00bb auto=\u00bbon\u00bb auto_speed=\u00bb3000&#8243; global_colors_info=\u00bb{}\u00bb][et_pb_slide _builder_version=\u00bb4.22.2&#8243; _module_preset=\u00bbdefault\u00bb background_image=\u00bbhttps:\/\/ghschile.cl\/wp-content\/uploads\/2023\/09\/Teja-Asfaltica-Supreme-GHSCHILE-2.jpg\u00bb background_enable_image=\u00bbon\u00bb custom_padding=\u00bb12vw||12vw||true|false\u00bb global_colors_info=\u00bb{}\u00bb sticky_transition=\u00bbon\u00bb][\/et_pb_slide][et_pb_slide _builder_version=\u00bb4.22.2&#8243; _module_preset=\u00bbdefault\u00bb background_image=\u00bbhttps:\/\/ghschile.cl\/wp-content\/uploads\/2023\/09\/teja-asfaltica-Oackdrige-GHSCHILE-2.jpg\u00bb background_enable_image=\u00bbon\u00bb custom_padding=\u00bb12vw||12vw||true|false\u00bb global_colors_info=\u00bb{}\u00bb sticky_transition=\u00bbon\u00bb][\/et_pb_slide][et_pb_slide _builder_version=\u00bb4.22.2&#8243; _module_preset=\u00bbdefault\u00bb background_image=\u00bbhttps:\/\/ghschile.cl\/wp-content\/uploads\/2023\/09\/Teja-Asfaltica-Supreme-GHSCHILE.jpg\u00bb background_enable_image=\u00bbon\u00bb custom_padding=\u00bb12vw||12vw||true|false\u00bb global_colors_info=\u00bb{}\u00bb sticky_transition=\u00bbon\u00bb][\/et_pb_slide][et_pb_slide _builder_version=\u00bb4.22.2&#8243; _module_preset=\u00bbdefault\u00bb background_image=\u00bbhttps:\/\/ghschile.cl\/wp-content\/uploads\/2023\/09\/teja-asfaltica-Oackdrige-GHSCHILE.jpg\u00bb background_enable_image=\u00bbon\u00bb custom_padding=\u00bb12vw||12vw||true|false\u00bb global_colors_info=\u00bb{}\u00bb sticky_transition=\u00bbon\u00bb][\/et_pb_slide][\/et_pb_fullwidth_slider][\/et_pb_section][et_pb_section fb_built=\u00bb1&#8243; _builder_version=\u00bb4.16.0&#8243; _module_preset=\u00bbdefault\u00bb background_color=\u00bb#003c56&#8243; custom_padding=\u00bb4px||4px||true|\u00bb animation_style=\u00bbfade\u00bb locked=\u00bboff\u00bb global_colors_info=\u00bb{}\u00bb][et_pb_row _builder_version=\u00bb4.16&#8243; _module_preset=\u00bbdefault\u00bb custom_padding=\u00bb23px|||||\u00bb global_colors_info=\u00bb{}\u00bb][et_pb_column type=\u00bb4_4&#8243; _builder_version=\u00bb4.16&#8243; _module_preset=\u00bbdefault\u00bb global_colors_info=\u00bb{}\u00bb][et_pb_text _builder_version=\u00bb4.16&#8243; _module_preset=\u00bbdefault\u00bb header_2_font=\u00bb||||||||\u00bb header_2_text_align=\u00bbcenter\u00bb header_2_text_color=\u00bb#FFFFFF\u00bb header_2_font_size=\u00bb18px\u00bb custom_margin=\u00bb||-8px|||\u00bb global_colors_info=\u00bb{}\u00bb]<\/p>\n<h2>Tel\u00e9fonos: +569 9450 5698 | +569 7399 3110 | Correos: pconcha@ghschile.cl | jtallar@ghschile.cl<\/h2>\n<p>[\/et_pb_text][\/et_pb_column][\/et_pb_row][\/et_pb_section][et_pb_section fb_built=\u00bb1&#8243; module_id=\u00bbtienda\u00bb _builder_version=\u00bb4.17.4&#8243; _module_preset=\u00bbdefault\u00bb background_color=\u00bb#FFFFFF\u00bb custom_padding=\u00bb6px||||false|false\u00bb animation_style=\u00bbfade\u00bb global_colors_info=\u00bb{}\u00bb][et_pb_row column_structure=\u00bb2_3,1_3&#8243; use_custom_gutter=\u00bbon\u00bb gutter_width=\u00bb2&#8243; _builder_version=\u00bb4.17.0&#8243; _module_preset=\u00bbdefault\u00bb width=\u00bb90%\u00bb custom_margin=\u00bb||||false|false\u00bb custom_padding=\u00bb25px||2px||false|false\u00bb animation_style=\u00bbfade\u00bb locked=\u00bboff\u00bb global_colors_info=\u00bb{}\u00bb][et_pb_column type=\u00bb2_3&#8243; _builder_version=\u00bb4.16&#8243; _module_preset=\u00bbdefault\u00bb global_colors_info=\u00bb{}\u00bb][et_pb_divider color=\u00bb#e02b20&#8243; divider_position=\u00bbcenter\u00bb divider_weight=\u00bb1px\u00bb _builder_version=\u00bb4.16.0&#8243; _module_preset=\u00bbdefault\u00bb width=\u00bb25%\u00bb module_alignment=\u00bbleft\u00bb custom_margin=\u00bb||12px|||\u00bb animation_style=\u00bbslide\u00bb animation_direction=\u00bbleft\u00bb locked=\u00bboff\u00bb global_colors_info=\u00bb{}\u00bb][\/et_pb_divider][et_pb_text _builder_version=\u00bb4.21.0&#8243; _module_preset=\u00bbdefault\u00bb text_font=\u00bbComfortaa|||on|||||\u00bb text_text_color=\u00bb#000000&#8243; text_font_size=\u00bb24px\u00bb text_letter_spacing=\u00bb1px\u00bb header_font=\u00bbComfortaa|||on|||||\u00bb header_letter_spacing=\u00bb1px\u00bb header_2_font_size=\u00bb24px\u00bb custom_margin=\u00bb||26px|||\u00bb global_colors_info=\u00bb{}\u00bb]<\/p>\n<h2>Teja Asf\u00e1ltica Supreme GHS CHILE<\/h2>\n<p>[\/et_pb_text][et_pb_text _builder_version=\u00bb4.24.0&#8243; _module_preset=\u00bbdefault\u00bb text_font=\u00bbMontserrat|700||on|||||\u00bb text_text_color=\u00bb#000000&#8243; text_font_size=\u00bb13px\u00bb min_height=\u00bb58.6px\u00bb locked=\u00bboff\u00bb global_colors_info=\u00bb{}\u00bb]<\/p>\n<p>Las puede encontrar en colores asf\u00e1ltica rojo, caf\u00e9, verde y gris.<br \/>Somos GHS Chile, soluciones en tejas.<\/p>\n<p>[\/et_pb_text][\/et_pb_column][et_pb_column type=\u00bb1_3&#8243; _builder_version=\u00bb4.16&#8243; _module_preset=\u00bbdefault\u00bb global_colors_info=\u00bb{}\u00bb][et_pb_video src=\u00bbhttps:\/\/youtu.be\/JGKburTYX68?si=6s9G46H9MWLC66dX\u00bb image_src=\u00bbhttps:\/\/ghschile.cl\/wp-content\/uploads\/2024\/01\/tejas.png\u00bb _builder_version=\u00bb4.24.0&#8243; _module_preset=\u00bbdefault\u00bb hover_enabled=\u00bb0&#8243; global_colors_info=\u00bb{}\u00bb play_icon_color=\u00bb#E02B20&#8243; sticky_enabled=\u00bb0&#8243;][\/et_pb_video][et_pb_text _builder_version=\u00bb4.18.0&#8243; _module_preset=\u00bbdefault\u00bb text_font=\u00bbComfortaa|||on|||||\u00bb text_text_color=\u00bb#000000&#8243; text_font_size=\u00bb24px\u00bb text_letter_spacing=\u00bb1px\u00bb header_font=\u00bbComfortaa|||on|||||\u00bb header_letter_spacing=\u00bb1px\u00bb header_2_text_align=\u00bbcenter\u00bb header_2_font_size=\u00bb18px\u00bb custom_margin=\u00bb32px||11px|||\u00bb global_colors_info=\u00bb{}\u00bb]<\/p>\n<h2>Conozca tambi\u00e9n&#8230;<\/h2>\n<p>[\/et_pb_text][et_pb_button button_url=\u00bb#Oakridge\u00bb button_text=\u00bbL\u00ednea Oakridge\u00bb button_alignment=\u00bbcenter\u00bb _builder_version=\u00bb4.21.0&#8243; _module_preset=\u00bbdefault\u00bb custom_button=\u00bbon\u00bb button_text_size=\u00bb14px\u00bb button_text_color=\u00bb#FFFFFF\u00bb button_bg_color=\u00bb#E02B20&#8243; button_border_width=\u00bb0px\u00bb button_border_radius=\u00bb0px\u00bb button_font=\u00bbMontserrat|||on|||||\u00bb button_icon=\u00bb&#xe07a;||divi||400&#8243; custom_margin=\u00bb||||false|false\u00bb custom_margin_tablet=\u00bb||50px||false|false\u00bb custom_margin_phone=\u00bb||50px||false|false\u00bb custom_margin_last_edited=\u00bbon|phone\u00bb box_shadow_style=\u00bbpreset3&#8243; global_colors_info=\u00bb{}\u00bb][\/et_pb_button][\/et_pb_column][\/et_pb_row][et_pb_row use_custom_gutter=\u00bbon\u00bb gutter_width=\u00bb2&#8243; _builder_version=\u00bb4.17.4&#8243; _module_preset=\u00bbdefault\u00bb width=\u00bb90%\u00bb custom_margin=\u00bb||||false|false\u00bb custom_padding=\u00bb44px||2px||false|false\u00bb animation_style=\u00bbfade\u00bb locked=\u00bboff\u00bb global_colors_info=\u00bb{}\u00bb][et_pb_column type=\u00bb4_4&#8243; _builder_version=\u00bb4.17.4&#8243; _module_preset=\u00bbdefault\u00bb background_enable_image=\u00bboff\u00bb global_colors_info=\u00bb{}\u00bb][et_pb_shop type=\u00bbproduct_category\u00bb include_categories=\u00bb66&#8243; columns_number=\u00bb5&#8243; sale_badge_color=\u00bb#E06100&#8243; icon_hover_color=\u00bb#8c1010&#8243; hover_icon=\u00bb&#xe015;||divi||400&#8243; module_id=\u00bbmaule2157&#8243; _builder_version=\u00bb4.22.1&#8243; _module_preset=\u00bbdefault\u00bb title_font=\u00bbMontserrat||||||||\u00bb title_text_color=\u00bb#8c1010&#8243; price_font=\u00bbMontserrat|||on|||||\u00bb price_text_color=\u00bb#000000&#8243; price_font_size=\u00bb24px\u00bb border_radii_image=\u00bbon|16px|16px|16px|16px\u00bb border_width_bottom_image=\u00bb2px\u00bb border_color_bottom_image=\u00bb#003c56&#8243; box_shadow_style_sale_badge=\u00bbpreset3&#8243; global_colors_info=\u00bb{}\u00bb][\/et_pb_shop][et_pb_divider color=\u00bb#e02b20&#8243; divider_position=\u00bbcenter\u00bb divider_weight=\u00bb1px\u00bb _builder_version=\u00bb4.16.0&#8243; _module_preset=\u00bbdefault\u00bb width=\u00bb25%\u00bb module_alignment=\u00bbleft\u00bb custom_margin=\u00bb||12px|||\u00bb animation_style=\u00bbslide\u00bb animation_direction=\u00bbleft\u00bb locked=\u00bboff\u00bb global_colors_info=\u00bb{}\u00bb][\/et_pb_divider][et_pb_text module_id=\u00bbOakridge\u00bb _builder_version=\u00bb4.21.0&#8243; _module_preset=\u00bbdefault\u00bb text_font=\u00bbComfortaa|||on|||||\u00bb text_text_color=\u00bb#000000&#8243; text_font_size=\u00bb24px\u00bb text_letter_spacing=\u00bb1px\u00bb header_font=\u00bbComfortaa|||on|||||\u00bb header_letter_spacing=\u00bb1px\u00bb header_2_font_size=\u00bb24px\u00bb custom_margin=\u00bb||26px|||\u00bb global_colors_info=\u00bb{}\u00bb]<\/p>\n<h2>Teja Asf\u00e1ltica Oakridge<\/h2>\n<p>[\/et_pb_text][et_pb_shop type=\u00bbproduct_category\u00bb include_categories=\u00bb63&#8243; columns_number=\u00bb5&#8243; icon_hover_color=\u00bb#8c1010&#8243; hover_icon=\u00bb&#xe015;||divi||400&#8243; module_id=\u00bbmaule2157&#8243; _builder_version=\u00bb4.22.1&#8243; _module_preset=\u00bbdefault\u00bb title_font=\u00bbMontserrat||||||||\u00bb title_text_color=\u00bb#8c1010&#8243; price_font=\u00bbMontserrat|||on|||||\u00bb price_text_color=\u00bb#000000&#8243; price_font_size=\u00bb24px\u00bb border_radii_image=\u00bbon|16px|16px|16px|16px\u00bb border_width_bottom_image=\u00bb2px\u00bb border_color_bottom_image=\u00bb#003c56&#8243; global_colors_info=\u00bb{}\u00bb][\/et_pb_shop][\/et_pb_column][\/et_pb_row][\/et_pb_section]<\/p>\n","protected":false},"excerpt":{"rendered":"<p>Tel\u00e9fonos: +569 9450 5698 | +569 7399 3110 | Correos: pconcha@ghschile.cl | jtallar@ghschile.clTeja Asf\u00e1ltica Supreme GHS CHILELas puede encontrar en colores asf\u00e1ltica rojo, caf\u00e9, verde y gris.Somos GHS Chile, soluciones en tejas.Conozca tambi\u00e9n&#8230;Teja Asf\u00e1ltica Oakridge<\/p>\n","protected":false},"author":5,"featured_media":0,"parent":0,"menu_order":0,"comment_status":"closed","ping_status":"closed","template":"","meta":{"_et_pb_use_builder":"on","_et_pb_old_content":"","_et_gb_content_width":"","footnotes":""},"class_list":["post-2650","page","type-page","status-publish","hentry"],"yoast_head":"<!-- This site is optimized with the Yoast SEO plugin v27.0 - https:\/\/yoast.com\/product\/yoast-seo-wordpress\/ -->\n<title>Tejas Asf\u00e1lticas Supreme y Oakridge - ghschile.cl<\/title>\n<meta name=\"robots\" content=\"index, follow, max-snippet:-1, max-image-preview:large, max-video-preview:-1\" \/>\n<link rel=\"canonical\" href=\"https:\/\/ghschile.cl\/index.php\/tejas-asfalticas-supreme-y-oakridge\/\" \/>\n<meta property=\"og:locale\" content=\"es_ES\" \/>\n<meta property=\"og:type\" content=\"article\" \/>\n<meta property=\"og:title\" content=\"Tejas Asf\u00e1lticas Supreme y Oakridge - ghschile.cl\" \/>\n<meta property=\"og:description\" content=\"Tel\u00e9fonos: +569 9450 5698 | +569 7399 3110 | Correos: pconcha@ghschile.cl | jtallar@ghschile.clTeja Asf\u00e1ltica Supreme GHS CHILELas puede encontrar en colores asf\u00e1ltica rojo, caf\u00e9, verde y gris.Somos GHS Chile, soluciones en tejas.Conozca tambi\u00e9n...Teja Asf\u00e1ltica Oakridge\" \/>\n<meta property=\"og:url\" content=\"https:\/\/ghschile.cl\/index.php\/tejas-asfalticas-supreme-y-oakridge\/\" \/>\n<meta property=\"og:site_name\" content=\"GHS CHILE\" \/>\n<meta property=\"article:modified_time\" content=\"2024-01-22T15:31:17+00:00\" \/>\n<meta name=\"twitter:card\" content=\"summary_large_image\" \/>\n<meta name=\"twitter:label1\" content=\"Tiempo de lectura\" \/>\n\t<meta name=\"twitter:data1\" content=\"5 minutos\" \/>\n<script type=\"application\/ld+json\" class=\"yoast-schema-graph\">{\"@context\":\"https:\/\/schema.org\",\"@graph\":[{\"@type\":\"WebPage\",\"@id\":\"https:\/\/ghschile.cl\/index.php\/tejas-asfalticas-supreme-y-oakridge\/\",\"url\":\"https:\/\/ghschile.cl\/index.php\/tejas-asfalticas-supreme-y-oakridge\/\",\"name\":\"Tejas Asf\u00e1lticas Supreme y Oakridge - ghschile.cl\",\"isPartOf\":{\"@id\":\"https:\/\/ghschile.cl\/#website\"},\"datePublished\":\"2022-03-30T20:41:35+00:00\",\"dateModified\":\"2024-01-22T15:31:17+00:00\",\"breadcrumb\":{\"@id\":\"https:\/\/ghschile.cl\/index.php\/tejas-asfalticas-supreme-y-oakridge\/#breadcrumb\"},\"inLanguage\":\"es\",\"potentialAction\":[{\"@type\":\"ReadAction\",\"target\":[\"https:\/\/ghschile.cl\/index.php\/tejas-asfalticas-supreme-y-oakridge\/\"]}]},{\"@type\":\"BreadcrumbList\",\"@id\":\"https:\/\/ghschile.cl\/index.php\/tejas-asfalticas-supreme-y-oakridge\/#breadcrumb\",\"itemListElement\":[{\"@type\":\"ListItem\",\"position\":1,\"name\":\"Portada\",\"item\":\"https:\/\/ghschile.cl\/\"},{\"@type\":\"ListItem\",\"position\":2,\"name\":\"Tejas Asf\u00e1lticas Supreme y Oakridge\"}]},{\"@type\":\"WebSite\",\"@id\":\"https:\/\/ghschile.cl\/#website\",\"url\":\"https:\/\/ghschile.cl\/\",\"name\":\"GHS CHILE\",\"description\":\"Techos y Revestimientos\",\"publisher\":{\"@id\":\"https:\/\/ghschile.cl\/#organization\"},\"potentialAction\":[{\"@type\":\"SearchAction\",\"target\":{\"@type\":\"EntryPoint\",\"urlTemplate\":\"https:\/\/ghschile.cl\/?s={search_term_string}\"},\"query-input\":{\"@type\":\"PropertyValueSpecification\",\"valueRequired\":true,\"valueName\":\"search_term_string\"}}],\"inLanguage\":\"es\"},{\"@type\":\"Organization\",\"@id\":\"https:\/\/ghschile.cl\/#organization\",\"name\":\"GHS CHILE\",\"alternateName\":\"GHSCHILE techos\",\"url\":\"https:\/\/ghschile.cl\/\",\"logo\":{\"@type\":\"ImageObject\",\"inLanguage\":\"es\",\"@id\":\"https:\/\/ghschile.cl\/#\/schema\/logo\/image\/\",\"url\":\"https:\/\/ghschile.cl\/wp-content\/uploads\/2022\/06\/logo-ghs.png\",\"contentUrl\":\"https:\/\/ghschile.cl\/wp-content\/uploads\/2022\/06\/logo-ghs.png\",\"width\":500,\"height\":500,\"caption\":\"GHS CHILE\"},\"image\":{\"@id\":\"https:\/\/ghschile.cl\/#\/schema\/logo\/image\/\"}}]}<\/script>\n<!-- \/ Yoast SEO plugin. -->","yoast_head_json":{"title":"Tejas Asf\u00e1lticas Supreme y Oakridge - ghschile.cl","robots":{"index":"index","follow":"follow","max-snippet":"max-snippet:-1","max-image-preview":"max-image-preview:large","max-video-preview":"max-video-preview:-1"},"canonical":"https:\/\/ghschile.cl\/index.php\/tejas-asfalticas-supreme-y-oakridge\/","og_locale":"es_ES","og_type":"article","og_title":"Tejas Asf\u00e1lticas Supreme y Oakridge - ghschile.cl","og_description":"Tel\u00e9fonos: +569 9450 5698 | +569 7399 3110 | Correos: pconcha@ghschile.cl | jtallar@ghschile.clTeja Asf\u00e1ltica Supreme GHS CHILELas puede encontrar en colores asf\u00e1ltica rojo, caf\u00e9, verde y gris.Somos GHS Chile, soluciones en tejas.Conozca tambi\u00e9n...Teja Asf\u00e1ltica Oakridge","og_url":"https:\/\/ghschile.cl\/index.php\/tejas-asfalticas-supreme-y-oakridge\/","og_site_name":"GHS CHILE","article_modified_time":"2024-01-22T15:31:17+00:00","twitter_card":"summary_large_image","twitter_misc":{"Tiempo de lectura":"5 minutos"},"schema":{"@context":"https:\/\/schema.org","@graph":[{"@type":"WebPage","@id":"https:\/\/ghschile.cl\/index.php\/tejas-asfalticas-supreme-y-oakridge\/","url":"https:\/\/ghschile.cl\/index.php\/tejas-asfalticas-supreme-y-oakridge\/","name":"Tejas Asf\u00e1lticas Supreme y Oakridge - ghschile.cl","isPartOf":{"@id":"https:\/\/ghschile.cl\/#website"},"datePublished":"2022-03-30T20:41:35+00:00","dateModified":"2024-01-22T15:31:17+00:00","breadcrumb":{"@id":"https:\/\/ghschile.cl\/index.php\/tejas-asfalticas-supreme-y-oakridge\/#breadcrumb"},"inLanguage":"es","potentialAction":[{"@type":"ReadAction","target":["https:\/\/ghschile.cl\/index.php\/tejas-asfalticas-supreme-y-oakridge\/"]}]},{"@type":"BreadcrumbList","@id":"https:\/\/ghschile.cl\/index.php\/tejas-asfalticas-supreme-y-oakridge\/#breadcrumb","itemListElement":[{"@type":"ListItem","position":1,"name":"Portada","item":"https:\/\/ghschile.cl\/"},{"@type":"ListItem","position":2,"name":"Tejas Asf\u00e1lticas Supreme y Oakridge"}]},{"@type":"WebSite","@id":"https:\/\/ghschile.cl\/#website","url":"https:\/\/ghschile.cl\/","name":"GHS CHILE","description":"Techos y Revestimientos","publisher":{"@id":"https:\/\/ghschile.cl\/#organization"},"potentialAction":[{"@type":"SearchAction","target":{"@type":"EntryPoint","urlTemplate":"https:\/\/ghschile.cl\/?s={search_term_string}"},"query-input":{"@type":"PropertyValueSpecification","valueRequired":true,"valueName":"search_term_string"}}],"inLanguage":"es"},{"@type":"Organization","@id":"https:\/\/ghschile.cl\/#organization","name":"GHS CHILE","alternateName":"GHSCHILE techos","url":"https:\/\/ghschile.cl\/","logo":{"@type":"ImageObject","inLanguage":"es","@id":"https:\/\/ghschile.cl\/#\/schema\/logo\/image\/","url":"https:\/\/ghschile.cl\/wp-content\/uploads\/2022\/06\/logo-ghs.png","contentUrl":"https:\/\/ghschile.cl\/wp-content\/uploads\/2022\/06\/logo-ghs.png","width":500,"height":500,"caption":"GHS CHILE"},"image":{"@id":"https:\/\/ghschile.cl\/#\/schema\/logo\/image\/"}}]}},"_links":{"self":[{"href":"https:\/\/ghschile.cl\/index.php\/wp-json\/wp\/v2\/pages\/2650","targetHints":{"allow":["GET"]}}],"collection":[{"href":"https:\/\/ghschile.cl\/index.php\/wp-json\/wp\/v2\/pages"}],"about":[{"href":"https:\/\/ghschile.cl\/index.php\/wp-json\/wp\/v2\/types\/page"}],"author":[{"embeddable":true,"href":"https:\/\/ghschile.cl\/index.php\/wp-json\/wp\/v2\/users\/5"}],"replies":[{"embeddable":true,"href":"https:\/\/ghschile.cl\/index.php\/wp-json\/wp\/v2\/comments?post=2650"}],"version-history":[{"count":11,"href":"https:\/\/ghschile.cl\/index.php\/wp-json\/wp\/v2\/pages\/2650\/revisions"}],"predecessor-version":[{"id":3135,"href":"https:\/\/ghschile.cl\/index.php\/wp-json\/wp\/v2\/pages\/2650\/revisions\/3135"}],"wp:attachment":[{"href":"https:\/\/ghschile.cl\/index.php\/wp-json\/wp\/v2\/media?parent=2650"}],"curies":[{"name":"wp","href":"https:\/\/api.w.org\/{rel}","templated":true}]}}