{"id":2411,"date":"2020-08-21T18:37:11","date_gmt":"2020-08-21T18:37:11","guid":{"rendered":"https:\/\/ghschile.cl\/index.php\/teja-arezzo-1340x420-gravillada-ghs-chile-2\/"},"modified":"2024-03-28T18:33:40","modified_gmt":"2024-03-28T18:33:40","slug":"teja-venecia-1340x420-gravillada-ghs-chile","status":"publish","type":"page","link":"https:\/\/ghschile.cl\/index.php\/teja-venecia-1340x420-gravillada-ghs-chile\/","title":{"rendered":"Venecia"},"content":{"rendered":"<p>[et_pb_section fb_built=\u00bb1&#8243; disabled_on=\u00bbon|on|off\u00bb admin_label=\u00bbSection\u00bb _builder_version=\u00bb4.24.2&#8243; _module_preset=\u00bbdefault\u00bb custom_margin=\u00bb0vw||||false|false\u00bb custom_padding=\u00bb0px||0px|||\u00bb link_option_url=\u00bb#tienda\u00bb hover_enabled=\u00bb0&#8243; locked=\u00bboff\u00bb global_colors_info=\u00bb{}\u00bb sticky_enabled=\u00bb0&#8243;][et_pb_row use_custom_gutter=\u00bbon\u00bb gutter_width=\u00bb1&#8243; disabled_on=\u00bboff|off|off\u00bb _builder_version=\u00bb4.22.2&#8243; _module_preset=\u00bbdefault\u00bb width=\u00bb100%\u00bb max_width=\u00bb1900px\u00bb custom_padding=\u00bb0px||0px|||\u00bb animation_style=\u00bbfade\u00bb global_colors_info=\u00bb{}\u00bb][et_pb_column type=\u00bb4_4&#8243; _builder_version=\u00bb4.17.4&#8243; _module_preset=\u00bbdefault\u00bb global_colors_info=\u00bb{}\u00bb][et_pb_slider show_arrows=\u00bboff\u00bb show_pagination=\u00bboff\u00bb _builder_version=\u00bb4.22.2&#8243; _module_preset=\u00bbdefault\u00bb header_font=\u00bbMontserrat|||on|||||\u00bb header_text_color=\u00bb#000000&#8243; body_font=\u00bbMontserrat|||on|||||\u00bb body_text_color=\u00bb#000000&#8243; body_font_size=\u00bb16px\u00bb custom_button=\u00bbon\u00bb button_text_size=\u00bb14px\u00bb button_text_color=\u00bb#000000&#8243; button_bg_color=\u00bb#E06100&#8243; button_border_width=\u00bb0px\u00bb button_border_radius=\u00bb0px\u00bb button_icon=\u00bb&#xe015;||divi||400&#8243; custom_margin=\u00bb0px||0px||true|false\u00bb custom_padding=\u00bb216px||216px||true|false\u00bb animation_style=\u00bbfade\u00bb auto=\u00bbon\u00bb auto_speed=\u00bb3000&#8243; box_shadow_style_button=\u00bbpreset3&#8243; global_colors_info=\u00bb{}\u00bb][et_pb_slide button_link=\u00bb#tienda\u00bb _builder_version=\u00bb4.22.2&#8243; _module_preset=\u00bbdefault\u00bb background_image=\u00bbhttps:\/\/ghschile.cl\/wp-content\/uploads\/2023\/09\/Teja-Gravillada-venecia-GHS-CHILE.png\u00bb background_enable_image=\u00bbon\u00bb custom_padding=\u00bb19vw||19vw||true|false\u00bb global_colors_info=\u00bb{}\u00bb sticky_transition=\u00bbon\u00bb][\/et_pb_slide][\/et_pb_slider][\/et_pb_column][\/et_pb_row][\/et_pb_section][et_pb_section fb_built=\u00bb1&#8243; admin_label=\u00bbSection\u00bb _builder_version=\u00bb4.16&#8243; _module_preset=\u00bbdefault\u00bb background_color=\u00bb#003c56&#8243; custom_padding=\u00bb4px||4px||true|\u00bb global_colors_info=\u00bb{}\u00bb][et_pb_row _builder_version=\u00bb4.16&#8243; _module_preset=\u00bbdefault\u00bb custom_padding=\u00bb23px|||||\u00bb global_colors_info=\u00bb{}\u00bb][et_pb_column type=\u00bb4_4&#8243; _builder_version=\u00bb4.16&#8243; _module_preset=\u00bbdefault\u00bb global_colors_info=\u00bb{}\u00bb][et_pb_text _builder_version=\u00bb4.16&#8243; _module_preset=\u00bbdefault\u00bb header_2_font=\u00bb||||||||\u00bb header_2_text_align=\u00bbcenter\u00bb header_2_text_color=\u00bb#FFFFFF\u00bb header_2_font_size=\u00bb18px\u00bb custom_margin=\u00bb||-8px|||\u00bb global_colors_info=\u00bb{}\u00bb]<\/p>\n<h2>Tel\u00e9fonos: +569 9450 5698 | +569 7399 3110 | Correos: pconcha@ghschile.cl | jtallar@ghschile.cl<\/h2>\n<p>[\/et_pb_text][\/et_pb_column][\/et_pb_row][\/et_pb_section][et_pb_section fb_built=\u00bb1&#8243; admin_label=\u00bbSection\u00bb module_id=\u00bbvenecia\u00bb _builder_version=\u00bb4.19.1&#8243; _module_preset=\u00bbdefault\u00bb background_color=\u00bb#eaeaea\u00bb background_enable_image=\u00bboff\u00bb background_enable_mask_style=\u00bbon\u00bb background_mask_style=\u00bbdiagonal-pills\u00bb custom_margin=\u00bb||-24px|||\u00bb custom_padding=\u00bb39px||71px||false|\u00bb animation_style=\u00bbfade\u00bb animation_duration=\u00bb3000ms\u00bb animation_delay=\u00bb100ms\u00bb animation_starting_opacity=\u00bb19%\u00bb border_width_bottom=\u00bb3px\u00bb border_color_bottom=\u00bb#ffffff\u00bb global_colors_info=\u00bb{}\u00bb][et_pb_row column_structure=\u00bb1_3,1_3,1_3&#8243; _builder_version=\u00bb4.16&#8243; _module_preset=\u00bbdefault\u00bb background_color=\u00bb#ffffff\u00bb custom_padding=\u00bb|20px||20px|false|true\u00bb animation_style=\u00bbfade\u00bb box_shadow_style=\u00bbpreset3&#8243; global_colors_info=\u00bb{}\u00bb][et_pb_column type=\u00bb1_3&#8243; _builder_version=\u00bb4.16&#8243; _module_preset=\u00bbdefault\u00bb global_colors_info=\u00bb{}\u00bb][et_pb_gallery gallery_ids=\u00bb2432,2433,2434&#8243; fullwidth=\u00bbon\u00bb _builder_version=\u00bb4.19.1&#8243; _module_preset=\u00bbdefault\u00bb border_width_all=\u00bb1px\u00bb box_shadow_style=\u00bbpreset3&#8243; global_colors_info=\u00bb{}\u00bb][\/et_pb_gallery][\/et_pb_column][et_pb_column type=\u00bb1_3&#8243; _builder_version=\u00bb4.16&#8243; _module_preset=\u00bbdefault\u00bb global_colors_info=\u00bb{}\u00bb][et_pb_text _builder_version=\u00bb4.16&#8243; _module_preset=\u00bbdefault\u00bb text_font=\u00bbWork Sans|||on|||||\u00bb text_text_color=\u00bb#000000&#8243; text_font_size=\u00bb17px\u00bb custom_margin=\u00bb||9px|||\u00bb global_colors_info=\u00bb{}\u00bb]<\/p>\n<p>Tejas Gravilladas<\/p>\n<p>[\/et_pb_text][et_pb_text _builder_version=\u00bb4.19.1&#8243; _module_preset=\u00bbdefault\u00bb custom_margin=\u00bb||7px|||\u00bb global_colors_info=\u00bb{}\u00bb]<\/p>\n<p>La teja con acabado gravillado <strong>GHS CHILE Venecia <\/strong>emana un estilo europeo tradicional que recuerda a una europa cl\u00e1sica. Su forma elegante y ondulada se adapta bien tanto a las casas modernas como a las tradicionales. Con <strong>Teja Gravillada Venecia <\/strong>puede disfrutar de este aspecto combinado todos los beneficios del acero, una excepcional resistencia al clima y al fuego y una larga vida \u00fatil. Las tejas con acabado gravillado GHSCHILE modelo Venecia est\u00e1n disponibles en una amplia selecci\u00f3n de colores para realzar cualquier esquema de color exterior.<\/p>\n<p>[\/et_pb_text][\/et_pb_column][et_pb_column type=\u00bb1_3&#8243; _builder_version=\u00bb4.16&#8243; _module_preset=\u00bbdefault\u00bb global_colors_info=\u00bb{}\u00bb][et_pb_text _builder_version=\u00bb4.16&#8243; _module_preset=\u00bbdefault\u00bb text_font=\u00bbWork Sans|||on|||||\u00bb text_text_color=\u00bb#000000&#8243; text_font_size=\u00bb17px\u00bb custom_margin=\u00bb0px||13px|||\u00bb global_colors_info=\u00bb{}\u00bb]<\/p>\n<p>Descargue ficha t\u00e9cnica<\/p>\n<p>[\/et_pb_text][et_pb_image src=\u00bbhttps:\/\/ghschile.cl\/wp-content\/uploads\/2020\/08\/1200px-PDF_file_icon.svg_-244&#215;300.png\u00bb title_text=\u00bb1200px-PDF_file_icon.svg\u00bb url=\u00bbhttps:\/\/ghschile.cl\/wp-content\/uploads\/2023\/02\/ficha-tenica-teja-gravillada-venecia_compressed.pdf\u00bb _builder_version=\u00bb4.19.5&#8243; _module_preset=\u00bbdefault\u00bb width=\u00bb20%\u00bb width_tablet=\u00bb20%\u00bb width_phone=\u00bb20%\u00bb width_last_edited=\u00bbon|phone\u00bb global_colors_info=\u00bb{}\u00bb][\/et_pb_image][et_pb_button button_url=\u00bbhttps:\/\/ghschile.cl\/index.php\/teja-gravillada-arezzo-ghs-chile-somos-proveedores-de-tejas\/\u00bb button_text=\u00bbTienda en l\u00ednea\u00bb _builder_version=\u00bb4.19.1&#8243; _module_preset=\u00bbdefault\u00bb custom_button=\u00bbon\u00bb button_text_size=\u00bb16px\u00bb button_text_color=\u00bb#ffffff\u00bb button_bg_color=\u00bb#8c1010&#8243; button_border_width=\u00bb0px\u00bb button_border_radius=\u00bb0px\u00bb button_font=\u00bbComfortaa|300||on|||||\u00bb button_use_icon=\u00bboff\u00bb custom_margin=\u00bb98px||||false|false\u00bb custom_padding=\u00bb8px||||false|false\u00bb box_shadow_style=\u00bbpreset3&#8243; locked=\u00bboff\u00bb global_colors_info=\u00bb{}\u00bb][\/et_pb_button][\/et_pb_column][\/et_pb_row][et_pb_row column_structure=\u00bb1_2,1_2&#8243; _builder_version=\u00bb4.16&#8243; _module_preset=\u00bbdefault\u00bb background_color=\u00bb#ffffff\u00bb custom_padding=\u00bb|20px||20px|false|true\u00bb animation_style=\u00bbfade\u00bb box_shadow_style=\u00bbpreset3&#8243; global_colors_info=\u00bb{}\u00bb][et_pb_column type=\u00bb1_2&#8243; _builder_version=\u00bb4.16&#8243; _module_preset=\u00bbdefault\u00bb global_colors_info=\u00bb{}\u00bb][et_pb_text _builder_version=\u00bb4.16&#8243; _module_preset=\u00bbdefault\u00bb text_font=\u00bbWork Sans|||on|||||\u00bb text_text_color=\u00bb#000000&#8243; text_font_size=\u00bb17px\u00bb custom_margin=\u00bb||9px|||\u00bb global_colors_info=\u00bb{}\u00bb]<\/p>\n<p>Colores:\u00a0<\/p>\n<p>[\/et_pb_text][et_pb_image src=\u00bbhttps:\/\/ghschile.cl\/wp-content\/uploads\/2022\/11\/colores-tejas-gravilladas.png\u00bb title_text=\u00bbcolores tejas gravilladas\u00bb show_in_lightbox=\u00bbon\u00bb _builder_version=\u00bb4.19.1&#8243; _module_preset=\u00bbdefault\u00bb global_colors_info=\u00bb{}\u00bb][\/et_pb_image][\/et_pb_column][et_pb_column type=\u00bb1_2&#8243; _builder_version=\u00bb4.16&#8243; _module_preset=\u00bbdefault\u00bb global_colors_info=\u00bb{}\u00bb][et_pb_text _builder_version=\u00bb4.19.1&#8243; _module_preset=\u00bbdefault\u00bb text_font=\u00bbOpen Sans|||on|||||\u00bb text_text_color=\u00bb#000000&#8243; global_colors_info=\u00bb{}\u00bb]<\/p>\n<p>CONSULTE POR NUESTRA DISPONIBILIDAD DE COLORES EN TEJAS CONT\u00cdNUAS PREPINTADAS GHS CHILE<\/p>\n<p><strong>TEJA GRAVILLADA Venecia<\/strong><\/p>\n<p><strong>COLORES: GRAVILLADO TERRACOTA, GRAVILLADO Caf\u00e9, GRAVILLADO NEGRO.<\/strong><\/p>\n<p>SOMOS GHSCHILE<\/p>\n<p>&nbsp;<\/p>\n<p>[\/et_pb_text][\/et_pb_column][\/et_pb_row][et_pb_row column_structure=\u00bb1_4,1_4,1_4,1_4&#8243; _builder_version=\u00bb4.16&#8243; _module_preset=\u00bbdefault\u00bb background_color=\u00bb#ffffff\u00bb custom_margin=\u00bb47px|auto||auto||\u00bb custom_padding=\u00bb|20px||20px|false|true\u00bb animation_style=\u00bbfade\u00bb box_shadow_style=\u00bbpreset3&#8243; global_colors_info=\u00bb{}\u00bb][et_pb_column type=\u00bb1_4&#8243; _builder_version=\u00bb4.16&#8243; _module_preset=\u00bbdefault\u00bb global_colors_info=\u00bb{}\u00bb][et_pb_image src=\u00bbhttps:\/\/ghschile.cl\/wp-content\/uploads\/2022\/11\/teja-gravillada-Venecia-ghschile-terracota.png\u00bb alt=\u00bbteja gravillada\u00bb title_text=\u00bbteja gravillada Venecia ghschile terracota\u00bb show_in_lightbox=\u00bbon\u00bb _builder_version=\u00bb4.19.1&#8243; _module_preset=\u00bbdefault\u00bb animation_style=\u00bbflip\u00bb global_colors_info=\u00bb{}\u00bb][\/et_pb_image][\/et_pb_column][et_pb_column type=\u00bb1_4&#8243; _builder_version=\u00bb4.16&#8243; _module_preset=\u00bbdefault\u00bb global_colors_info=\u00bb{}\u00bb][et_pb_image src=\u00bbhttps:\/\/ghschile.cl\/wp-content\/uploads\/2022\/11\/teja-gravillada-Venecia-ghschile-terracota-baja.png\u00bb alt=\u00bbteja gravillada Venecia ghschile\u00bb title_text=\u00bbteja gravillada Venecia ghschile terracota baja\u00bb show_in_lightbox=\u00bbon\u00bb _builder_version=\u00bb4.19.1&#8243; _module_preset=\u00bbdefault\u00bb custom_margin=\u00bb||3px|||\u00bb animation_style=\u00bbflip\u00bb global_colors_info=\u00bb{}\u00bb][\/et_pb_image][\/et_pb_column][et_pb_column type=\u00bb1_4&#8243; _builder_version=\u00bb4.16&#8243; _module_preset=\u00bbdefault\u00bb global_colors_info=\u00bb{}\u00bb][et_pb_image src=\u00bbhttps:\/\/ghschile.cl\/wp-content\/uploads\/2022\/11\/teja-gravillada-Venecia-ghschile-negra-baja.png\u00bb alt=\u00bbteja gravillada Venecia ghschile\u00bb title_text=\u00bbteja gravillada Venecia ghschile negra baja\u00bb show_in_lightbox=\u00bbon\u00bb _builder_version=\u00bb4.19.1&#8243; _module_preset=\u00bbdefault\u00bb custom_margin=\u00bb||3px|||\u00bb animation_style=\u00bbflip\u00bb global_colors_info=\u00bb{}\u00bb][\/et_pb_image][\/et_pb_column][et_pb_column type=\u00bb1_4&#8243; _builder_version=\u00bb4.16&#8243; _module_preset=\u00bbdefault\u00bb global_colors_info=\u00bb{}\u00bb][et_pb_image src=\u00bbhttps:\/\/ghschile.cl\/wp-content\/uploads\/2022\/11\/teja-gravillada-Venecia-negra.png\u00bb alt=\u00bbteja gravillada Venecia ghschile\u00bb title_text=\u00bbteja gravillada Venecia negra\u00bb show_in_lightbox=\u00bbon\u00bb _builder_version=\u00bb4.19.1&#8243; _module_preset=\u00bbdefault\u00bb animation_style=\u00bbflip\u00bb global_colors_info=\u00bb{}\u00bb][\/et_pb_image][\/et_pb_column][\/et_pb_row][et_pb_row column_structure=\u00bb1_2,1_2&#8243; _builder_version=\u00bb4.16&#8243; _module_preset=\u00bbdefault\u00bb background_color=\u00bb#ffffff\u00bb custom_margin=\u00bb47px|auto||auto||\u00bb custom_padding=\u00bb|20px||20px|false|true\u00bb animation_style=\u00bbfade\u00bb box_shadow_style=\u00bbpreset3&#8243; global_colors_info=\u00bb{}\u00bb][et_pb_column type=\u00bb1_2&#8243; _builder_version=\u00bb4.16&#8243; _module_preset=\u00bbdefault\u00bb global_colors_info=\u00bb{}\u00bb][et_pb_image src=\u00bbhttps:\/\/ghschile.cl\/wp-content\/uploads\/2022\/11\/casa-venecia-ghs.jpeg\u00bb title_text=\u00bbcasa venecia ghs\u00bb show_in_lightbox=\u00bbon\u00bb _builder_version=\u00bb4.19.1&#8243; _module_preset=\u00bbdefault\u00bb animation_style=\u00bbflip\u00bb global_colors_info=\u00bb{}\u00bb][\/et_pb_image][et_pb_image src=\u00bbhttps:\/\/ghschile.cl\/wp-content\/uploads\/2022\/11\/teja-gravillada-venecia-4.jpeg\u00bb title_text=\u00bbteja gravillada venecia 4&#8243; show_in_lightbox=\u00bbon\u00bb _builder_version=\u00bb4.19.1&#8243; _module_preset=\u00bbdefault\u00bb animation_style=\u00bbflip\u00bb global_colors_info=\u00bb{}\u00bb][\/et_pb_image][\/et_pb_column][et_pb_column type=\u00bb1_2&#8243; _builder_version=\u00bb4.16&#8243; _module_preset=\u00bbdefault\u00bb global_colors_info=\u00bb{}\u00bb][et_pb_image src=\u00bbhttps:\/\/ghschile.cl\/wp-content\/uploads\/2022\/11\/Mesa-de-trabajo-23-copia-1.png\u00bb alt=\u00bbteja gravillada venecia GHSCHILE\u00bb title_text=\u00bbteja gravillada venecia GHSCHILE\u00bb show_in_lightbox=\u00bbon\u00bb _builder_version=\u00bb4.19.1&#8243; _module_preset=\u00bbdefault\u00bb custom_margin=\u00bb||3px|||\u00bb animation_style=\u00bbflip\u00bb global_colors_info=\u00bb{}\u00bb][\/et_pb_image][et_pb_button button_url=\u00bbhttps:\/\/ghschile.cl\/index.php\/teja-gravillada-arezzo-ghs-chile-somos-proveedores-de-tejas\/\u00bb button_text=\u00bbTienda en l\u00ednea\u00bb _builder_version=\u00bb4.19.1&#8243; _module_preset=\u00bbdefault\u00bb custom_button=\u00bbon\u00bb button_text_size=\u00bb16px\u00bb button_text_color=\u00bb#ffffff\u00bb button_bg_color=\u00bb#8c1010&#8243; button_border_width=\u00bb0px\u00bb button_border_radius=\u00bb0px\u00bb button_font=\u00bbComfortaa|300||on|||||\u00bb button_use_icon=\u00bboff\u00bb custom_margin=\u00bb37px||||false|false\u00bb custom_padding=\u00bb8px||||false|false\u00bb box_shadow_style=\u00bbpreset3&#8243; locked=\u00bboff\u00bb global_colors_info=\u00bb{}\u00bb][\/et_pb_button][\/et_pb_column][\/et_pb_row][\/et_pb_section]<\/p>\n","protected":false},"excerpt":{"rendered":"<p>Tel\u00e9fonos: +569 9450 5698 | +569 7399 3110 | Correos: pconcha@ghschile.cl | jtallar@ghschile.clTejas GravilladasLa teja con acabado gravillado GHS CHILE Venecia emana un estilo europeo tradicional que recuerda a una europa cl\u00e1sica. Su forma elegante y ondulada se adapta bien tanto a las casas modernas como a las tradicionales. Con Teja Gravillada Venecia puede disfrutar [&hellip;]<\/p>\n","protected":false},"author":5,"featured_media":2429,"parent":0,"menu_order":0,"comment_status":"closed","ping_status":"closed","template":"","meta":{"_et_pb_use_builder":"on","_et_pb_old_content":"","_et_gb_content_width":"","footnotes":""},"class_list":["post-2411","page","type-page","status-publish","has-post-thumbnail","hentry"],"yoast_head":"<!-- This site is optimized with the Yoast SEO plugin v27.0 - https:\/\/yoast.com\/product\/yoast-seo-wordpress\/ -->\n<title>Teja Venecia1340X420 Gravillada | Ghs Chile<\/title>\n<meta name=\"description\" content=\"Encuentra todo lo que necesitas para tu proyecto. Tejas Gravilladas y Prepintadas Cont\u00ednuas. Materiales con calidad y precio.\" \/>\n<meta name=\"robots\" content=\"index, follow, max-snippet:-1, max-image-preview:large, max-video-preview:-1\" \/>\n<link rel=\"canonical\" href=\"https:\/\/ghschile.cl\/index.php\/teja-venecia-1340x420-gravillada-ghs-chile\/\" \/>\n<meta property=\"og:locale\" content=\"es_ES\" \/>\n<meta property=\"og:type\" content=\"article\" \/>\n<meta property=\"og:title\" content=\"Teja Venecia1340X420 Gravillada | Ghs Chile\" \/>\n<meta property=\"og:description\" content=\"Encuentra todo lo que necesitas para tu proyecto. Tejas Gravilladas y Prepintadas Cont\u00ednuas. Materiales con calidad y precio.\" \/>\n<meta property=\"og:url\" content=\"https:\/\/ghschile.cl\/index.php\/teja-venecia-1340x420-gravillada-ghs-chile\/\" \/>\n<meta property=\"og:site_name\" content=\"GHS CHILE\" \/>\n<meta property=\"article:modified_time\" content=\"2024-03-28T18:33:40+00:00\" \/>\n<meta property=\"og:image\" content=\"https:\/\/ghschile.cl\/wp-content\/uploads\/2022\/11\/teja-gravillada-Venecia-ghschile-terracota.png\" \/>\n\t<meta property=\"og:image:width\" content=\"1080\" \/>\n\t<meta property=\"og:image:height\" content=\"803\" \/>\n\t<meta property=\"og:image:type\" content=\"image\/png\" \/>\n<meta name=\"twitter:card\" content=\"summary_large_image\" \/>\n<meta name=\"twitter:label1\" content=\"Tiempo de lectura\" \/>\n\t<meta name=\"twitter:data1\" content=\"3 minutos\" \/>\n<script type=\"application\/ld+json\" class=\"yoast-schema-graph\">{\"@context\":\"https:\/\/schema.org\",\"@graph\":[{\"@type\":\"WebPage\",\"@id\":\"https:\/\/ghschile.cl\/index.php\/teja-venecia-1340x420-gravillada-ghs-chile\/\",\"url\":\"https:\/\/ghschile.cl\/index.php\/teja-venecia-1340x420-gravillada-ghs-chile\/\",\"name\":\"Teja Venecia1340X420 Gravillada | Ghs Chile\",\"isPartOf\":{\"@id\":\"https:\/\/ghschile.cl\/#website\"},\"primaryImageOfPage\":{\"@id\":\"https:\/\/ghschile.cl\/index.php\/teja-venecia-1340x420-gravillada-ghs-chile\/#primaryimage\"},\"image\":{\"@id\":\"https:\/\/ghschile.cl\/index.php\/teja-venecia-1340x420-gravillada-ghs-chile\/#primaryimage\"},\"thumbnailUrl\":\"https:\/\/ghschile.cl\/wp-content\/uploads\/2022\/11\/teja-gravillada-Venecia-ghschile-terracota.png\",\"datePublished\":\"2020-08-21T18:37:11+00:00\",\"dateModified\":\"2024-03-28T18:33:40+00:00\",\"description\":\"Encuentra todo lo que necesitas para tu proyecto. Tejas Gravilladas y Prepintadas Cont\u00ednuas. Materiales con calidad y precio.\",\"breadcrumb\":{\"@id\":\"https:\/\/ghschile.cl\/index.php\/teja-venecia-1340x420-gravillada-ghs-chile\/#breadcrumb\"},\"inLanguage\":\"es\",\"potentialAction\":[{\"@type\":\"ReadAction\",\"target\":[\"https:\/\/ghschile.cl\/index.php\/teja-venecia-1340x420-gravillada-ghs-chile\/\"]}]},{\"@type\":\"ImageObject\",\"inLanguage\":\"es\",\"@id\":\"https:\/\/ghschile.cl\/index.php\/teja-venecia-1340x420-gravillada-ghs-chile\/#primaryimage\",\"url\":\"https:\/\/ghschile.cl\/wp-content\/uploads\/2022\/11\/teja-gravillada-Venecia-ghschile-terracota.png\",\"contentUrl\":\"https:\/\/ghschile.cl\/wp-content\/uploads\/2022\/11\/teja-gravillada-Venecia-ghschile-terracota.png\",\"width\":1080,\"height\":803,\"caption\":\"teja gravillada VENECIA GHSCHILE\"},{\"@type\":\"BreadcrumbList\",\"@id\":\"https:\/\/ghschile.cl\/index.php\/teja-venecia-1340x420-gravillada-ghs-chile\/#breadcrumb\",\"itemListElement\":[{\"@type\":\"ListItem\",\"position\":1,\"name\":\"Portada\",\"item\":\"https:\/\/ghschile.cl\/\"},{\"@type\":\"ListItem\",\"position\":2,\"name\":\"Venecia\"}]},{\"@type\":\"WebSite\",\"@id\":\"https:\/\/ghschile.cl\/#website\",\"url\":\"https:\/\/ghschile.cl\/\",\"name\":\"GHS CHILE\",\"description\":\"Techos y Revestimientos\",\"publisher\":{\"@id\":\"https:\/\/ghschile.cl\/#organization\"},\"potentialAction\":[{\"@type\":\"SearchAction\",\"target\":{\"@type\":\"EntryPoint\",\"urlTemplate\":\"https:\/\/ghschile.cl\/?s={search_term_string}\"},\"query-input\":{\"@type\":\"PropertyValueSpecification\",\"valueRequired\":true,\"valueName\":\"search_term_string\"}}],\"inLanguage\":\"es\"},{\"@type\":\"Organization\",\"@id\":\"https:\/\/ghschile.cl\/#organization\",\"name\":\"GHS CHILE\",\"alternateName\":\"GHSCHILE techos\",\"url\":\"https:\/\/ghschile.cl\/\",\"logo\":{\"@type\":\"ImageObject\",\"inLanguage\":\"es\",\"@id\":\"https:\/\/ghschile.cl\/#\/schema\/logo\/image\/\",\"url\":\"https:\/\/ghschile.cl\/wp-content\/uploads\/2022\/06\/logo-ghs.png\",\"contentUrl\":\"https:\/\/ghschile.cl\/wp-content\/uploads\/2022\/06\/logo-ghs.png\",\"width\":500,\"height\":500,\"caption\":\"GHS CHILE\"},\"image\":{\"@id\":\"https:\/\/ghschile.cl\/#\/schema\/logo\/image\/\"}}]}<\/script>\n<!-- \/ Yoast SEO plugin. -->","yoast_head_json":{"title":"Teja Venecia1340X420 Gravillada | Ghs Chile","description":"Encuentra todo lo que necesitas para tu proyecto. Tejas Gravilladas y Prepintadas Cont\u00ednuas. Materiales con calidad y precio.","robots":{"index":"index","follow":"follow","max-snippet":"max-snippet:-1","max-image-preview":"max-image-preview:large","max-video-preview":"max-video-preview:-1"},"canonical":"https:\/\/ghschile.cl\/index.php\/teja-venecia-1340x420-gravillada-ghs-chile\/","og_locale":"es_ES","og_type":"article","og_title":"Teja Venecia1340X420 Gravillada | Ghs Chile","og_description":"Encuentra todo lo que necesitas para tu proyecto. Tejas Gravilladas y Prepintadas Cont\u00ednuas. Materiales con calidad y precio.","og_url":"https:\/\/ghschile.cl\/index.php\/teja-venecia-1340x420-gravillada-ghs-chile\/","og_site_name":"GHS CHILE","article_modified_time":"2024-03-28T18:33:40+00:00","og_image":[{"width":1080,"height":803,"url":"https:\/\/ghschile.cl\/wp-content\/uploads\/2022\/11\/teja-gravillada-Venecia-ghschile-terracota.png","type":"image\/png"}],"twitter_card":"summary_large_image","twitter_misc":{"Tiempo de lectura":"3 minutos"},"schema":{"@context":"https:\/\/schema.org","@graph":[{"@type":"WebPage","@id":"https:\/\/ghschile.cl\/index.php\/teja-venecia-1340x420-gravillada-ghs-chile\/","url":"https:\/\/ghschile.cl\/index.php\/teja-venecia-1340x420-gravillada-ghs-chile\/","name":"Teja Venecia1340X420 Gravillada | Ghs Chile","isPartOf":{"@id":"https:\/\/ghschile.cl\/#website"},"primaryImageOfPage":{"@id":"https:\/\/ghschile.cl\/index.php\/teja-venecia-1340x420-gravillada-ghs-chile\/#primaryimage"},"image":{"@id":"https:\/\/ghschile.cl\/index.php\/teja-venecia-1340x420-gravillada-ghs-chile\/#primaryimage"},"thumbnailUrl":"https:\/\/ghschile.cl\/wp-content\/uploads\/2022\/11\/teja-gravillada-Venecia-ghschile-terracota.png","datePublished":"2020-08-21T18:37:11+00:00","dateModified":"2024-03-28T18:33:40+00:00","description":"Encuentra todo lo que necesitas para tu proyecto. Tejas Gravilladas y Prepintadas Cont\u00ednuas. Materiales con calidad y precio.","breadcrumb":{"@id":"https:\/\/ghschile.cl\/index.php\/teja-venecia-1340x420-gravillada-ghs-chile\/#breadcrumb"},"inLanguage":"es","potentialAction":[{"@type":"ReadAction","target":["https:\/\/ghschile.cl\/index.php\/teja-venecia-1340x420-gravillada-ghs-chile\/"]}]},{"@type":"ImageObject","inLanguage":"es","@id":"https:\/\/ghschile.cl\/index.php\/teja-venecia-1340x420-gravillada-ghs-chile\/#primaryimage","url":"https:\/\/ghschile.cl\/wp-content\/uploads\/2022\/11\/teja-gravillada-Venecia-ghschile-terracota.png","contentUrl":"https:\/\/ghschile.cl\/wp-content\/uploads\/2022\/11\/teja-gravillada-Venecia-ghschile-terracota.png","width":1080,"height":803,"caption":"teja gravillada VENECIA GHSCHILE"},{"@type":"BreadcrumbList","@id":"https:\/\/ghschile.cl\/index.php\/teja-venecia-1340x420-gravillada-ghs-chile\/#breadcrumb","itemListElement":[{"@type":"ListItem","position":1,"name":"Portada","item":"https:\/\/ghschile.cl\/"},{"@type":"ListItem","position":2,"name":"Venecia"}]},{"@type":"WebSite","@id":"https:\/\/ghschile.cl\/#website","url":"https:\/\/ghschile.cl\/","name":"GHS CHILE","description":"Techos y Revestimientos","publisher":{"@id":"https:\/\/ghschile.cl\/#organization"},"potentialAction":[{"@type":"SearchAction","target":{"@type":"EntryPoint","urlTemplate":"https:\/\/ghschile.cl\/?s={search_term_string}"},"query-input":{"@type":"PropertyValueSpecification","valueRequired":true,"valueName":"search_term_string"}}],"inLanguage":"es"},{"@type":"Organization","@id":"https:\/\/ghschile.cl\/#organization","name":"GHS CHILE","alternateName":"GHSCHILE techos","url":"https:\/\/ghschile.cl\/","logo":{"@type":"ImageObject","inLanguage":"es","@id":"https:\/\/ghschile.cl\/#\/schema\/logo\/image\/","url":"https:\/\/ghschile.cl\/wp-content\/uploads\/2022\/06\/logo-ghs.png","contentUrl":"https:\/\/ghschile.cl\/wp-content\/uploads\/2022\/06\/logo-ghs.png","width":500,"height":500,"caption":"GHS CHILE"},"image":{"@id":"https:\/\/ghschile.cl\/#\/schema\/logo\/image\/"}}]}},"_links":{"self":[{"href":"https:\/\/ghschile.cl\/index.php\/wp-json\/wp\/v2\/pages\/2411","targetHints":{"allow":["GET"]}}],"collection":[{"href":"https:\/\/ghschile.cl\/index.php\/wp-json\/wp\/v2\/pages"}],"about":[{"href":"https:\/\/ghschile.cl\/index.php\/wp-json\/wp\/v2\/types\/page"}],"author":[{"embeddable":true,"href":"https:\/\/ghschile.cl\/index.php\/wp-json\/wp\/v2\/users\/5"}],"replies":[{"embeddable":true,"href":"https:\/\/ghschile.cl\/index.php\/wp-json\/wp\/v2\/comments?post=2411"}],"version-history":[{"count":13,"href":"https:\/\/ghschile.cl\/index.php\/wp-json\/wp\/v2\/pages\/2411\/revisions"}],"predecessor-version":[{"id":3238,"href":"https:\/\/ghschile.cl\/index.php\/wp-json\/wp\/v2\/pages\/2411\/revisions\/3238"}],"wp:featuredmedia":[{"embeddable":true,"href":"https:\/\/ghschile.cl\/index.php\/wp-json\/wp\/v2\/media\/2429"}],"wp:attachment":[{"href":"https:\/\/ghschile.cl\/index.php\/wp-json\/wp\/v2\/media?parent=2411"}],"curies":[{"name":"wp","href":"https:\/\/api.w.org\/{rel}","templated":true}]}}