{"id":1798,"date":"2022-03-30T20:41:35","date_gmt":"2022-03-30T20:41:35","guid":{"rendered":"https:\/\/ghschile.cl\/?page_id=1798"},"modified":"2024-08-20T21:47:05","modified_gmt":"2024-08-20T21:47:05","slug":"tejas-asfalticas-tegola","status":"publish","type":"page","link":"https:\/\/ghschile.cl\/index.php\/tejas-asfalticas-tegola\/","title":{"rendered":"Tejas Asf\u00e1lticas T\u00e9gola"},"content":{"rendered":"<p>[et_pb_section fb_built=\u00bb1&#8243; disabled_on=\u00bbon|on|on\u00bb _builder_version=\u00bb4.17.4&#8243; _module_preset=\u00bbdefault\u00bb background_color=\u00bb#ffffff\u00bb background_enable_image=\u00bboff\u00bb background_size=\u00bbinitial\u00bb width=\u00bb100%\u00bb width_tablet=\u00bb\u00bb width_phone=\u00bb\u00bb width_last_edited=\u00bbon|desktop\u00bb module_alignment=\u00bbcenter\u00bb custom_padding=\u00bb0px||0px|||\u00bb disabled=\u00bbon\u00bb global_colors_info=\u00bb{}\u00bb][et_pb_row column_structure=\u00bb1_2,1_2&#8243; use_custom_gutter=\u00bbon\u00bb gutter_width=\u00bb2&#8243; make_equal=\u00bbon\u00bb _builder_version=\u00bb4.17.4&#8243; _module_preset=\u00bbdefault\u00bb width=\u00bb100%\u00bb max_width=\u00bb1900px\u00bb module_alignment=\u00bbcenter\u00bb custom_padding=\u00bb0px||0px||true|false\u00bb global_colors_info=\u00bb{}\u00bb][et_pb_column type=\u00bb1_2&#8243; _builder_version=\u00bb4.17.4&#8243; _module_preset=\u00bbdefault\u00bb global_colors_info=\u00bb{}\u00bb][et_pb_gallery gallery_ids=\u00bb2152,2153,2154,2155,2156&#8243; fullwidth=\u00bbon\u00bb _builder_version=\u00bb4.17.6&#8243; _module_preset=\u00bbdefault\u00bb width=\u00bb100%\u00bb module_alignment=\u00bbcenter\u00bb custom_padding=\u00bb||0px|||\u00bb auto=\u00bbon\u00bb auto_speed=\u00bb3000&#8243; global_colors_info=\u00bb{}\u00bb][\/et_pb_gallery][\/et_pb_column][et_pb_column type=\u00bb1_2&#8243; _builder_version=\u00bb4.17.4&#8243; _module_preset=\u00bbdefault\u00bb global_colors_info=\u00bb{}\u00bb][et_pb_text _builder_version=\u00bb4.17.6&#8243; _module_preset=\u00bbdefault\u00bb text_font=\u00bbMontserrat|300||on|||||\u00bb text_text_color=\u00bb#000000&#8243; text_font_size=\u00bb45px\u00bb header_font=\u00bbMontserrat|300|||||||\u00bb header_text_align=\u00bbcenter\u00bb header_text_color=\u00bb#000000&#8243; header_font_size=\u00bb45px\u00bb header_2_font=\u00bbMontserrat|||on|||||\u00bb header_2_text_align=\u00bbcenter\u00bb header_2_font_size=\u00bb16px\u00bb width=\u00bb80%\u00bb module_alignment=\u00bbcenter\u00bb custom_margin=\u00bb10%||||false|false\u00bb custom_margin_tablet=\u00bb100px||||false|false\u00bb custom_margin_phone=\u00bb50px||||false|false\u00bb custom_margin_last_edited=\u00bbon|desktop\u00bb text_font_size_tablet=\u00bb45px\u00bb text_font_size_phone=\u00bb30px\u00bb text_font_size_last_edited=\u00bbon|phone\u00bb header_font_tablet=\u00bbMontserrat|300|||||||\u00bb header_font_phone=\u00bbMontserrat|300|||||||\u00bb header_font_last_edited=\u00bbon|desktop\u00bb header_2_font_last_edited=\u00bboff|phone\u00bb header_2_font_size_tablet=\u00bb24px\u00bb header_2_font_size_phone=\u00bb12px\u00bb header_2_font_size_last_edited=\u00bbon|phone\u00bb global_colors_info=\u00bb{}\u00bb]<\/p>\n<h1>Teja Asf\u00e1ltica T\u00e9gola<\/h1>\n<h2>Somos <strong>GHS CHILE<\/strong>, consulte por nuestros <strong>precios especiales<\/strong> en modelos Eco Roof<\/h2>\n<p>[\/et_pb_text][et_pb_social_media_follow _builder_version=\u00bb4.17.6&#8243; _module_preset=\u00bbdefault\u00bb background_enable_color=\u00bboff\u00bb text_orientation=\u00bbcenter\u00bb width=\u00bb80%\u00bb module_alignment=\u00bbcenter\u00bb custom_padding=\u00bb||||false|false\u00bb global_colors_info=\u00bb{}\u00bb][et_pb_social_media_follow_network social_network=\u00bbfacebook\u00bb url=\u00bbhttps:\/\/www.facebook.com\/Ghschile-101220528469050&#8243; _builder_version=\u00bb4.17.6&#8243; _module_preset=\u00bbdefault\u00bb background_color=\u00bb#3b5998&#8243; global_colors_info=\u00bb{}\u00bb follow_button=\u00bboff\u00bb url_new_window=\u00bbon\u00bb]facebook[\/et_pb_social_media_follow_network][et_pb_social_media_follow_network social_network=\u00bbinstagram\u00bb url=\u00bbhttps:\/\/www.instagram.com\/ghschile\/\u00bb _builder_version=\u00bb4.17.4&#8243; _module_preset=\u00bbdefault\u00bb background_color=\u00bb#ea2c59&#8243; global_colors_info=\u00bb{}\u00bb follow_button=\u00bboff\u00bb url_new_window=\u00bbon\u00bb]instagram[\/et_pb_social_media_follow_network][et_pb_social_media_follow_network social_network=\u00bbwhatsapp\u00bb url=\u00bbhttps:\/\/web.whatsapp.com\/send?phone=56920418898&#038;text=Hola%20somos%20Global%20Home%20Solutions%2C%20%C2%BFcu%C3%A9ntanos%20en%20que%20te%20podemos%20ayudar%3F\u00bb _builder_version=\u00bb4.17.4&#8243; _module_preset=\u00bbdefault\u00bb background_color=\u00bb#25D366&#8243; global_colors_info=\u00bb{}\u00bb follow_button=\u00bboff\u00bb url_new_window=\u00bbon\u00bb]whatsapp[\/et_pb_social_media_follow_network][\/et_pb_social_media_follow][et_pb_button button_url=\u00bb#tienda\u00bb button_text=\u00bbCompre en l\u00ednea\u00bb button_alignment=\u00bbcenter\u00bb _builder_version=\u00bb4.17.6&#8243; _module_preset=\u00bbdefault\u00bb custom_button=\u00bbon\u00bb button_text_size=\u00bb14px\u00bb button_text_color=\u00bb#FFFFFF\u00bb button_bg_color=\u00bb#E02B20&#8243; button_border_width=\u00bb0px\u00bb button_border_radius=\u00bb0px\u00bb button_font=\u00bbMontserrat|||on|||||\u00bb button_icon=\u00bb&#xe07a;||divi||400&#8243; custom_margin=\u00bb||||false|false\u00bb custom_margin_tablet=\u00bb||50px||false|false\u00bb custom_margin_phone=\u00bb||50px||false|false\u00bb custom_margin_last_edited=\u00bbon|phone\u00bb box_shadow_style=\u00bbpreset3&#8243; global_colors_info=\u00bb{}\u00bb][\/et_pb_button][\/et_pb_column][\/et_pb_row][\/et_pb_section][et_pb_section fb_built=\u00bb1&#8243; fullwidth=\u00bbon\u00bb _builder_version=\u00bb4.22.2&#8243; _module_preset=\u00bbdefault\u00bb custom_margin=\u00bb||||true|false\u00bb locked=\u00bboff\u00bb global_colors_info=\u00bb{}\u00bb][et_pb_fullwidth_slider _builder_version=\u00bb4.22.2&#8243; _module_preset=\u00bbdefault\u00bb custom_margin=\u00bb||||true|false\u00bb custom_padding=\u00bb10vw||10vw||true|false\u00bb auto=\u00bbon\u00bb auto_speed=\u00bb3000&#8243; global_colors_info=\u00bb{}\u00bb][et_pb_slide _builder_version=\u00bb4.22.2&#8243; _module_preset=\u00bbdefault\u00bb background_image=\u00bbhttps:\/\/ghschile.cl\/wp-content\/uploads\/2023\/09\/teja-asfaltica-tegola-master-j-ghs-chile.jpg\u00bb background_enable_image=\u00bbon\u00bb custom_padding=\u00bb12vw||12vw||true|false\u00bb global_colors_info=\u00bb{}\u00bb sticky_transition=\u00bbon\u00bb][\/et_pb_slide][et_pb_slide _builder_version=\u00bb4.22.2&#8243; _module_preset=\u00bbdefault\u00bb background_image=\u00bbhttps:\/\/ghschile.cl\/wp-content\/uploads\/2023\/09\/teja-asfaltica-eco-roof-GHS-CHILE.jpg\u00bb background_enable_image=\u00bbon\u00bb custom_padding=\u00bb12vw||12vw||true|false\u00bb global_colors_info=\u00bb{}\u00bb sticky_transition=\u00bbon\u00bb][\/et_pb_slide][et_pb_slide _builder_version=\u00bb4.22.2&#8243; _module_preset=\u00bbdefault\u00bb background_image=\u00bbhttps:\/\/ghschile.cl\/wp-content\/uploads\/2023\/09\/teja-asfaltica-tegola-master-j-ghs-chile-2.jpg\u00bb background_enable_image=\u00bbon\u00bb custom_padding=\u00bb12vw||12vw||true|false\u00bb global_colors_info=\u00bb{}\u00bb sticky_transition=\u00bbon\u00bb][\/et_pb_slide][et_pb_slide _builder_version=\u00bb4.22.2&#8243; _module_preset=\u00bbdefault\u00bb background_image=\u00bbhttps:\/\/ghschile.cl\/wp-content\/uploads\/2023\/09\/teja-asfaltica-eco-roof-GHS-CHILE-2.jpg\u00bb background_enable_image=\u00bbon\u00bb custom_padding=\u00bb12vw||12vw||true|false\u00bb global_colors_info=\u00bb{}\u00bb sticky_transition=\u00bbon\u00bb][\/et_pb_slide][\/et_pb_fullwidth_slider][\/et_pb_section][et_pb_section fb_built=\u00bb1&#8243; _builder_version=\u00bb4.16.0&#8243; _module_preset=\u00bbdefault\u00bb background_color=\u00bb#003c56&#8243; custom_padding=\u00bb4px||4px||true|\u00bb animation_style=\u00bbfade\u00bb locked=\u00bboff\u00bb global_colors_info=\u00bb{}\u00bb][et_pb_row _builder_version=\u00bb4.16&#8243; _module_preset=\u00bbdefault\u00bb custom_padding=\u00bb23px|||||\u00bb global_colors_info=\u00bb{}\u00bb][et_pb_column type=\u00bb4_4&#8243; _builder_version=\u00bb4.16&#8243; _module_preset=\u00bbdefault\u00bb global_colors_info=\u00bb{}\u00bb][et_pb_text _builder_version=\u00bb4.16&#8243; _module_preset=\u00bbdefault\u00bb header_2_font=\u00bb||||||||\u00bb header_2_text_align=\u00bbcenter\u00bb header_2_text_color=\u00bb#FFFFFF\u00bb header_2_font_size=\u00bb18px\u00bb custom_margin=\u00bb||-8px|||\u00bb global_colors_info=\u00bb{}\u00bb]<\/p>\n<h2>Tel\u00e9fonos: +569 9450 5698 | +569 7399 3110 | Correos: pconcha@ghschile.cl | jtallar@ghschile.cl<\/h2>\n<p>[\/et_pb_text][\/et_pb_column][\/et_pb_row][\/et_pb_section][et_pb_section fb_built=\u00bb1&#8243; module_id=\u00bbtienda\u00bb _builder_version=\u00bb4.17.4&#8243; _module_preset=\u00bbdefault\u00bb background_color=\u00bb#FFFFFF\u00bb custom_padding=\u00bb6px||||false|false\u00bb animation_style=\u00bbfade\u00bb global_colors_info=\u00bb{}\u00bb][et_pb_row column_structure=\u00bb2_3,1_3&#8243; use_custom_gutter=\u00bbon\u00bb gutter_width=\u00bb2&#8243; _builder_version=\u00bb4.17.0&#8243; _module_preset=\u00bbdefault\u00bb width=\u00bb90%\u00bb custom_margin=\u00bb||||false|false\u00bb custom_padding=\u00bb25px||2px||false|false\u00bb animation_style=\u00bbfade\u00bb locked=\u00bboff\u00bb global_colors_info=\u00bb{}\u00bb][et_pb_column type=\u00bb2_3&#8243; _builder_version=\u00bb4.16&#8243; _module_preset=\u00bbdefault\u00bb global_colors_info=\u00bb{}\u00bb][et_pb_divider color=\u00bb#e02b20&#8243; divider_position=\u00bbcenter\u00bb divider_weight=\u00bb1px\u00bb _builder_version=\u00bb4.16.0&#8243; _module_preset=\u00bbdefault\u00bb width=\u00bb25%\u00bb module_alignment=\u00bbleft\u00bb custom_margin=\u00bb||12px|||\u00bb animation_style=\u00bbslide\u00bb animation_direction=\u00bbleft\u00bb locked=\u00bboff\u00bb global_colors_info=\u00bb{}\u00bb][\/et_pb_divider][et_pb_text _builder_version=\u00bb4.17.3&#8243; _module_preset=\u00bbdefault\u00bb text_font=\u00bbComfortaa|||on|||||\u00bb text_text_color=\u00bb#000000&#8243; text_font_size=\u00bb24px\u00bb text_letter_spacing=\u00bb1px\u00bb header_font=\u00bbComfortaa|||on|||||\u00bb header_letter_spacing=\u00bb1px\u00bb header_2_font_size=\u00bb24px\u00bb custom_margin=\u00bb||26px|||\u00bb global_colors_info=\u00bb{}\u00bb]<\/p>\n<h2>Teja Asf\u00e1ltica T\u00e9gola, modelo eco roof<\/h2>\n<p>[\/et_pb_text][et_pb_text _builder_version=\u00bb4.17.0&#8243; _module_preset=\u00bbdefault\u00bb text_font=\u00bbMontserrat|700||on|||||\u00bb text_text_color=\u00bb#000000&#8243; text_font_size=\u00bb13px\u00bb min_height=\u00bb58.6px\u00bb locked=\u00bboff\u00bb global_colors_info=\u00bb{}\u00bb]<\/p>\n<p>Las puede encontrar en colores asf\u00e1ltica rojo, caf\u00e9, verde y gris.<br \/>Somos GHS Chile, soluciones en tejas.<\/p>\n<p>[\/et_pb_text][\/et_pb_column][et_pb_column type=\u00bb1_3&#8243; _builder_version=\u00bb4.16&#8243; _module_preset=\u00bbdefault\u00bb global_colors_info=\u00bb{}\u00bb][et_pb_text disabled_on=\u00bbon|on|on\u00bb _builder_version=\u00bb4.18.0&#8243; _module_preset=\u00bbdefault\u00bb text_font=\u00bbComfortaa|||on|||||\u00bb text_text_color=\u00bb#000000&#8243; text_font_size=\u00bb24px\u00bb text_letter_spacing=\u00bb1px\u00bb header_font=\u00bbComfortaa|||on|||||\u00bb header_letter_spacing=\u00bb1px\u00bb header_2_text_align=\u00bbcenter\u00bb header_2_font_size=\u00bb18px\u00bb custom_margin=\u00bb32px||11px|||\u00bb disabled=\u00bbon\u00bb global_colors_info=\u00bb{}\u00bb]<\/p>\n<h2>Conozca tambi\u00e9n&#8230;<\/h2>\n<p>[\/et_pb_text][et_pb_button button_url=\u00bb#masterj\u00bb button_text=\u00bbL\u00ednea Master J\u00bb button_alignment=\u00bbcenter\u00bb disabled_on=\u00bbon|on|on\u00bb _builder_version=\u00bb4.18.0&#8243; _module_preset=\u00bbdefault\u00bb custom_button=\u00bbon\u00bb button_text_size=\u00bb14px\u00bb button_text_color=\u00bb#FFFFFF\u00bb button_bg_color=\u00bb#E02B20&#8243; button_border_width=\u00bb0px\u00bb button_border_radius=\u00bb0px\u00bb button_font=\u00bbMontserrat|||on|||||\u00bb button_icon=\u00bb&#xe07a;||divi||400&#8243; custom_margin=\u00bb||||false|false\u00bb custom_margin_tablet=\u00bb||50px||false|false\u00bb custom_margin_phone=\u00bb||50px||false|false\u00bb custom_margin_last_edited=\u00bbon|phone\u00bb box_shadow_style=\u00bbpreset3&#8243; disabled=\u00bbon\u00bb global_colors_info=\u00bb{}\u00bb][\/et_pb_button][\/et_pb_column][\/et_pb_row][et_pb_row use_custom_gutter=\u00bbon\u00bb gutter_width=\u00bb2&#8243; _builder_version=\u00bb4.17.4&#8243; _module_preset=\u00bbdefault\u00bb width=\u00bb90%\u00bb custom_margin=\u00bb||||false|false\u00bb custom_padding=\u00bb14px||96px||false|false\u00bb animation_style=\u00bbfade\u00bb locked=\u00bboff\u00bb global_colors_info=\u00bb{}\u00bb][et_pb_column type=\u00bb4_4&#8243; _builder_version=\u00bb4.17.4&#8243; _module_preset=\u00bbdefault\u00bb background_enable_image=\u00bboff\u00bb global_colors_info=\u00bb{}\u00bb][et_pb_shop type=\u00bbproduct_category\u00bb include_categories=\u00bb49&#8243; columns_number=\u00bb4&#8243; sale_badge_color=\u00bb#E06100&#8243; icon_hover_color=\u00bb#8c1010&#8243; hover_icon=\u00bb&#xe015;||divi||400&#8243; module_id=\u00bbmaule2157&#8243; _builder_version=\u00bb4.17.6&#8243; _module_preset=\u00bbdefault\u00bb title_font=\u00bbMontserrat||||||||\u00bb title_text_color=\u00bb#8c1010&#8243; price_font=\u00bbMontserrat|||on|||||\u00bb price_text_color=\u00bb#000000&#8243; price_font_size=\u00bb24px\u00bb hover_enabled=\u00bb0&#8243; border_radii_image=\u00bbon|16px|16px|16px|16px\u00bb border_width_bottom_image=\u00bb2px\u00bb border_color_bottom_image=\u00bb#003c56&#8243; box_shadow_style_sale_badge=\u00bbpreset3&#8243; global_colors_info=\u00bb{}\u00bb sticky_enabled=\u00bb0&#8243;][\/et_pb_shop][et_pb_text _builder_version=\u00bb4.27.0&#8243; _module_preset=\u00bbdefault\u00bb hover_enabled=\u00bb0&#8243; sticky_enabled=\u00bb0&#8243; text_text_color=\u00bb#000000&#8243; custom_margin=\u00bb-21px|||||\u00bb]<\/p>\n<p>TENEMOS A DISPOSICI\u00d3N SOLAMENTE MIXED RED, OTROS PRODUCTOS AGOTADOS<\/p>\n<p>[\/et_pb_text][et_pb_divider color=\u00bb#e02b20&#8243; divider_position=\u00bbcenter\u00bb divider_weight=\u00bb1px\u00bb _builder_version=\u00bb4.16.0&#8243; _module_preset=\u00bbdefault\u00bb width=\u00bb25%\u00bb module_alignment=\u00bbleft\u00bb custom_margin=\u00bb||12px|||\u00bb animation_style=\u00bbslide\u00bb animation_direction=\u00bbleft\u00bb locked=\u00bboff\u00bb global_colors_info=\u00bb{}\u00bb][\/et_pb_divider][\/et_pb_column][\/et_pb_row][et_pb_row use_custom_gutter=\u00bbon\u00bb gutter_width=\u00bb2&#8243; disabled_on=\u00bbon|on|on\u00bb _builder_version=\u00bb4.17.4&#8243; _module_preset=\u00bbdefault\u00bb width=\u00bb90%\u00bb custom_margin=\u00bb||||false|false\u00bb custom_padding=\u00bb14px||2px||false|false\u00bb animation_style=\u00bbfade\u00bb disabled=\u00bbon\u00bb locked=\u00bboff\u00bb global_colors_info=\u00bb{}\u00bb][et_pb_column type=\u00bb4_4&#8243; _builder_version=\u00bb4.17.4&#8243; _module_preset=\u00bbdefault\u00bb background_enable_image=\u00bboff\u00bb global_colors_info=\u00bb{}\u00bb][et_pb_divider color=\u00bb#e02b20&#8243; divider_position=\u00bbcenter\u00bb divider_weight=\u00bb1px\u00bb _builder_version=\u00bb4.16.0&#8243; _module_preset=\u00bbdefault\u00bb width=\u00bb25%\u00bb module_alignment=\u00bbleft\u00bb custom_margin=\u00bb||12px|||\u00bb animation_style=\u00bbslide\u00bb animation_direction=\u00bbleft\u00bb locked=\u00bboff\u00bb global_colors_info=\u00bb{}\u00bb][\/et_pb_divider][et_pb_text module_id=\u00bbmasterj\u00bb _builder_version=\u00bb4.18.0&#8243; _module_preset=\u00bbdefault\u00bb text_font=\u00bbComfortaa|||on|||||\u00bb text_text_color=\u00bb#000000&#8243; text_font_size=\u00bb24px\u00bb text_letter_spacing=\u00bb1px\u00bb header_font=\u00bbComfortaa|||on|||||\u00bb header_letter_spacing=\u00bb1px\u00bb header_2_font_size=\u00bb24px\u00bb custom_margin=\u00bb||26px|||\u00bb global_colors_info=\u00bb{}\u00bb]<\/p>\n<h2>Teja Asf\u00e1ltica T\u00e9gola, modelo Master J<\/h2>\n<p>[\/et_pb_text][et_pb_shop type=\u00bbproduct_category\u00bb include_categories=\u00bb50&#8243; columns_number=\u00bb4&#8243; icon_hover_color=\u00bb#8c1010&#8243; hover_icon=\u00bb&#xe015;||divi||400&#8243; module_id=\u00bbmaule2157&#8243; _builder_version=\u00bb4.17.0&#8243; _module_preset=\u00bbdefault\u00bb title_font=\u00bbMontserrat||||||||\u00bb title_text_color=\u00bb#8c1010&#8243; price_font=\u00bbMontserrat|||on|||||\u00bb price_text_color=\u00bb#000000&#8243; price_font_size=\u00bb24px\u00bb border_radii_image=\u00bbon|16px|16px|16px|16px\u00bb border_width_bottom_image=\u00bb2px\u00bb border_color_bottom_image=\u00bb#003c56&#8243; global_colors_info=\u00bb{}\u00bb][\/et_pb_shop][\/et_pb_column][\/et_pb_row][\/et_pb_section]<\/p>\n","protected":false},"excerpt":{"rendered":"<p>Teja Asf\u00e1ltica T\u00e9gola Somos GHS CHILE, consulte por nuestros precios especiales en modelos Eco RoofTel\u00e9fonos: +569 9450 5698 | +569 7399 3110 | Correos: pconcha@ghschile.cl | jtallar@ghschile.clTeja Asf\u00e1ltica T\u00e9gola, modelo eco roofLas puede encontrar en colores asf\u00e1ltica rojo, caf\u00e9, verde y gris.Somos GHS Chile, soluciones en tejas.Conozca tambi\u00e9n&#8230;TENEMOS A DISPOSICI\u00d3N SOLAMENTE MIXED RED, OTROS PRODUCTOS [&hellip;]<\/p>\n","protected":false},"author":5,"featured_media":0,"parent":0,"menu_order":0,"comment_status":"closed","ping_status":"closed","template":"","meta":{"_et_pb_use_builder":"on","_et_pb_old_content":"","_et_gb_content_width":"","footnotes":""},"class_list":["post-1798","page","type-page","status-publish","hentry"],"yoast_head":"<!-- This site is optimized with the Yoast SEO plugin v27.0 - https:\/\/yoast.com\/product\/yoast-seo-wordpress\/ -->\n<title>Tejas Asf\u00e1lticas T\u00e9gola - ghschile.cl<\/title>\n<meta name=\"robots\" content=\"index, follow, max-snippet:-1, max-image-preview:large, max-video-preview:-1\" \/>\n<link rel=\"canonical\" href=\"https:\/\/ghschile.cl\/index.php\/tejas-asfalticas-tegola\/\" \/>\n<meta property=\"og:locale\" content=\"es_ES\" \/>\n<meta property=\"og:type\" content=\"article\" \/>\n<meta property=\"og:title\" content=\"Tejas Asf\u00e1lticas T\u00e9gola - ghschile.cl\" \/>\n<meta property=\"og:description\" content=\"Teja Asf\u00e1ltica T\u00e9gola Somos GHS CHILE, consulte por nuestros precios especiales en modelos Eco RoofTel\u00e9fonos: +569 9450 5698 | +569 7399 3110 | Correos: pconcha@ghschile.cl | jtallar@ghschile.clTeja Asf\u00e1ltica T\u00e9gola, modelo eco roofLas puede encontrar en colores asf\u00e1ltica rojo, caf\u00e9, verde y gris.Somos GHS Chile, soluciones en tejas.Conozca tambi\u00e9n...TENEMOS A DISPOSICI\u00d3N SOLAMENTE MIXED RED, OTROS PRODUCTOS [&hellip;]\" \/>\n<meta property=\"og:url\" content=\"https:\/\/ghschile.cl\/index.php\/tejas-asfalticas-tegola\/\" \/>\n<meta property=\"og:site_name\" content=\"GHS CHILE\" \/>\n<meta property=\"article:modified_time\" content=\"2024-08-20T21:47:05+00:00\" \/>\n<meta name=\"twitter:card\" content=\"summary_large_image\" \/>\n<meta name=\"twitter:label1\" content=\"Tiempo de lectura\" \/>\n\t<meta name=\"twitter:data1\" content=\"8 minutos\" \/>\n<script type=\"application\/ld+json\" class=\"yoast-schema-graph\">{\"@context\":\"https:\/\/schema.org\",\"@graph\":[{\"@type\":\"WebPage\",\"@id\":\"https:\/\/ghschile.cl\/index.php\/tejas-asfalticas-tegola\/\",\"url\":\"https:\/\/ghschile.cl\/index.php\/tejas-asfalticas-tegola\/\",\"name\":\"Tejas Asf\u00e1lticas T\u00e9gola - ghschile.cl\",\"isPartOf\":{\"@id\":\"https:\/\/ghschile.cl\/#website\"},\"datePublished\":\"2022-03-30T20:41:35+00:00\",\"dateModified\":\"2024-08-20T21:47:05+00:00\",\"breadcrumb\":{\"@id\":\"https:\/\/ghschile.cl\/index.php\/tejas-asfalticas-tegola\/#breadcrumb\"},\"inLanguage\":\"es\",\"potentialAction\":[{\"@type\":\"ReadAction\",\"target\":[\"https:\/\/ghschile.cl\/index.php\/tejas-asfalticas-tegola\/\"]}]},{\"@type\":\"BreadcrumbList\",\"@id\":\"https:\/\/ghschile.cl\/index.php\/tejas-asfalticas-tegola\/#breadcrumb\",\"itemListElement\":[{\"@type\":\"ListItem\",\"position\":1,\"name\":\"Portada\",\"item\":\"https:\/\/ghschile.cl\/\"},{\"@type\":\"ListItem\",\"position\":2,\"name\":\"Tejas Asf\u00e1lticas T\u00e9gola\"}]},{\"@type\":\"WebSite\",\"@id\":\"https:\/\/ghschile.cl\/#website\",\"url\":\"https:\/\/ghschile.cl\/\",\"name\":\"GHS CHILE\",\"description\":\"Techos y Revestimientos\",\"publisher\":{\"@id\":\"https:\/\/ghschile.cl\/#organization\"},\"potentialAction\":[{\"@type\":\"SearchAction\",\"target\":{\"@type\":\"EntryPoint\",\"urlTemplate\":\"https:\/\/ghschile.cl\/?s={search_term_string}\"},\"query-input\":{\"@type\":\"PropertyValueSpecification\",\"valueRequired\":true,\"valueName\":\"search_term_string\"}}],\"inLanguage\":\"es\"},{\"@type\":\"Organization\",\"@id\":\"https:\/\/ghschile.cl\/#organization\",\"name\":\"GHS CHILE\",\"alternateName\":\"GHSCHILE techos\",\"url\":\"https:\/\/ghschile.cl\/\",\"logo\":{\"@type\":\"ImageObject\",\"inLanguage\":\"es\",\"@id\":\"https:\/\/ghschile.cl\/#\/schema\/logo\/image\/\",\"url\":\"https:\/\/ghschile.cl\/wp-content\/uploads\/2022\/06\/logo-ghs.png\",\"contentUrl\":\"https:\/\/ghschile.cl\/wp-content\/uploads\/2022\/06\/logo-ghs.png\",\"width\":500,\"height\":500,\"caption\":\"GHS CHILE\"},\"image\":{\"@id\":\"https:\/\/ghschile.cl\/#\/schema\/logo\/image\/\"}}]}<\/script>\n<!-- \/ Yoast SEO plugin. -->","yoast_head_json":{"title":"Tejas Asf\u00e1lticas T\u00e9gola - ghschile.cl","robots":{"index":"index","follow":"follow","max-snippet":"max-snippet:-1","max-image-preview":"max-image-preview:large","max-video-preview":"max-video-preview:-1"},"canonical":"https:\/\/ghschile.cl\/index.php\/tejas-asfalticas-tegola\/","og_locale":"es_ES","og_type":"article","og_title":"Tejas Asf\u00e1lticas T\u00e9gola - ghschile.cl","og_description":"Teja Asf\u00e1ltica T\u00e9gola Somos GHS CHILE, consulte por nuestros precios especiales en modelos Eco RoofTel\u00e9fonos: +569 9450 5698 | +569 7399 3110 | Correos: pconcha@ghschile.cl | jtallar@ghschile.clTeja Asf\u00e1ltica T\u00e9gola, modelo eco roofLas puede encontrar en colores asf\u00e1ltica rojo, caf\u00e9, verde y gris.Somos GHS Chile, soluciones en tejas.Conozca tambi\u00e9n...TENEMOS A DISPOSICI\u00d3N SOLAMENTE MIXED RED, OTROS PRODUCTOS [&hellip;]","og_url":"https:\/\/ghschile.cl\/index.php\/tejas-asfalticas-tegola\/","og_site_name":"GHS CHILE","article_modified_time":"2024-08-20T21:47:05+00:00","twitter_card":"summary_large_image","twitter_misc":{"Tiempo de lectura":"8 minutos"},"schema":{"@context":"https:\/\/schema.org","@graph":[{"@type":"WebPage","@id":"https:\/\/ghschile.cl\/index.php\/tejas-asfalticas-tegola\/","url":"https:\/\/ghschile.cl\/index.php\/tejas-asfalticas-tegola\/","name":"Tejas Asf\u00e1lticas T\u00e9gola - ghschile.cl","isPartOf":{"@id":"https:\/\/ghschile.cl\/#website"},"datePublished":"2022-03-30T20:41:35+00:00","dateModified":"2024-08-20T21:47:05+00:00","breadcrumb":{"@id":"https:\/\/ghschile.cl\/index.php\/tejas-asfalticas-tegola\/#breadcrumb"},"inLanguage":"es","potentialAction":[{"@type":"ReadAction","target":["https:\/\/ghschile.cl\/index.php\/tejas-asfalticas-tegola\/"]}]},{"@type":"BreadcrumbList","@id":"https:\/\/ghschile.cl\/index.php\/tejas-asfalticas-tegola\/#breadcrumb","itemListElement":[{"@type":"ListItem","position":1,"name":"Portada","item":"https:\/\/ghschile.cl\/"},{"@type":"ListItem","position":2,"name":"Tejas Asf\u00e1lticas T\u00e9gola"}]},{"@type":"WebSite","@id":"https:\/\/ghschile.cl\/#website","url":"https:\/\/ghschile.cl\/","name":"GHS CHILE","description":"Techos y Revestimientos","publisher":{"@id":"https:\/\/ghschile.cl\/#organization"},"potentialAction":[{"@type":"SearchAction","target":{"@type":"EntryPoint","urlTemplate":"https:\/\/ghschile.cl\/?s={search_term_string}"},"query-input":{"@type":"PropertyValueSpecification","valueRequired":true,"valueName":"search_term_string"}}],"inLanguage":"es"},{"@type":"Organization","@id":"https:\/\/ghschile.cl\/#organization","name":"GHS CHILE","alternateName":"GHSCHILE techos","url":"https:\/\/ghschile.cl\/","logo":{"@type":"ImageObject","inLanguage":"es","@id":"https:\/\/ghschile.cl\/#\/schema\/logo\/image\/","url":"https:\/\/ghschile.cl\/wp-content\/uploads\/2022\/06\/logo-ghs.png","contentUrl":"https:\/\/ghschile.cl\/wp-content\/uploads\/2022\/06\/logo-ghs.png","width":500,"height":500,"caption":"GHS CHILE"},"image":{"@id":"https:\/\/ghschile.cl\/#\/schema\/logo\/image\/"}}]}},"_links":{"self":[{"href":"https:\/\/ghschile.cl\/index.php\/wp-json\/wp\/v2\/pages\/1798","targetHints":{"allow":["GET"]}}],"collection":[{"href":"https:\/\/ghschile.cl\/index.php\/wp-json\/wp\/v2\/pages"}],"about":[{"href":"https:\/\/ghschile.cl\/index.php\/wp-json\/wp\/v2\/types\/page"}],"author":[{"embeddable":true,"href":"https:\/\/ghschile.cl\/index.php\/wp-json\/wp\/v2\/users\/5"}],"replies":[{"embeddable":true,"href":"https:\/\/ghschile.cl\/index.php\/wp-json\/wp\/v2\/comments?post=1798"}],"version-history":[{"count":33,"href":"https:\/\/ghschile.cl\/index.php\/wp-json\/wp\/v2\/pages\/1798\/revisions"}],"predecessor-version":[{"id":3360,"href":"https:\/\/ghschile.cl\/index.php\/wp-json\/wp\/v2\/pages\/1798\/revisions\/3360"}],"wp:attachment":[{"href":"https:\/\/ghschile.cl\/index.php\/wp-json\/wp\/v2\/media?parent=1798"}],"curies":[{"name":"wp","href":"https:\/\/api.w.org\/{rel}","templated":true}]}}