{"id":1736,"date":"2022-03-30T20:41:35","date_gmt":"2022-03-30T20:41:35","guid":{"rendered":"https:\/\/ghschile.cl\/index.php\/teja-aysen-2\/"},"modified":"2023-09-22T18:41:32","modified_gmt":"2023-09-22T18:41:32","slug":"teja-continua-prepintada-aysen-ghschile-cl-venta-de-tejas","status":"publish","type":"page","link":"https:\/\/ghschile.cl\/index.php\/teja-continua-prepintada-aysen-ghschile-cl-venta-de-tejas\/","title":{"rendered":"Teja Cont\u00ednua Prepintada Ays\u00e9n"},"content":{"rendered":"<p>[et_pb_section fb_built=\u00bb1&#8243; fullwidth=\u00bbon\u00bb _builder_version=\u00bb4.22.2&#8243; _module_preset=\u00bbdefault\u00bb hover_enabled=\u00bb0&#8243; da_disable_devices=\u00bboff|off|off\u00bb global_colors_info=\u00bb{}\u00bb custom_margin=\u00bb||||true|false\u00bb sticky_enabled=\u00bb0&#8243; locked=\u00bboff\u00bb admin_label=\u00bbSection\u00bb da_is_popup=\u00bboff\u00bb da_exit_intent=\u00bboff\u00bb da_has_close=\u00bbon\u00bb da_alt_close=\u00bboff\u00bb da_dark_close=\u00bboff\u00bb da_not_modal=\u00bbon\u00bb da_is_singular=\u00bboff\u00bb da_with_loader=\u00bboff\u00bb da_has_shadow=\u00bbon\u00bb link_option_url=\u00bb#tienda\u00bb][et_pb_fullwidth_slider _builder_version=\u00bb4.22.2&#8243; _module_preset=\u00bbdefault\u00bb custom_padding=\u00bb10vw||10vw||true|false\u00bb auto=\u00bbon\u00bb auto_speed=\u00bb3500&#8243; hover_enabled=\u00bb0&#8243; global_colors_info=\u00bb{}\u00bb custom_margin=\u00bb||||true|false\u00bb sticky_enabled=\u00bb0&#8243;][et_pb_slide _builder_version=\u00bb4.22.2&#8243; _module_preset=\u00bbdefault\u00bb background_image=\u00bbhttps:\/\/ghschile.cl\/wp-content\/uploads\/2023\/09\/Teja-prepintada-Aysen-GHS-CHILE-2.jpg\u00bb background_enable_image=\u00bbon\u00bb custom_padding=\u00bb12vw||12vw||true|false\u00bb hover_enabled=\u00bb0&#8243; global_colors_info=\u00bb{}\u00bb sticky_transition=\u00bbon\u00bb sticky_enabled=\u00bb0&#8243; title_text=\u00bbTeja prepintada Aysen GHS CHILE (2)\u00bb alt=\u00bbTeja prepintada Aysen GHS CHILE\u00bb][\/et_pb_slide][et_pb_slide _builder_version=\u00bb4.22.2&#8243; _module_preset=\u00bbdefault\u00bb background_image=\u00bbhttps:\/\/ghschile.cl\/wp-content\/uploads\/2023\/09\/Teja-prepintada-Aysen-GHS-CHILE.jpg\u00bb background_enable_image=\u00bbon\u00bb hover_enabled=\u00bb0&#8243; global_colors_info=\u00bb{}\u00bb sticky_transition=\u00bbon\u00bb custom_padding=\u00bb12vw||12vw||true|false\u00bb sticky_enabled=\u00bb0&#8243; alt=\u00bbTeja prepintada Aysen GHS CHILE\u00bb title_text=\u00bbTeja prepintada Aysen GHS CHILE\u00bb][\/et_pb_slide][\/et_pb_fullwidth_slider][\/et_pb_section][et_pb_section fb_built=\u00bb1&#8243; _builder_version=\u00bb4.16.0&#8243; _module_preset=\u00bbdefault\u00bb background_color=\u00bb#003c56&#8243; custom_padding=\u00bb4px||4px||true|\u00bb animation_style=\u00bbfade\u00bb da_disable_devices=\u00bboff|off|off\u00bb locked=\u00bboff\u00bb global_colors_info=\u00bb{}\u00bb admin_label=\u00bbSection\u00bb da_is_popup=\u00bboff\u00bb da_exit_intent=\u00bboff\u00bb da_has_close=\u00bbon\u00bb da_alt_close=\u00bboff\u00bb da_dark_close=\u00bboff\u00bb da_not_modal=\u00bbon\u00bb da_is_singular=\u00bboff\u00bb da_with_loader=\u00bboff\u00bb da_has_shadow=\u00bbon\u00bb][et_pb_row _builder_version=\u00bb4.16&#8243; _module_preset=\u00bbdefault\u00bb custom_padding=\u00bb23px|||||\u00bb global_colors_info=\u00bb{}\u00bb][et_pb_column type=\u00bb4_4&#8243; _builder_version=\u00bb4.16&#8243; _module_preset=\u00bbdefault\u00bb global_colors_info=\u00bb{}\u00bb][et_pb_text _builder_version=\u00bb4.16&#8243; _module_preset=\u00bbdefault\u00bb header_2_font=\u00bb||||||||\u00bb header_2_text_align=\u00bbcenter\u00bb header_2_text_color=\u00bb#FFFFFF\u00bb header_2_font_size=\u00bb18px\u00bb custom_margin=\u00bb||-8px|||\u00bb global_colors_info=\u00bb{}\u00bb]<\/p>\n<h2>Tel\u00e9fonos: +569 9450 5698 | +569 7399 3110 | Correos: pconcha@ghschile.cl | jtallar@ghschile.cl<\/h2>\n<p>[\/et_pb_text][\/et_pb_column][\/et_pb_row][\/et_pb_section][et_pb_section fb_built=\u00bb1&#8243; _builder_version=\u00bb4.22.2&#8243; _module_preset=\u00bbdefault\u00bb background_color=\u00bb#f4f4f4&#8243; custom_padding=\u00bb6px||||false|false\u00bb animation_style=\u00bbfade\u00bb hover_enabled=\u00bb0&#8243; da_disable_devices=\u00bboff|off|off\u00bb global_colors_info=\u00bb{}\u00bb module_id=\u00bbtienda\u00bb admin_label=\u00bbSection\u00bb da_is_popup=\u00bboff\u00bb da_popup_slug=\u00bbtienda\u00bb da_exit_intent=\u00bboff\u00bb da_has_close=\u00bbon\u00bb da_alt_close=\u00bboff\u00bb da_dark_close=\u00bboff\u00bb da_not_modal=\u00bbon\u00bb da_is_singular=\u00bboff\u00bb da_with_loader=\u00bboff\u00bb da_has_shadow=\u00bbon\u00bb sticky_enabled=\u00bb0&#8243;][et_pb_row use_custom_gutter=\u00bbon\u00bb gutter_width=\u00bb2&#8243; _builder_version=\u00bb4.17.0&#8243; _module_preset=\u00bbdefault\u00bb width=\u00bb90%\u00bb custom_margin=\u00bb||||false|false\u00bb custom_padding=\u00bb25px||2px||false|false\u00bb animation_style=\u00bbfade\u00bb locked=\u00bboff\u00bb global_colors_info=\u00bb{}\u00bb][et_pb_column type=\u00bb4_4&#8243; _builder_version=\u00bb4.16&#8243; _module_preset=\u00bbdefault\u00bb global_colors_info=\u00bb{}\u00bb][et_pb_divider color=\u00bb#e02b20&#8243; divider_position=\u00bbcenter\u00bb divider_weight=\u00bb1px\u00bb _builder_version=\u00bb4.16.0&#8243; _module_preset=\u00bbdefault\u00bb width=\u00bb25%\u00bb module_alignment=\u00bbleft\u00bb custom_margin=\u00bb||12px|||\u00bb animation_style=\u00bbslide\u00bb animation_direction=\u00bbleft\u00bb locked=\u00bboff\u00bb global_colors_info=\u00bb{}\u00bb][\/et_pb_divider][et_pb_text _builder_version=\u00bb4.17.6&#8243; _module_preset=\u00bbdefault\u00bb text_font=\u00bbComfortaa|||on|||||\u00bb text_text_color=\u00bb#000000&#8243; text_font_size=\u00bb24px\u00bb text_letter_spacing=\u00bb1px\u00bb header_font=\u00bbComfortaa|||on|||||\u00bb header_letter_spacing=\u00bb1px\u00bb custom_margin=\u00bb||26px|||\u00bb global_colors_info=\u00bb{}\u00bb]<\/p>\n<p>Teja cont\u00ednua prepintada modelo Ays\u00e9n, en largos 2157 y 3775<\/p>\n<p>[\/et_pb_text][et_pb_text _builder_version=\u00bb4.17.0&#8243; _module_preset=\u00bbdefault\u00bb text_font=\u00bbMontserrat|700||on|||||\u00bb text_text_color=\u00bb#000000&#8243; text_font_size=\u00bb13px\u00bb min_height=\u00bb58.6px\u00bb global_colors_info=\u00bb{}\u00bb]<\/p>\n<p>Prepintado Terracota: Entrega inmediata<br \/>Prepintados Negro, Envejecido, Gris y Verde entrega 10 d\u00edas una vez realizada la compra en l\u00ednea.<\/p>\n<p>[\/et_pb_text][\/et_pb_column][\/et_pb_row][et_pb_row column_structure=\u00bb3_4,1_4&#8243; use_custom_gutter=\u00bbon\u00bb gutter_width=\u00bb2&#8243; module_id=\u00bbAYSEN\u00bb _builder_version=\u00bb4.18.0&#8243; _module_preset=\u00bbdefault\u00bb width=\u00bb90%\u00bb custom_margin=\u00bb||||false|false\u00bb custom_padding=\u00bb3px||2px||false|false\u00bb animation_style=\u00bbfade\u00bb locked=\u00bboff\u00bb global_colors_info=\u00bb{}\u00bb][et_pb_column type=\u00bb3_4&#8243; _builder_version=\u00bb4.16&#8243; _module_preset=\u00bbdefault\u00bb global_colors_info=\u00bb{}\u00bb][et_pb_shop type=\u00bbproduct_category\u00bb include_categories=\u00bb34&#8243; columns_number=\u00bb4&#8243; orderby=\u00bbmenu_order\u00bb icon_hover_color=\u00bb#8c1010&#8243; hover_icon=\u00bb&#xe015;||divi||400&#8243; module_id=\u00bbmaule2157&#8243; _builder_version=\u00bb4.16.0&#8243; _module_preset=\u00bbdefault\u00bb title_font=\u00bbMontserrat||||||||\u00bb title_text_color=\u00bb#8c1010&#8243; price_font=\u00bbMontserrat|||on|||||\u00bb price_text_color=\u00bb#000000&#8243; price_font_size=\u00bb24px\u00bb border_radii_image=\u00bbon|16px|16px|16px|16px\u00bb border_width_bottom_image=\u00bb2px\u00bb border_color_bottom_image=\u00bb#003c56&#8243; global_colors_info=\u00bb{}\u00bb][\/et_pb_shop][et_pb_shop type=\u00bbproduct_category\u00bb include_categories=\u00bb35&#8243; columns_number=\u00bb4&#8243; orderby=\u00bbmenu_order\u00bb icon_hover_color=\u00bb#8c1010&#8243; hover_icon=\u00bb&#xe015;||divi||400&#8243; module_id=\u00bbmaule3775&#8243; _builder_version=\u00bb4.16.0&#8243; _module_preset=\u00bbdefault\u00bb title_font=\u00bbMontserrat||||||||\u00bb title_text_color=\u00bb#8c1010&#8243; price_font=\u00bbMontserrat|||on|||||\u00bb price_text_color=\u00bb#000000&#8243; price_font_size=\u00bb24px\u00bb custom_margin=\u00bb||0px|||\u00bb custom_padding=\u00bb||0px|||\u00bb border_radii_image=\u00bbon|15px|15px|15px|15px\u00bb border_width_bottom_image=\u00bb3px\u00bb border_color_bottom_image=\u00bb#003c56&#8243; global_colors_info=\u00bb{}\u00bb][\/et_pb_shop][\/et_pb_column][et_pb_column type=\u00bb1_4&#8243; _builder_version=\u00bb4.16.0&#8243; _module_preset=\u00bbdefault\u00bb background_color=\u00bb#FFFFFF\u00bb custom_padding=\u00bb10px|10px|10px|10px|true|true\u00bb border_width_bottom=\u00bb4px\u00bb border_color_bottom=\u00bb#003c56&#8243; global_colors_info=\u00bb{}\u00bb][et_pb_image src=\u00bbhttps:\/\/ghschile.cl\/wp-content\/uploads\/2023\/09\/teja-prepintada-continua-aysen-gris-detalle.jpg\u00bb alt=\u00bbteja prepintada cont\u00ednua aysen negro ghs chile\u00bb title_text=\u00bbteja prepintada cont\u00ednua aysen gris detalle\u00bb _builder_version=\u00bb4.22.2&#8243; _module_preset=\u00bbdefault\u00bb hover_enabled=\u00bb0&#8243; global_colors_info=\u00bb{}\u00bb sticky_enabled=\u00bb0&#8243;][\/et_pb_image][et_pb_sidebar orientation=\u00bbright\u00bb show_border=\u00bboff\u00bb _builder_version=\u00bb4.22.2&#8243; _module_preset=\u00bbdefault\u00bb header_font=\u00bbOpen Sans|700||on|||||\u00bb header_text_color=\u00bb#E02B20&#8243; body_font=\u00bbOpen Sans|||on|||||\u00bb body_text_color=\u00bb#000000&#8243; animation_style=\u00bbflip\u00bb hover_enabled=\u00bb0&#8243; border_color_all=\u00bb#003c56&#8243; locked=\u00bboff\u00bb global_colors_info=\u00bb{}\u00bb sticky_enabled=\u00bb0&#8243; text_orientation=\u00bbcenter\u00bb body_font_size=\u00bb13px\u00bb][\/et_pb_sidebar][\/et_pb_column][\/et_pb_row][et_pb_row use_custom_gutter=\u00bbon\u00bb gutter_width=\u00bb2&#8243; _builder_version=\u00bb4.17.0&#8243; _module_preset=\u00bbdefault\u00bb width=\u00bb90%\u00bb custom_margin=\u00bb||||false|false\u00bb custom_padding=\u00bb25px||2px||false|false\u00bb animation_style=\u00bbfade\u00bb locked=\u00bboff\u00bb global_colors_info=\u00bb{}\u00bb][et_pb_column type=\u00bb4_4&#8243; _builder_version=\u00bb4.16&#8243; _module_preset=\u00bbdefault\u00bb global_colors_info=\u00bb{}\u00bb][et_pb_text _builder_version=\u00bb4.17.6&#8243; _module_preset=\u00bbdefault\u00bb text_font=\u00bbMontserrat|500|||||||\u00bb text_text_color=\u00bb#000000&#8243; text_font_size=\u00bb13px\u00bb min_height=\u00bb58.6px\u00bb global_colors_info=\u00bb{}\u00bb]<\/p>\n<p>Nuestras tejas cont\u00ednuas prepintadas modelo ays\u00e9n cumplen con los requisitos de <span>seguridad y estanqueidad, mejorando la velocidad contructiva. Con nuestras tejas prepintadas lograr\u00e1 una apariencia moderna conservando las l\u00edneas de techos modernos en variedad de colores prepintados.<\/span><\/p>\n<p>[\/et_pb_text][\/et_pb_column][\/et_pb_row][et_pb_row use_custom_gutter=\u00bbon\u00bb gutter_width=\u00bb2&#8243; _builder_version=\u00bb4.17.0&#8243; _module_preset=\u00bbdefault\u00bb width=\u00bb90%\u00bb custom_margin=\u00bb||||false|false\u00bb custom_padding=\u00bb25px||2px||false|false\u00bb animation_style=\u00bbfade\u00bb locked=\u00bboff\u00bb global_colors_info=\u00bb{}\u00bb][et_pb_column type=\u00bb4_4&#8243; _builder_version=\u00bb4.16&#8243; _module_preset=\u00bbdefault\u00bb global_colors_info=\u00bb{}\u00bb][et_pb_text _builder_version=\u00bb4.17.6&#8243; _module_preset=\u00bbdefault\u00bb text_font=\u00bbMontserrat|300||on|||||\u00bb text_text_color=\u00bb#000000&#8243; text_font_size=\u00bb11px\u00bb min_height=\u00bb58.6px\u00bb global_colors_info=\u00bb{}\u00bb]<\/p>\n<p>Somos representante exclusivos de <a href=\"https:\/\/tegolacanadese.com\/\">www.tegolacanadese.com<\/a><\/p>\n<p>[\/et_pb_text][\/et_pb_column][\/et_pb_row][\/et_pb_section]<\/p>\n","protected":false},"excerpt":{"rendered":"<p>Tel\u00e9fonos: +569 9450 5698 | +569 7399 3110 | Correos: pconcha@ghschile.cl | jtallar@ghschile.clTeja cont\u00ednua prepintada modelo Ays\u00e9n, en largos 2157 y 3775Prepintado Terracota: Entrega inmediataPrepintados Negro, Envejecido, Gris y Verde entrega 10 d\u00edas una vez realizada la compra en l\u00ednea.Nuestras tejas cont\u00ednuas prepintadas modelo ays\u00e9n cumplen con los requisitos de seguridad y estanqueidad, mejorando la [&hellip;]<\/p>\n","protected":false},"author":5,"featured_media":0,"parent":0,"menu_order":0,"comment_status":"closed","ping_status":"closed","template":"","meta":{"_et_pb_use_builder":"on","_et_pb_old_content":"","_et_gb_content_width":"","footnotes":""},"class_list":["post-1736","page","type-page","status-publish","hentry"],"yoast_head":"<!-- This site is optimized with the Yoast SEO plugin v27.0 - https:\/\/yoast.com\/product\/yoast-seo-wordpress\/ -->\n<title>Teja Cont\u00ednua Prepintada Ays\u00e9n - ghschile.cl - Venta de tejas<\/title>\n<meta name=\"description\" content=\"Somos proveedores de teja Cont\u00ednua Prepintada Ays\u00e9n. Ll\u00e1manos al +56994505698, nuevos modelos, colores y ofertas en tejas cont\u00ednuas.\" \/>\n<meta name=\"robots\" content=\"index, follow, max-snippet:-1, max-image-preview:large, max-video-preview:-1\" \/>\n<link rel=\"canonical\" href=\"https:\/\/ghschile.cl\/index.php\/teja-continua-prepintada-aysen-ghschile-cl-venta-de-tejas\/\" \/>\n<meta property=\"og:locale\" content=\"es_ES\" \/>\n<meta property=\"og:type\" content=\"article\" \/>\n<meta property=\"og:title\" content=\"Teja Cont\u00ednua Prepintada Ays\u00e9n - ghschile.cl - Venta de tejas\" \/>\n<meta property=\"og:description\" content=\"Somos proveedores de teja Cont\u00ednua Prepintada Ays\u00e9n. Ll\u00e1manos al +56994505698, nuevos modelos, colores y ofertas en tejas cont\u00ednuas.\" \/>\n<meta property=\"og:url\" content=\"https:\/\/ghschile.cl\/index.php\/teja-continua-prepintada-aysen-ghschile-cl-venta-de-tejas\/\" \/>\n<meta property=\"og:site_name\" content=\"GHS CHILE\" \/>\n<meta property=\"article:modified_time\" content=\"2023-09-22T18:41:32+00:00\" \/>\n<meta name=\"twitter:card\" content=\"summary_large_image\" \/>\n<meta name=\"twitter:label1\" content=\"Tiempo de lectura\" \/>\n\t<meta name=\"twitter:data1\" content=\"2 minutos\" \/>\n<script type=\"application\/ld+json\" class=\"yoast-schema-graph\">{\"@context\":\"https:\/\/schema.org\",\"@graph\":[{\"@type\":\"WebPage\",\"@id\":\"https:\/\/ghschile.cl\/index.php\/teja-continua-prepintada-aysen-ghschile-cl-venta-de-tejas\/\",\"url\":\"https:\/\/ghschile.cl\/index.php\/teja-continua-prepintada-aysen-ghschile-cl-venta-de-tejas\/\",\"name\":\"Teja Cont\u00ednua Prepintada Ays\u00e9n - ghschile.cl - Venta de tejas\",\"isPartOf\":{\"@id\":\"https:\/\/ghschile.cl\/#website\"},\"datePublished\":\"2022-03-30T20:41:35+00:00\",\"dateModified\":\"2023-09-22T18:41:32+00:00\",\"description\":\"Somos proveedores de teja Cont\u00ednua Prepintada Ays\u00e9n. Ll\u00e1manos al +56994505698, nuevos modelos, colores y ofertas en tejas cont\u00ednuas.\",\"breadcrumb\":{\"@id\":\"https:\/\/ghschile.cl\/index.php\/teja-continua-prepintada-aysen-ghschile-cl-venta-de-tejas\/#breadcrumb\"},\"inLanguage\":\"es\",\"potentialAction\":[{\"@type\":\"ReadAction\",\"target\":[\"https:\/\/ghschile.cl\/index.php\/teja-continua-prepintada-aysen-ghschile-cl-venta-de-tejas\/\"]}]},{\"@type\":\"BreadcrumbList\",\"@id\":\"https:\/\/ghschile.cl\/index.php\/teja-continua-prepintada-aysen-ghschile-cl-venta-de-tejas\/#breadcrumb\",\"itemListElement\":[{\"@type\":\"ListItem\",\"position\":1,\"name\":\"Portada\",\"item\":\"https:\/\/ghschile.cl\/\"},{\"@type\":\"ListItem\",\"position\":2,\"name\":\"Teja Cont\u00ednua Prepintada Ays\u00e9n\"}]},{\"@type\":\"WebSite\",\"@id\":\"https:\/\/ghschile.cl\/#website\",\"url\":\"https:\/\/ghschile.cl\/\",\"name\":\"GHS CHILE\",\"description\":\"Techos y Revestimientos\",\"publisher\":{\"@id\":\"https:\/\/ghschile.cl\/#organization\"},\"potentialAction\":[{\"@type\":\"SearchAction\",\"target\":{\"@type\":\"EntryPoint\",\"urlTemplate\":\"https:\/\/ghschile.cl\/?s={search_term_string}\"},\"query-input\":{\"@type\":\"PropertyValueSpecification\",\"valueRequired\":true,\"valueName\":\"search_term_string\"}}],\"inLanguage\":\"es\"},{\"@type\":\"Organization\",\"@id\":\"https:\/\/ghschile.cl\/#organization\",\"name\":\"GHS CHILE\",\"alternateName\":\"GHSCHILE techos\",\"url\":\"https:\/\/ghschile.cl\/\",\"logo\":{\"@type\":\"ImageObject\",\"inLanguage\":\"es\",\"@id\":\"https:\/\/ghschile.cl\/#\/schema\/logo\/image\/\",\"url\":\"https:\/\/ghschile.cl\/wp-content\/uploads\/2022\/06\/logo-ghs.png\",\"contentUrl\":\"https:\/\/ghschile.cl\/wp-content\/uploads\/2022\/06\/logo-ghs.png\",\"width\":500,\"height\":500,\"caption\":\"GHS CHILE\"},\"image\":{\"@id\":\"https:\/\/ghschile.cl\/#\/schema\/logo\/image\/\"}}]}<\/script>\n<!-- \/ Yoast SEO plugin. -->","yoast_head_json":{"title":"Teja Cont\u00ednua Prepintada Ays\u00e9n - ghschile.cl - Venta de tejas","description":"Somos proveedores de teja Cont\u00ednua Prepintada Ays\u00e9n. Ll\u00e1manos al +56994505698, nuevos modelos, colores y ofertas en tejas cont\u00ednuas.","robots":{"index":"index","follow":"follow","max-snippet":"max-snippet:-1","max-image-preview":"max-image-preview:large","max-video-preview":"max-video-preview:-1"},"canonical":"https:\/\/ghschile.cl\/index.php\/teja-continua-prepintada-aysen-ghschile-cl-venta-de-tejas\/","og_locale":"es_ES","og_type":"article","og_title":"Teja Cont\u00ednua Prepintada Ays\u00e9n - ghschile.cl - Venta de tejas","og_description":"Somos proveedores de teja Cont\u00ednua Prepintada Ays\u00e9n. Ll\u00e1manos al +56994505698, nuevos modelos, colores y ofertas en tejas cont\u00ednuas.","og_url":"https:\/\/ghschile.cl\/index.php\/teja-continua-prepintada-aysen-ghschile-cl-venta-de-tejas\/","og_site_name":"GHS CHILE","article_modified_time":"2023-09-22T18:41:32+00:00","twitter_card":"summary_large_image","twitter_misc":{"Tiempo de lectura":"2 minutos"},"schema":{"@context":"https:\/\/schema.org","@graph":[{"@type":"WebPage","@id":"https:\/\/ghschile.cl\/index.php\/teja-continua-prepintada-aysen-ghschile-cl-venta-de-tejas\/","url":"https:\/\/ghschile.cl\/index.php\/teja-continua-prepintada-aysen-ghschile-cl-venta-de-tejas\/","name":"Teja Cont\u00ednua Prepintada Ays\u00e9n - ghschile.cl - Venta de tejas","isPartOf":{"@id":"https:\/\/ghschile.cl\/#website"},"datePublished":"2022-03-30T20:41:35+00:00","dateModified":"2023-09-22T18:41:32+00:00","description":"Somos proveedores de teja Cont\u00ednua Prepintada Ays\u00e9n. Ll\u00e1manos al +56994505698, nuevos modelos, colores y ofertas en tejas cont\u00ednuas.","breadcrumb":{"@id":"https:\/\/ghschile.cl\/index.php\/teja-continua-prepintada-aysen-ghschile-cl-venta-de-tejas\/#breadcrumb"},"inLanguage":"es","potentialAction":[{"@type":"ReadAction","target":["https:\/\/ghschile.cl\/index.php\/teja-continua-prepintada-aysen-ghschile-cl-venta-de-tejas\/"]}]},{"@type":"BreadcrumbList","@id":"https:\/\/ghschile.cl\/index.php\/teja-continua-prepintada-aysen-ghschile-cl-venta-de-tejas\/#breadcrumb","itemListElement":[{"@type":"ListItem","position":1,"name":"Portada","item":"https:\/\/ghschile.cl\/"},{"@type":"ListItem","position":2,"name":"Teja Cont\u00ednua Prepintada Ays\u00e9n"}]},{"@type":"WebSite","@id":"https:\/\/ghschile.cl\/#website","url":"https:\/\/ghschile.cl\/","name":"GHS CHILE","description":"Techos y Revestimientos","publisher":{"@id":"https:\/\/ghschile.cl\/#organization"},"potentialAction":[{"@type":"SearchAction","target":{"@type":"EntryPoint","urlTemplate":"https:\/\/ghschile.cl\/?s={search_term_string}"},"query-input":{"@type":"PropertyValueSpecification","valueRequired":true,"valueName":"search_term_string"}}],"inLanguage":"es"},{"@type":"Organization","@id":"https:\/\/ghschile.cl\/#organization","name":"GHS CHILE","alternateName":"GHSCHILE techos","url":"https:\/\/ghschile.cl\/","logo":{"@type":"ImageObject","inLanguage":"es","@id":"https:\/\/ghschile.cl\/#\/schema\/logo\/image\/","url":"https:\/\/ghschile.cl\/wp-content\/uploads\/2022\/06\/logo-ghs.png","contentUrl":"https:\/\/ghschile.cl\/wp-content\/uploads\/2022\/06\/logo-ghs.png","width":500,"height":500,"caption":"GHS CHILE"},"image":{"@id":"https:\/\/ghschile.cl\/#\/schema\/logo\/image\/"}}]}},"_links":{"self":[{"href":"https:\/\/ghschile.cl\/index.php\/wp-json\/wp\/v2\/pages\/1736","targetHints":{"allow":["GET"]}}],"collection":[{"href":"https:\/\/ghschile.cl\/index.php\/wp-json\/wp\/v2\/pages"}],"about":[{"href":"https:\/\/ghschile.cl\/index.php\/wp-json\/wp\/v2\/types\/page"}],"author":[{"embeddable":true,"href":"https:\/\/ghschile.cl\/index.php\/wp-json\/wp\/v2\/users\/5"}],"replies":[{"embeddable":true,"href":"https:\/\/ghschile.cl\/index.php\/wp-json\/wp\/v2\/comments?post=1736"}],"version-history":[{"count":16,"href":"https:\/\/ghschile.cl\/index.php\/wp-json\/wp\/v2\/pages\/1736\/revisions"}],"predecessor-version":[{"id":2855,"href":"https:\/\/ghschile.cl\/index.php\/wp-json\/wp\/v2\/pages\/1736\/revisions\/2855"}],"wp:attachment":[{"href":"https:\/\/ghschile.cl\/index.php\/wp-json\/wp\/v2\/media?parent=1736"}],"curies":[{"name":"wp","href":"https:\/\/api.w.org\/{rel}","templated":true}]}}