{"id":172,"date":"2020-08-18T17:09:32","date_gmt":"2020-08-18T17:09:32","guid":{"rendered":"http:\/\/ghschile.cl\/?page_id=172"},"modified":"2025-03-06T14:55:45","modified_gmt":"2025-03-06T14:55:45","slug":"contacto","status":"publish","type":"page","link":"https:\/\/ghschile.cl\/index.php\/contacto\/","title":{"rendered":"Contacto"},"content":{"rendered":"<p>[et_pb_section fb_built=\u00bb1&#8243; admin_label=\u00bbFooter\u00bb _builder_version=\u00bb4.27.0&#8243; background_color=\u00bb#646664&#8243; custom_padding=\u00bb23px|||||\u00bb global_colors_info=\u00bb{}\u00bb][et_pb_row _builder_version=\u00bb4.27.0&#8243; _module_preset=\u00bbdefault\u00bb global_colors_info=\u00bb{}\u00bb][et_pb_column type=\u00bb4_4&#8243; _builder_version=\u00bb4.27.0&#8243; _module_preset=\u00bbdefault\u00bb global_colors_info=\u00bb{}\u00bb][et_pb_divider show_divider=\u00bboff\u00bb _builder_version=\u00bb4.27.0&#8243; _module_preset=\u00bbdefault\u00bb global_colors_info=\u00bb{}\u00bb][\/et_pb_divider][\/et_pb_column][\/et_pb_row][\/et_pb_section][et_pb_section fb_built=\u00bb1&#8243; make_equal=\u00bbon\u00bb use_custom_gutter=\u00bbon\u00bb gutter_width=\u00bb2&#8243; specialty=\u00bbon\u00bb background_color_1=\u00bb#f3f1f2&#8243; background_color_2=\u00bb#f3f1f2&#8243; padding_top_1=\u00bb47px\u00bb padding_right_1=\u00bb35px\u00bb padding_bottom_1=\u00bb47px\u00bb padding_left_1=\u00bb35px\u00bb padding_top_bottom_link_1=\u00bbtrue\u00bb padding_top_bottom_link_2=\u00bbfalse\u00bb padding_left_right_link_1=\u00bbtrue\u00bb padding_left_right_link_2=\u00bbfalse\u00bb padding_1_tablet=\u00bb80px||\u00bb padding_2_tablet=\u00bb|5vw||5vw||true\u00bb padding_1_last_edited=\u00bboff|phone\u00bb padding_2_last_edited=\u00bboff|desktop\u00bb admin_label=\u00bbHeader\u00bb _builder_version=\u00bb4.27.0&#8243; background_color=\u00bb#3a3731&#8243; background_image=\u00bbhttps:\/\/ghschile.cl\/wp-content\/uploads\/2020\/08\/shutterstock_1151072408-scaled.jpg\u00bb parallax=\u00bbon\u00bb inner_width=\u00bb100%\u00bb inner_max_width=\u00bb100%\u00bb custom_margin=\u00bb-157px||||false|false\u00bb custom_padding=\u00bb|5vw|0|0px|false|false\u00bb animation_style=\u00bbfade\u00bb border_width_all=\u00bb5vw\u00bb border_color_all=\u00bb#f3f1f2&#8243; border_width_bottom=\u00bb0vw\u00bb use_custom_width=\u00bbon\u00bb width_unit=\u00bboff\u00bb custom_width_percent=\u00bb100%\u00bb global_colors_info=\u00bb{}\u00bb][et_pb_column type=\u00bb1_2&#8243; _builder_version=\u00bb4.16&#8243; custom_padding=\u00bb|||\u00bb global_colors_info=\u00bb{}\u00bb custom_padding__hover=\u00bb|||\u00bb][et_pb_text _builder_version=\u00bb4.21.0&#8243; text_font=\u00bbWork Sans|600|||||||\u00bb text_line_height=\u00bb2em\u00bb header_font=\u00bbComfortaa|300||on|||||\u00bb header_font_size=\u00bb2vw\u00bb header_line_height=\u00bb1.1em\u00bb header_4_font=\u00bbRaleway|700||on|||||\u00bb header_4_text_color=\u00bb#d94144&#8243; header_4_font_size=\u00bb12px\u00bb header_4_letter_spacing=\u00bb1.5px\u00bb header_4_line_height=\u00bb2em\u00bb custom_margin=\u00bb||0px\u00bb custom_padding=\u00bb||||false|true\u00bb header_font_size_tablet=\u00bb10vw\u00bb header_font_size_phone=\u00bb28px\u00bb header_font_size_last_edited=\u00bbon|phone\u00bb border_color_all=\u00bb#f3f1f2&#8243; locked=\u00bboff\u00bb global_colors_info=\u00bb{}\u00bb]<\/p>\n<h4>SOMOS GHS CHILE<\/h4>\n<h1><\/h1>\n<p>[\/et_pb_text][et_pb_text _builder_version=\u00bb4.21.0&#8243; text_font=\u00bbWork Sans|600|||||||\u00bb text_line_height=\u00bb2em\u00bb header_font=\u00bbComfortaa|300||on|||||\u00bb header_font_size=\u00bb2vw\u00bb header_line_height=\u00bb1.1em\u00bb header_4_font=\u00bb|700||on|||||\u00bb header_4_text_color=\u00bb#d94144&#8243; header_4_font_size=\u00bb12px\u00bb header_4_letter_spacing=\u00bb1.5px\u00bb header_4_line_height=\u00bb2em\u00bb header_5_font=\u00bbRaleway||||||||\u00bb header_5_font_size=\u00bb14px\u00bb header_5_line_height=\u00bb1.8em\u00bb custom_margin=\u00bb||20px|||\u00bb custom_padding=\u00bb||||false|true\u00bb header_font_size_tablet=\u00bb10vw\u00bb header_font_size_phone=\u00bb28px\u00bb header_font_size_last_edited=\u00bbon|phone\u00bb border_color_all=\u00bb#f3f1f2&#8243; locked=\u00bboff\u00bb global_colors_info=\u00bb{}\u00bb]<\/p>\n<h1>CONTACTA CON NOSOTROS<\/h1>\n<h5>\u00bfTienes un proyecto y necesitas asesoramiento o presupuesto? \u00bfEres instalador y necesitas resolver dudas? \u00bfQuieres ser nuestro distribuidor? Ponte en contacto con nosotros y te facilitamos toda la informaci\u00f3n para poder llevar a cabo tu proyecto arquitect\u00f3nico. Te asesoramos t\u00e9cnicamente para garantizar el \u00e9xito de tu proyecto, mostr\u00e1ndote las opciones m\u00e1s vanguardistas completamente personalizables para hacerlas \u00fanicas.<\/h5>\n<p>[\/et_pb_text][et_pb_divider color=\u00bb#d94144&#8243; _builder_version=\u00bb4.16&#8243; transform_translate=\u00bb-80px|0px\u00bb max_width=\u00bb200px\u00bb custom_margin=\u00bb||2px||false|false\u00bb animation_style=\u00bbslide\u00bb animation_direction=\u00bbleft\u00bb locked=\u00bboff\u00bb global_colors_info=\u00bb{}\u00bb][\/et_pb_divider][et_pb_blurb title=\u00bbDistribuidores\u00bb use_icon=\u00bbon\u00bb font_icon=\u00bb&#xe090;||divi||400&#8243; icon_color=\u00bb#474747&#8243; icon_placement=\u00bbleft\u00bb image_icon_width=\u00bb24px\u00bb _builder_version=\u00bb4.27.4&#8243; _module_preset=\u00bbdefault\u00bb custom_margin=\u00bb||18px||false|false\u00bb hover_enabled=\u00bb0&#8243; icon_font_size=\u00bb24px\u00bb global_colors_info=\u00bb{}\u00bb sticky_enabled=\u00bb0&#8243; header_font=\u00bb|700|||||||\u00bb]<\/p>\n<p><span color=\"#000000\"><strong>N\u00e9stor Huinca<\/strong><br \/><\/span><span color=\"#000000\"><a href=\"mailto:nhuinca@ghschile.cl\">nhuinca@ghschile.cl<\/a><br \/><\/span>+569 9450 5698<\/p>\n<p>[\/et_pb_blurb][et_pb_blurb title=\u00bbConstructoras\u00bb use_icon=\u00bbon\u00bb font_icon=\u00bb&#xe090;||divi||400&#8243; icon_color=\u00bb#474747&#8243; icon_placement=\u00bbleft\u00bb image_icon_width=\u00bb24px\u00bb _builder_version=\u00bb4.27.4&#8243; _module_preset=\u00bbdefault\u00bb custom_margin=\u00bb||18px||false|false\u00bb hover_enabled=\u00bb0&#8243; icon_font_size=\u00bb24px\u00bb global_colors_info=\u00bb{}\u00bb sticky_enabled=\u00bb0&#8243; header_font=\u00bb|700|||||||\u00bb]<\/p>\n<p><span color=\"#000000\"><strong>Paola Concha<\/strong><br \/><\/span><span color=\"#000000\"><a href=\"mailto:pconcha@ghschile.cl\">pconcha@ghschile.cl<br \/><\/a><\/span>+569 9450 5698<\/p>\n<p><span color=\"#000000\"><strong>N\u00e9stor Huinca<\/strong><br \/><\/span><span color=\"#000000\"><a href=\"mailto:nhuinca@ghschile.cl\">nhuinca@ghschile.cl<\/a><br \/><\/span>+569 9450 5698<\/p>\n<p>[\/et_pb_blurb][et_pb_blurb title=\u00bbParticulares\u00bb use_icon=\u00bbon\u00bb font_icon=\u00bb&#xe090;||divi||400&#8243; icon_color=\u00bb#474747&#8243; icon_placement=\u00bbleft\u00bb image_icon_width=\u00bb24px\u00bb _builder_version=\u00bb4.27.4&#8243; _module_preset=\u00bbdefault\u00bb custom_margin=\u00bb||18px||false|false\u00bb hover_enabled=\u00bb0&#8243; icon_font_size=\u00bb24px\u00bb global_colors_info=\u00bb{}\u00bb sticky_enabled=\u00bb0&#8243; header_font=\u00bb|700|||||||\u00bb]<\/p>\n<p><span color=\"#000000\"><strong>Isidora Flores<\/strong><br \/><\/span><span color=\"#000000\"><a href=\"mailto:iflores@ghschile.cl\">iflores@ghschile.cl<\/a><br \/><\/span>+569 9519 6791<\/p>\n<p>[\/et_pb_blurb][et_pb_blurb title=\u00bbAdministraci\u00f3n\u00bb use_icon=\u00bbon\u00bb font_icon=\u00bb&#xe090;||divi||400&#8243; icon_color=\u00bb#474747&#8243; icon_placement=\u00bbleft\u00bb image_icon_width=\u00bb24px\u00bb _builder_version=\u00bb4.27.4&#8243; _module_preset=\u00bbdefault\u00bb hover_enabled=\u00bb0&#8243; icon_font_size=\u00bb24px\u00bb global_colors_info=\u00bb{}\u00bb header_font=\u00bb|700|||||||\u00bb sticky_enabled=\u00bb0&#8243;]<\/p>\n<p><strong><span color=\"#000000\">Jessica Tallar<br \/><\/span><\/strong><span color=\"#000000\"><a href=\"mailto:jtallar@ghschile.cl\">jtallar@ghschile.cl<br \/><\/a><\/span>+569 7399 3110<\/p>\n<p>[\/et_pb_blurb][\/et_pb_column][et_pb_column type=\u00bb1_2&#8243; specialty_columns=\u00bb2&#8243; _builder_version=\u00bb4.16&#8243; custom_padding=\u00bb|||\u00bb global_colors_info=\u00bb{}\u00bb custom_padding__hover=\u00bb|||\u00bb][et_pb_row_inner use_custom_gutter=\u00bbon\u00bb _builder_version=\u00bb4.16&#8243; background_color=\u00bb#252b3a\u00bb custom_padding=\u00bb80px|40px|0|40px|false|true\u00bb animation_style=\u00bbslide\u00bb animation_direction=\u00bbbottom\u00bb locked=\u00bboff\u00bb global_colors_info=\u00bb{}\u00bb][et_pb_column_inner saved_specialty_column_type=\u00bb1_2&#8243; _builder_version=\u00bb4.16&#8243; custom_padding=\u00bb|||\u00bb global_colors_info=\u00bb{}\u00bb custom_padding__hover=\u00bb|||\u00bb][et_pb_divider color=\u00bb#e02b20&#8243; _builder_version=\u00bb4.16&#8243; transform_translate=\u00bb-80px|0px\u00bb max_width=\u00bb200px\u00bb locked=\u00bboff\u00bb global_colors_info=\u00bb{}\u00bb][\/et_pb_divider][et_pb_contact_form use_spam_service=\u00bbon\u00bb recaptcha_list=\u00bbghs chile|ghs chile-0&#8243; email=\u00bbjtallar@ghschile.cl, pconcha@ghschile.cl, vargasmarieuge@gmail.com\u00bb title=\u00bbPresupuestos\u00bb custom_message=\u00bbNombre: %%Name%%||et_pb_line_break_holder||||et_pb_line_break_holder||Correo: %%Email%%||et_pb_line_break_holder||||et_pb_line_break_holder||Telefono: %%Phone%%||et_pb_line_break_holder||||et_pb_line_break_holder||Mensaje: %%Message%%||et_pb_line_break_holder||\u00bb success_message=\u00bbGracias pronto lo contactaremos.\u00bb submit_button_text=\u00bbEnviar\u00bb _builder_version=\u00bb4.17.4&#8243; _unique_id=\u00bb7db6d0c2-889d-4918-b236-2e2430a48c7a\u00bb form_field_background_color=\u00bbrgba(255,255,255,0.5)\u00bb form_field_text_color=\u00bb#ffffff\u00bb title_font=\u00bbComfortaa|300||on|||||\u00bb title_text_color=\u00bb#ffffff\u00bb title_font_size=\u00bb24px\u00bb title_letter_spacing=\u00bb4px\u00bb captcha_font=\u00bbComfortaa||||||||\u00bb form_field_font=\u00bbComfortaa|300||on|||||\u00bb form_field_font_size=\u00bb12px\u00bb form_field_letter_spacing=\u00bb2.2px\u00bb custom_button=\u00bbon\u00bb button_text_size=\u00bb14px\u00bb button_text_color=\u00bb#ffffff\u00bb button_bg_color=\u00bb#d94144&#8243; button_border_width=\u00bb6px\u00bb button_border_color=\u00bbrgba(0,0,0,0)\u00bb button_border_radius=\u00bb0px\u00bb button_letter_spacing=\u00bb5px\u00bb button_font=\u00bbComfortaa|300||on|||||\u00bb button_use_icon=\u00bboff\u00bb custom_padding=\u00bb6px||122px||false|true\u00bb animation_style=\u00bbfade\u00bb title_font_size_tablet=\u00bb\u00bb title_font_size_phone=\u00bb18px\u00bb title_font_size_last_edited=\u00bbon|phone\u00bb border_color_all=\u00bbrgba(49,53,64,0.2)\u00bb border_width_bottom=\u00bb1px\u00bb form_background_color=\u00bbrgba(0,0,0,0)\u00bb global_colors_info=\u00bb{}\u00bb button_bg_color__hover_enabled=\u00bbon|hover\u00bb button_bg_color__hover=\u00bb#ea4646&#8243;][et_pb_contact_field field_id=\u00bbName\u00bb field_title=\u00bbNombre \u00bb fullwidth_field=\u00bbon\u00bb _builder_version=\u00bb4.16&#8243; form_field_font=\u00bbComfortaa|600||on|||||\u00bb custom_margin=\u00bb|||||false\u00bb custom_padding=\u00bb|||||false\u00bb global_colors_info=\u00bb{}\u00bb button_text_size__hover_enabled=\u00bboff\u00bb button_one_text_size__hover_enabled=\u00bboff\u00bb button_two_text_size__hover_enabled=\u00bboff\u00bb button_text_color__hover_enabled=\u00bboff\u00bb button_one_text_color__hover_enabled=\u00bboff\u00bb button_two_text_color__hover_enabled=\u00bboff\u00bb button_border_width__hover_enabled=\u00bboff\u00bb button_one_border_width__hover_enabled=\u00bboff\u00bb button_two_border_width__hover_enabled=\u00bboff\u00bb button_border_color__hover_enabled=\u00bboff\u00bb button_one_border_color__hover_enabled=\u00bboff\u00bb button_two_border_color__hover_enabled=\u00bboff\u00bb button_border_radius__hover_enabled=\u00bboff\u00bb button_one_border_radius__hover_enabled=\u00bboff\u00bb button_two_border_radius__hover_enabled=\u00bboff\u00bb button_letter_spacing__hover_enabled=\u00bboff\u00bb button_one_letter_spacing__hover_enabled=\u00bboff\u00bb button_two_letter_spacing__hover_enabled=\u00bboff\u00bb button_bg_color__hover_enabled=\u00bboff\u00bb button_one_bg_color__hover_enabled=\u00bboff\u00bb button_two_bg_color__hover_enabled=\u00bboff\u00bb][\/et_pb_contact_field][et_pb_contact_field field_id=\u00bbEmail\u00bb field_title=\u00bbCorreo\u00bb field_type=\u00bbemail\u00bb fullwidth_field=\u00bbon\u00bb _builder_version=\u00bb4.16&#8243; custom_margin=\u00bb||\u00bb global_colors_info=\u00bb{}\u00bb button_text_size__hover_enabled=\u00bboff\u00bb button_one_text_size__hover_enabled=\u00bboff\u00bb button_two_text_size__hover_enabled=\u00bboff\u00bb button_text_color__hover_enabled=\u00bboff\u00bb button_one_text_color__hover_enabled=\u00bboff\u00bb button_two_text_color__hover_enabled=\u00bboff\u00bb button_border_width__hover_enabled=\u00bboff\u00bb button_one_border_width__hover_enabled=\u00bboff\u00bb button_two_border_width__hover_enabled=\u00bboff\u00bb button_border_color__hover_enabled=\u00bboff\u00bb button_one_border_color__hover_enabled=\u00bboff\u00bb button_two_border_color__hover_enabled=\u00bboff\u00bb button_border_radius__hover_enabled=\u00bboff\u00bb button_one_border_radius__hover_enabled=\u00bboff\u00bb button_two_border_radius__hover_enabled=\u00bboff\u00bb button_letter_spacing__hover_enabled=\u00bboff\u00bb button_one_letter_spacing__hover_enabled=\u00bboff\u00bb button_two_letter_spacing__hover_enabled=\u00bboff\u00bb button_bg_color__hover_enabled=\u00bboff\u00bb button_one_bg_color__hover_enabled=\u00bboff\u00bb button_two_bg_color__hover_enabled=\u00bboff\u00bb][\/et_pb_contact_field][et_pb_contact_field field_id=\u00bbPhone\u00bb field_title=\u00bbTel\u00e9fono\u00bb fullwidth_field=\u00bbon\u00bb _builder_version=\u00bb4.16&#8243; custom_margin=\u00bb||\u00bb global_colors_info=\u00bb{}\u00bb button_text_size__hover_enabled=\u00bboff\u00bb button_one_text_size__hover_enabled=\u00bboff\u00bb button_two_text_size__hover_enabled=\u00bboff\u00bb button_text_color__hover_enabled=\u00bboff\u00bb button_one_text_color__hover_enabled=\u00bboff\u00bb button_two_text_color__hover_enabled=\u00bboff\u00bb button_border_width__hover_enabled=\u00bboff\u00bb button_one_border_width__hover_enabled=\u00bboff\u00bb button_two_border_width__hover_enabled=\u00bboff\u00bb button_border_color__hover_enabled=\u00bboff\u00bb button_one_border_color__hover_enabled=\u00bboff\u00bb button_two_border_color__hover_enabled=\u00bboff\u00bb button_border_radius__hover_enabled=\u00bboff\u00bb button_one_border_radius__hover_enabled=\u00bboff\u00bb button_two_border_radius__hover_enabled=\u00bboff\u00bb button_letter_spacing__hover_enabled=\u00bboff\u00bb button_one_letter_spacing__hover_enabled=\u00bboff\u00bb button_two_letter_spacing__hover_enabled=\u00bboff\u00bb button_bg_color__hover_enabled=\u00bboff\u00bb button_one_bg_color__hover_enabled=\u00bboff\u00bb button_two_bg_color__hover_enabled=\u00bboff\u00bb][\/et_pb_contact_field][et_pb_contact_field field_id=\u00bbMessage\u00bb field_title=\u00bbMensaje\u00bb field_type=\u00bbtext\u00bb fullwidth_field=\u00bbon\u00bb _builder_version=\u00bb4.16&#8243; custom_margin=\u00bb||40px\u00bb global_colors_info=\u00bb{}\u00bb button_text_size__hover_enabled=\u00bboff\u00bb button_one_text_size__hover_enabled=\u00bboff\u00bb button_two_text_size__hover_enabled=\u00bboff\u00bb button_text_color__hover_enabled=\u00bboff\u00bb button_one_text_color__hover_enabled=\u00bboff\u00bb button_two_text_color__hover_enabled=\u00bboff\u00bb button_border_width__hover_enabled=\u00bboff\u00bb button_one_border_width__hover_enabled=\u00bboff\u00bb button_two_border_width__hover_enabled=\u00bboff\u00bb button_border_color__hover_enabled=\u00bboff\u00bb button_one_border_color__hover_enabled=\u00bboff\u00bb button_two_border_color__hover_enabled=\u00bboff\u00bb button_border_radius__hover_enabled=\u00bboff\u00bb button_one_border_radius__hover_enabled=\u00bboff\u00bb button_two_border_radius__hover_enabled=\u00bboff\u00bb button_letter_spacing__hover_enabled=\u00bboff\u00bb button_one_letter_spacing__hover_enabled=\u00bboff\u00bb button_two_letter_spacing__hover_enabled=\u00bboff\u00bb button_bg_color__hover_enabled=\u00bboff\u00bb button_one_bg_color__hover_enabled=\u00bboff\u00bb button_two_bg_color__hover_enabled=\u00bboff\u00bb][\/et_pb_contact_field][\/et_pb_contact_form][\/et_pb_column_inner][\/et_pb_row_inner][\/et_pb_column][\/et_pb_section][et_pb_section fb_built=\u00bb1&#8243; admin_label=\u00bbFooter\u00bb _builder_version=\u00bb4.16&#8243; background_color=\u00bb#f3f1f2&#8243; custom_padding=\u00bb23px|||||\u00bb global_colors_info=\u00bb{}\u00bb][et_pb_row column_structure=\u00bb1_2,1_2&#8243; _builder_version=\u00bb4.16&#8243; custom_padding=\u00bb||17px|||\u00bb locked=\u00bboff\u00bb global_colors_info=\u00bb{}\u00bb][et_pb_column type=\u00bb1_2&#8243; _builder_version=\u00bb4.16&#8243; custom_padding=\u00bb|||\u00bb global_colors_info=\u00bb{}\u00bb custom_padding__hover=\u00bb|||\u00bb][et_pb_text _builder_version=\u00bb4.16&#8243; text_font=\u00bbWork Sans|600|||||||\u00bb text_line_height=\u00bb2em\u00bb header_font=\u00bb||||||||\u00bb header_2_font=\u00bbComfortaa|300||on|||||\u00bb header_2_font_size=\u00bb2vw\u00bb header_2_letter_spacing=\u00bb4px\u00bb header_2_line_height=\u00bb1.2em\u00bb header_3_font=\u00bbRaleway|700||on|||||\u00bb header_3_font_size=\u00bb12px\u00bb header_3_letter_spacing=\u00bb1.5px\u00bb header_3_line_height=\u00bb2em\u00bb header_4_font=\u00bb||||||||\u00bb header_2_font_size_tablet=\u00bb5vw\u00bb header_2_font_size_phone=\u00bb24px\u00bb header_2_font_size_last_edited=\u00bbon|phone\u00bb border_color_all=\u00bb#f3f1f2&#8243; locked=\u00bboff\u00bb global_colors_info=\u00bb{}\u00bb]<\/p>\n<h2 style=\"text-align: right;\">siganos en<\/h2>\n<p>[\/et_pb_text][et_pb_divider color=\u00bb#d94144&#8243; _builder_version=\u00bb4.16&#8243; custom_margin=\u00bb10px|||-1000px\u00bb locked=\u00bboff\u00bb global_colors_info=\u00bb{}\u00bb][\/et_pb_divider][\/et_pb_column][et_pb_column type=\u00bb1_2&#8243; _builder_version=\u00bb4.16&#8243; custom_padding=\u00bb|||\u00bb global_colors_info=\u00bb{}\u00bb custom_padding__hover=\u00bb|||\u00bb][et_pb_social_media_follow _builder_version=\u00bb4.16&#8243; transform_translate=\u00bb-10px|0px\u00bb filter_invert=\u00bb100%\u00bb global_colors_info=\u00bb{}\u00bb][et_pb_social_media_follow_network social_network=\u00bbfacebook\u00bb url=\u00bbhttps:\/\/www.facebook.com\/ghschile\/\u00bb _builder_version=\u00bb4.16&#8243; background_color=\u00bbrgba(0,0,0,0)\u00bb custom_margin=\u00bb|10px||10px||true\u00bb global_colors_info=\u00bb{}\u00bb follow_button=\u00bboff\u00bb url_new_window=\u00bbon\u00bb]facebook[\/et_pb_social_media_follow_network][et_pb_social_media_follow_network social_network=\u00bbinstagram\u00bb url=\u00bbhttps:\/\/www.instagram.com\/ghschile\/\u00bb _builder_version=\u00bb4.16&#8243; background_color=\u00bbrgba(0,0,0,0)\u00bb custom_margin=\u00bb|10px||10px||true\u00bb global_colors_info=\u00bb{}\u00bb follow_button=\u00bboff\u00bb url_new_window=\u00bbon\u00bb]instagram[\/et_pb_social_media_follow_network][\/et_pb_social_media_follow][\/et_pb_column][\/et_pb_row][\/et_pb_section]<\/p>\n","protected":false},"excerpt":{"rendered":"<p>SOMOS GHS CHILE CONTACTA CON NOSOTROS \u00bfTienes un proyecto y necesitas asesoramiento o presupuesto? \u00bfEres instalador y necesitas resolver dudas? \u00bfQuieres ser nuestro distribuidor? Ponte en contacto con nosotros y te facilitamos toda la informaci\u00f3n para poder llevar a cabo tu proyecto arquitect\u00f3nico. Te asesoramos t\u00e9cnicamente para garantizar el \u00e9xito de tu proyecto, mostr\u00e1ndote las [&hellip;]<\/p>\n","protected":false},"author":5,"featured_media":0,"parent":0,"menu_order":0,"comment_status":"closed","ping_status":"closed","template":"","meta":{"_et_pb_use_builder":"on","_et_pb_old_content":"","_et_gb_content_width":"","footnotes":""},"class_list":["post-172","page","type-page","status-publish","hentry"],"yoast_head":"<!-- This site is optimized with the Yoast SEO plugin v27.0 - https:\/\/yoast.com\/product\/yoast-seo-wordpress\/ -->\n<title>Contacto - ghschile.cl<\/title>\n<meta name=\"robots\" content=\"index, follow, max-snippet:-1, max-image-preview:large, max-video-preview:-1\" \/>\n<link rel=\"canonical\" href=\"https:\/\/ghschile.cl\/index.php\/contacto\/\" \/>\n<meta property=\"og:locale\" content=\"es_ES\" \/>\n<meta property=\"og:type\" content=\"article\" \/>\n<meta property=\"og:title\" content=\"Contacto - ghschile.cl\" \/>\n<meta property=\"og:description\" content=\"SOMOS GHS CHILE CONTACTA CON NOSOTROS \u00bfTienes un proyecto y necesitas asesoramiento o presupuesto? \u00bfEres instalador y necesitas resolver dudas? \u00bfQuieres ser nuestro distribuidor? Ponte en contacto con nosotros y te facilitamos toda la informaci\u00f3n para poder llevar a cabo tu proyecto arquitect\u00f3nico. Te asesoramos t\u00e9cnicamente para garantizar el \u00e9xito de tu proyecto, mostr\u00e1ndote las [&hellip;]\" \/>\n<meta property=\"og:url\" content=\"https:\/\/ghschile.cl\/index.php\/contacto\/\" \/>\n<meta property=\"og:site_name\" content=\"GHS CHILE\" \/>\n<meta property=\"article:modified_time\" content=\"2025-03-06T14:55:45+00:00\" \/>\n<meta name=\"twitter:card\" content=\"summary_large_image\" \/>\n<meta name=\"twitter:label1\" content=\"Tiempo de lectura\" \/>\n\t<meta name=\"twitter:data1\" content=\"10 minutos\" \/>\n<script type=\"application\/ld+json\" class=\"yoast-schema-graph\">{\"@context\":\"https:\/\/schema.org\",\"@graph\":[{\"@type\":\"WebPage\",\"@id\":\"https:\/\/ghschile.cl\/index.php\/contacto\/\",\"url\":\"https:\/\/ghschile.cl\/index.php\/contacto\/\",\"name\":\"Contacto - ghschile.cl\",\"isPartOf\":{\"@id\":\"https:\/\/ghschile.cl\/#website\"},\"datePublished\":\"2020-08-18T17:09:32+00:00\",\"dateModified\":\"2025-03-06T14:55:45+00:00\",\"breadcrumb\":{\"@id\":\"https:\/\/ghschile.cl\/index.php\/contacto\/#breadcrumb\"},\"inLanguage\":\"es\",\"potentialAction\":[{\"@type\":\"ReadAction\",\"target\":[\"https:\/\/ghschile.cl\/index.php\/contacto\/\"]}]},{\"@type\":\"BreadcrumbList\",\"@id\":\"https:\/\/ghschile.cl\/index.php\/contacto\/#breadcrumb\",\"itemListElement\":[{\"@type\":\"ListItem\",\"position\":1,\"name\":\"Portada\",\"item\":\"https:\/\/ghschile.cl\/\"},{\"@type\":\"ListItem\",\"position\":2,\"name\":\"Contacto\"}]},{\"@type\":\"WebSite\",\"@id\":\"https:\/\/ghschile.cl\/#website\",\"url\":\"https:\/\/ghschile.cl\/\",\"name\":\"GHS CHILE\",\"description\":\"Techos y Revestimientos\",\"publisher\":{\"@id\":\"https:\/\/ghschile.cl\/#organization\"},\"potentialAction\":[{\"@type\":\"SearchAction\",\"target\":{\"@type\":\"EntryPoint\",\"urlTemplate\":\"https:\/\/ghschile.cl\/?s={search_term_string}\"},\"query-input\":{\"@type\":\"PropertyValueSpecification\",\"valueRequired\":true,\"valueName\":\"search_term_string\"}}],\"inLanguage\":\"es\"},{\"@type\":\"Organization\",\"@id\":\"https:\/\/ghschile.cl\/#organization\",\"name\":\"GHS CHILE\",\"alternateName\":\"GHSCHILE techos\",\"url\":\"https:\/\/ghschile.cl\/\",\"logo\":{\"@type\":\"ImageObject\",\"inLanguage\":\"es\",\"@id\":\"https:\/\/ghschile.cl\/#\/schema\/logo\/image\/\",\"url\":\"https:\/\/ghschile.cl\/wp-content\/uploads\/2022\/06\/logo-ghs.png\",\"contentUrl\":\"https:\/\/ghschile.cl\/wp-content\/uploads\/2022\/06\/logo-ghs.png\",\"width\":500,\"height\":500,\"caption\":\"GHS CHILE\"},\"image\":{\"@id\":\"https:\/\/ghschile.cl\/#\/schema\/logo\/image\/\"}}]}<\/script>\n<!-- \/ Yoast SEO plugin. -->","yoast_head_json":{"title":"Contacto - ghschile.cl","robots":{"index":"index","follow":"follow","max-snippet":"max-snippet:-1","max-image-preview":"max-image-preview:large","max-video-preview":"max-video-preview:-1"},"canonical":"https:\/\/ghschile.cl\/index.php\/contacto\/","og_locale":"es_ES","og_type":"article","og_title":"Contacto - ghschile.cl","og_description":"SOMOS GHS CHILE CONTACTA CON NOSOTROS \u00bfTienes un proyecto y necesitas asesoramiento o presupuesto? \u00bfEres instalador y necesitas resolver dudas? \u00bfQuieres ser nuestro distribuidor? Ponte en contacto con nosotros y te facilitamos toda la informaci\u00f3n para poder llevar a cabo tu proyecto arquitect\u00f3nico. Te asesoramos t\u00e9cnicamente para garantizar el \u00e9xito de tu proyecto, mostr\u00e1ndote las [&hellip;]","og_url":"https:\/\/ghschile.cl\/index.php\/contacto\/","og_site_name":"GHS CHILE","article_modified_time":"2025-03-06T14:55:45+00:00","twitter_card":"summary_large_image","twitter_misc":{"Tiempo de lectura":"10 minutos"},"schema":{"@context":"https:\/\/schema.org","@graph":[{"@type":"WebPage","@id":"https:\/\/ghschile.cl\/index.php\/contacto\/","url":"https:\/\/ghschile.cl\/index.php\/contacto\/","name":"Contacto - ghschile.cl","isPartOf":{"@id":"https:\/\/ghschile.cl\/#website"},"datePublished":"2020-08-18T17:09:32+00:00","dateModified":"2025-03-06T14:55:45+00:00","breadcrumb":{"@id":"https:\/\/ghschile.cl\/index.php\/contacto\/#breadcrumb"},"inLanguage":"es","potentialAction":[{"@type":"ReadAction","target":["https:\/\/ghschile.cl\/index.php\/contacto\/"]}]},{"@type":"BreadcrumbList","@id":"https:\/\/ghschile.cl\/index.php\/contacto\/#breadcrumb","itemListElement":[{"@type":"ListItem","position":1,"name":"Portada","item":"https:\/\/ghschile.cl\/"},{"@type":"ListItem","position":2,"name":"Contacto"}]},{"@type":"WebSite","@id":"https:\/\/ghschile.cl\/#website","url":"https:\/\/ghschile.cl\/","name":"GHS CHILE","description":"Techos y Revestimientos","publisher":{"@id":"https:\/\/ghschile.cl\/#organization"},"potentialAction":[{"@type":"SearchAction","target":{"@type":"EntryPoint","urlTemplate":"https:\/\/ghschile.cl\/?s={search_term_string}"},"query-input":{"@type":"PropertyValueSpecification","valueRequired":true,"valueName":"search_term_string"}}],"inLanguage":"es"},{"@type":"Organization","@id":"https:\/\/ghschile.cl\/#organization","name":"GHS CHILE","alternateName":"GHSCHILE techos","url":"https:\/\/ghschile.cl\/","logo":{"@type":"ImageObject","inLanguage":"es","@id":"https:\/\/ghschile.cl\/#\/schema\/logo\/image\/","url":"https:\/\/ghschile.cl\/wp-content\/uploads\/2022\/06\/logo-ghs.png","contentUrl":"https:\/\/ghschile.cl\/wp-content\/uploads\/2022\/06\/logo-ghs.png","width":500,"height":500,"caption":"GHS CHILE"},"image":{"@id":"https:\/\/ghschile.cl\/#\/schema\/logo\/image\/"}}]}},"_links":{"self":[{"href":"https:\/\/ghschile.cl\/index.php\/wp-json\/wp\/v2\/pages\/172","targetHints":{"allow":["GET"]}}],"collection":[{"href":"https:\/\/ghschile.cl\/index.php\/wp-json\/wp\/v2\/pages"}],"about":[{"href":"https:\/\/ghschile.cl\/index.php\/wp-json\/wp\/v2\/types\/page"}],"author":[{"embeddable":true,"href":"https:\/\/ghschile.cl\/index.php\/wp-json\/wp\/v2\/users\/5"}],"replies":[{"embeddable":true,"href":"https:\/\/ghschile.cl\/index.php\/wp-json\/wp\/v2\/comments?post=172"}],"version-history":[{"count":33,"href":"https:\/\/ghschile.cl\/index.php\/wp-json\/wp\/v2\/pages\/172\/revisions"}],"predecessor-version":[{"id":3641,"href":"https:\/\/ghschile.cl\/index.php\/wp-json\/wp\/v2\/pages\/172\/revisions\/3641"}],"wp:attachment":[{"href":"https:\/\/ghschile.cl\/index.php\/wp-json\/wp\/v2\/media?parent=172"}],"curies":[{"name":"wp","href":"https:\/\/api.w.org\/{rel}","templated":true}]}}